{"id":3145238,"date":"2026-04-17T12:33:44","date_gmt":"2026-04-17T10:33:44","guid":{"rendered":"https:\/\/eu.tilta.com\/shop\/power-bank-portatil-para-dji-osmo-pocket-4-negro\/"},"modified":"2026-04-17T12:33:44","modified_gmt":"2026-04-17T10:33:44","slug":"portable-power-bank-for-dji-osmo-pocket-4-black","status":"publish","type":"product","link":"https:\/\/eu.tilta.com\/es\/shop\/portable-power-bank-for-dji-osmo-pocket-4-black\/","title":{"rendered":"Power Bank port\u00e1til para DJI Osmo Pocket 4 &#8211; Negro"},"content":{"rendered":"<p>Presentamos la bater\u00eda port\u00e1til Tilta para la DJI Osmo Pocket 4: una bater\u00eda de 5.000 mAh dise\u00f1ada para integrarse directamente con la Pocket 4 como una extensi\u00f3n de empu\u00f1adura sin fisuras, que te permite cargarla mientras disparas, para que nunca tengas que parar para cambiar la bater\u00eda.<\/p>\n<p>En lugar de estar en tu bolsa, se acopla directamente a la parte inferior de la Pocket 4, funcionando como una extensi\u00f3n de agarre natural que carga la c\u00e1mara continuamente durante su uso. Cuando la bater\u00eda no est\u00e1 conectada a la c\u00e1mara, la tapa protectora incluida cubre el conector USB-C expuesto en la parte superior, manteni\u00e9ndolo enrasado, limpio y protegido del polvo y los da\u00f1os.<\/p>\n<p>El Mini Tr\u00edpode de Sobremesa incluido se despliega con un solo toque, convirtiendo instant\u00e1neamente tu Pocket 4 en un modo de disparo estable de sobremesa, lo suficientemente compacto como para llevarlo a cualquier parte y tambi\u00e9n compatible con la Pocket 3.<\/p>\n","protected":false},"excerpt":{"rendered":"<p>Presentamos la bater\u00eda port\u00e1til Tilta para la DJI Osmo Pocket 4: una bater\u00eda de 5.000 mAh dise\u00f1ada para integrarse directamente con la Pocket 4 como una extensi\u00f3n de empu\u00f1adura sin fisuras, que te permite cargarla mientras disparas, para que nunca [&hellip;]<\/p>\n","protected":false},"featured_media":3145205,"comment_status":"open","ping_status":"closed","template":"","meta":[],"product_cat":[4513],"product_tag":[],"acf":[],"gallery_images":[3145210,3145215],"_links":{"self":[{"href":"https:\/\/eu.tilta.com\/es\/wp-json\/wp\/v2\/product\/3145238"}],"collection":[{"href":"https:\/\/eu.tilta.com\/es\/wp-json\/wp\/v2\/product"}],"about":[{"href":"https:\/\/eu.tilta.com\/es\/wp-json\/wp\/v2\/types\/product"}],"replies":[{"embeddable":true,"href":"https:\/\/eu.tilta.com\/es\/wp-json\/wp\/v2\/comments?post=3145238"}],"wp:featuredmedia":[{"embeddable":true,"href":"https:\/\/eu.tilta.com\/es\/wp-json\/wp\/v2\/media\/3145205"}],"wp:attachment":[{"href":"https:\/\/eu.tilta.com\/es\/wp-json\/wp\/v2\/media?parent=3145238"}],"wp:term":[{"taxonomy":"product_cat","embeddable":true,"href":"https:\/\/eu.tilta.com\/es\/wp-json\/wp\/v2\/product_cat?post=3145238"},{"taxonomy":"product_tag","embeddable":true,"href":"https:\/\/eu.tilta.com\/es\/wp-json\/wp\/v2\/product_tag?post=3145238"}],"curies":[{"name":"wp","href":"https:\/\/api.w.org\/{rel}","templated":true}]}}