{"id":3145239,"date":"2026-04-17T12:37:41","date_gmt":"2026-04-17T10:37:41","guid":{"rendered":"https:\/\/eu.tilta.com\/shop\/ventosa-electronica-con-soporte-de-cola-de-milano-45%e2%80%b3\/"},"modified":"2026-04-17T12:37:41","modified_gmt":"2026-04-17T10:37:41","slug":"electronic-suction-cup-with-dovetail-mount-4-5%e2%80%b3","status":"publish","type":"product","link":"https:\/\/eu.tilta.com\/es\/shop\/electronic-suction-cup-with-dovetail-mount-4-5%e2%80%b3\/","title":{"rendered":"Ventosa electr\u00f3nica con soporte de cola de milano (4,5\u2033)"},"content":{"rendered":"<p>TILTA no se hace responsable de los da\u00f1os, lesiones o responsabilidades legales causados directa o indirectamente por el uso de este producto. Al utilizar este producto, se considera que aceptas todos los t\u00e9rminos del Manual del usuario, que puedes encontrar <a href=\"https:\/\/cdn.tilta.com\/wp-content\/uploads\/2024\/05\/29091546\/4.5%E5%AF%B8%E7%94%B5%E5%8A%A8%E5%90%B8%E7%9B%98%E2%80%94%E2%80%94%E4%B8%AD%E8%8B%B1%E8%AF%B4%E6%98%8E%E4%B9%A6%EF%BC%88%E5%AE%98%E7%BD%91%E7%89%88%EF%BC%89%E8%BD%AC%E6%9B%B2.pdf\">AQU\u00cd<\/a><\/p>\n<p>Presentamos la ventosa electr\u00f3nica Hydra con montaje de cola de milano.<\/p>\n<p>Estas ventosas de nueva generaci\u00f3n incorporan una detecci\u00f3n de la presi\u00f3n del aire que controla 1.000 veces por segundo para reconocer y mostrar la informaci\u00f3n de estado en una pantalla electr\u00f3nica. Cuando el sistema detecta una p\u00e9rdida de presi\u00f3n, el motor bombea aire adicional autom\u00e1ticamente para evitar que se desprendan las ventosas.<\/p>\n<p>Este motor integrado de alto rendimiento se alimenta a trav\u00e9s de una bater\u00eda interna y completa la succi\u00f3n electr\u00f3nica en *5 segundos, lo que aumenta enormemente la velocidad a la que se pueden fijar estas ventosas.<\/p>\n<p>Esta bater\u00eda de 2000 mAh puede funcionar durante m\u00e1s de 14 horas seguidas en condiciones normales. La bater\u00eda tambi\u00e9n admite una entrada de alimentaci\u00f3n externa USB-C de 5 V\/1 A, lo que permite disparar sin interrupciones durante a\u00fan m\u00e1s tiempo mediante fuentes de alimentaci\u00f3n adicionales.<\/p>\n<p>La estructura mec\u00e1nica de la ventosa se ha mejorado con una estructura optimizada que presenta un nuevo dise\u00f1o compartimentado. Esto aumenta el \u00e1rea de contacto en un 20% en comparaci\u00f3n con las ventosas est\u00e1ndar, para mayor estabilidad y fiabilidad.<\/p>\n<p>El dise\u00f1o modular permite utilizar varias placas de montaje, lo que facilita el uso de estas ventosas con distintos sistemas de soporte. El soporte incluido es compatible con las placas de cola de milano incluidas en el sistema de montaje para coche Hydra Alien Pro.<\/p>\n<p>Otras opciones de montaje opcionales incluyen la compatibilidad con la rosca M25 de la Hydra Alien, la OTAN, as\u00ed como una opci\u00f3n de montaje m\u00faltiple universal para cubrir una amplia gama de escenarios.<\/p>\n<p>Nota: Antes de usarla, limpia la superficie prevista y aseg\u00farate de que la ventosa est\u00e1 bien adherida a la superficie. Una peque\u00f1a cantidad de humedad puede ayudar a mejorar el sellado y aumentar la fuerza de succi\u00f3n. Cuando utilices la ventosa sobre una superficie mojada, el orificio de escape\/descarga de l\u00edquido expulsar\u00e1 l\u00edquido, lo cual es normal.<\/p>\n<p>AVISO DE SEGURIDAD DE LA VENTOSA ELECTR\u00d3NICA:<\/p>\n<p>La Ventosa Electr\u00f3nica, como otras ventosas, puede dejar marcas en diversas superficies. Se recomienda tomar precauciones, como utilizar una pel\u00edcula protectora u otros materiales para proteger la superficie utilizada. Utilizar estas ventosas bajo la luz directa del sol o en ambientes m\u00e1s calurosos puede aumentar la probabilidad de dejar una marca. No se recomienda utilizar estas ventosas con veh\u00edculos envueltos.<\/p>\n<p>Se recomienda utilizar esta ventosa sobre una superficie plana con el peso del brazo equilibrado sobre el centro de la ventosa. Extender el brazo m\u00e1s all\u00e1 de la ventosa o montar lateralmente la ventosa puede aumentar el riesgo de fallo. En estas situaciones, recomendamos tomar precauciones adicionales, como asegurar a\u00fan m\u00e1s el sistema con correas de trinquete o cadenas de seguridad.<\/p>\n<p>Independientemente de las medidas de seguridad adicionales, siempre recomendamos empujar hacia abajo la ventosa al fijarla por primera vez a cualquier superficie. La ventosa debe quedar lo m\u00e1s plana posible contra la superficie y debe parecer notablemente m\u00e1s plana que cuando no est\u00e1 fijada. Colocar la ventosa sin aplicar fuerza f\u00edsica sobre ella puede aumentar mucho la posibilidad de desconexi\u00f3n accidental.<\/p>\n","protected":false},"excerpt":{"rendered":"<p>TILTA no se hace responsable de los da\u00f1os, lesiones o responsabilidades legales causados directa o indirectamente por el uso de este producto. Al utilizar este producto, se considera que aceptas todos los t\u00e9rminos del Manual del usuario, que puedes encontrar [&hellip;]<\/p>\n","protected":false},"featured_media":3145220,"comment_status":"open","ping_status":"closed","template":"","meta":[],"product_cat":[2718],"product_tag":[],"acf":[],"gallery_images":[3145230,3145225],"_links":{"self":[{"href":"https:\/\/eu.tilta.com\/es\/wp-json\/wp\/v2\/product\/3145239"}],"collection":[{"href":"https:\/\/eu.tilta.com\/es\/wp-json\/wp\/v2\/product"}],"about":[{"href":"https:\/\/eu.tilta.com\/es\/wp-json\/wp\/v2\/types\/product"}],"replies":[{"embeddable":true,"href":"https:\/\/eu.tilta.com\/es\/wp-json\/wp\/v2\/comments?post=3145239"}],"wp:featuredmedia":[{"embeddable":true,"href":"https:\/\/eu.tilta.com\/es\/wp-json\/wp\/v2\/media\/3145220"}],"wp:attachment":[{"href":"https:\/\/eu.tilta.com\/es\/wp-json\/wp\/v2\/media?parent=3145239"}],"wp:term":[{"taxonomy":"product_cat","embeddable":true,"href":"https:\/\/eu.tilta.com\/es\/wp-json\/wp\/v2\/product_cat?post=3145239"},{"taxonomy":"product_tag","embeddable":true,"href":"https:\/\/eu.tilta.com\/es\/wp-json\/wp\/v2\/product_tag?post=3145239"}],"curies":[{"name":"wp","href":"https:\/\/api.w.org\/{rel}","templated":true}]}}