{"id":3145259,"date":"2026-04-17T12:07:33","date_gmt":"2026-04-17T10:07:33","guid":{"rendered":"https:\/\/eu.tilta.com\/shop\/expansor-de-almacenamiento-de-filtros-tilta-para-dji-osmo-pocket-3-4-negro\/"},"modified":"2026-04-17T12:07:33","modified_gmt":"2026-04-17T10:07:33","slug":"tilta-filter-storage-expander-for-dji-osmo-pocket-3-4-black","status":"publish","type":"product","link":"https:\/\/eu.tilta.com\/es\/shop\/tilta-filter-storage-expander-for-dji-osmo-pocket-3-4-black\/","title":{"rendered":"Expansor de almacenamiento de filtros Tilta para DJI Osmo Pocket 3\/4 &#8211; Negro"},"content":{"rendered":"<p>Presentamos el Expansor de almacenamiento de filtros Tilta para DJI Osmo Pocket 3\/4: un accesorio multifuncional que se acopla directamente a tu Pocket 3 o Pocket 4 y transforma la forma de llevar, almacenar e intercambiar tus filtros sobre la marcha.<\/p>\n<p>El Expansor de Almacenamiento de Filtros admite hasta tres filtros simult\u00e1neamente, manteni\u00e9ndolos en la c\u00e1mara y listos para usar en cualquier momento. Un mecanismo giratorio te permite seleccionar el filtro que necesitas al instante, y el dise\u00f1o magn\u00e9tico de la placa posterior garantiza que cada filtro se asiente con seguridad y se desmonte con un solo movimiento para cambiarlos r\u00e1pidamente y sin esfuerzo.<\/p>\n<p>Las patas ocultas del tr\u00edpode se despliegan con un solo toque, convirtiendo al instante tu Pocket 3\/4 en un estable tr\u00edpode de sobremesa. Cuando no se utilizan, las patas se pliegan y no estorban. La ranura integrada para la correa de mu\u00f1eca te permite colocarla para mayor seguridad al disparar a pulso.<\/p>\n","protected":false},"excerpt":{"rendered":"<p>Presentamos el Expansor de almacenamiento de filtros Tilta para DJI Osmo Pocket 3\/4: un accesorio multifuncional que se acopla directamente a tu Pocket 3 o Pocket 4 y transforma la forma de llevar, almacenar e intercambiar tus filtros sobre la [&hellip;]<\/p>\n","protected":false},"featured_media":3145100,"comment_status":"open","ping_status":"closed","template":"","meta":[],"product_cat":[2974,4513],"product_tag":[],"acf":[],"gallery_images":[3145105,3145110,3145115,3145120,3145125,3145135,3145130],"_links":{"self":[{"href":"https:\/\/eu.tilta.com\/es\/wp-json\/wp\/v2\/product\/3145259"}],"collection":[{"href":"https:\/\/eu.tilta.com\/es\/wp-json\/wp\/v2\/product"}],"about":[{"href":"https:\/\/eu.tilta.com\/es\/wp-json\/wp\/v2\/types\/product"}],"replies":[{"embeddable":true,"href":"https:\/\/eu.tilta.com\/es\/wp-json\/wp\/v2\/comments?post=3145259"}],"wp:featuredmedia":[{"embeddable":true,"href":"https:\/\/eu.tilta.com\/es\/wp-json\/wp\/v2\/media\/3145100"}],"wp:attachment":[{"href":"https:\/\/eu.tilta.com\/es\/wp-json\/wp\/v2\/media?parent=3145259"}],"wp:term":[{"taxonomy":"product_cat","embeddable":true,"href":"https:\/\/eu.tilta.com\/es\/wp-json\/wp\/v2\/product_cat?post=3145259"},{"taxonomy":"product_tag","embeddable":true,"href":"https:\/\/eu.tilta.com\/es\/wp-json\/wp\/v2\/product_tag?post=3145259"}],"curies":[{"name":"wp","href":"https:\/\/api.w.org\/{rel}","templated":true}]}}