{"id":3145264,"date":"2026-04-17T11:54:49","date_gmt":"2026-04-17T09:54:49","guid":{"rendered":"https:\/\/eu.tilta.com\/shop\/accesorios-de-expansion-tilta-para-el-kit-dji-osmo-pocket-4-ultimate\/"},"modified":"2026-04-17T11:54:49","modified_gmt":"2026-04-17T09:54:49","slug":"tilta-expansion-accessories-for-dji-osmo-pocket-4-ultimate-kit","status":"publish","type":"product","link":"https:\/\/eu.tilta.com\/es\/shop\/tilta-expansion-accessories-for-dji-osmo-pocket-4-ultimate-kit\/","title":{"rendered":"Accesorios de expansi\u00f3n Tilta para el kit DJI Osmo Pocket 4 Ultimate"},"content":{"rendered":"<p>Presentamos el Kit Definitivo de Accesorios de Expansi\u00f3n Tilta para DJI Osmo Pocket 4: una colecci\u00f3n de herramientas cuidadosamente ensambladas y dise\u00f1adas para eliminar los compromisos que frenan a los creadores.<\/p>\n<p>El coraz\u00f3n del kit es la bater\u00eda port\u00e1til para DJI Osmo Pocket 4 (TA-T96-PPB-B). En lugar de estar en tu bolsa, esta bater\u00eda de 5.000 mAh se acopla directamente a la Pocket 4, funcionando como una empu\u00f1adura extendida que se integra perfectamente en la empu\u00f1adura de la c\u00e1mara. Carga la c\u00e1mara mientras disparas, lo que te proporciona una mayor autonom\u00eda para que puedas grabar durante todo el d\u00eda, hacer videoblogs de viajes y contenidos de larga duraci\u00f3n sin preocuparte por la bater\u00eda.<\/p>\n<p>El tr\u00edpode Tilta de liberaci\u00f3n r\u00e1pida para selfies (TT-SS-BH-B) est\u00e1 dise\u00f1ado para creadores que se mueven r\u00e1pido. Un gatillo de un solo toque despliega las patas del tr\u00edpode autom\u00e1ticamente: s\u00f3lo tienes que golpearlo sobre cualquier superficie y estar\u00e1s listo para disparar en segundos. Su rango de altura ajustable de 6,5 a 14,4 pulgadas se adapta con facilidad a acciones de \u00e1ngulo bajo, retratos a la altura de los ojos y perspectivas elevadas. La cabeza esf\u00e9rica integrada con 360\u00b0 de giro y 90\u00b0 de inclinaci\u00f3n se bloquea con seguridad en cualquier posici\u00f3n, y una rosca lateral de 1\/4\u2033&#8221;-20 con puntos de fijaci\u00f3n te permite ampliarla con accesorios adicionales. Con un peso de s\u00f3lo 0,41 lb, es tan f\u00e1cil de transportar como de usar.<\/p>\n<p>El kit de montaje magn\u00e9tico de accesorios para DJI Osmo Pocket 3\/4 (TA-T65-MAK-TW) aporta una capacidad de montaje vers\u00e1til a tu Pocket 4. El Expansor de montaje de miniaccesorios incluido envuelve la c\u00e1mara con un dise\u00f1o ajustado y de perfil bajo, que ofrece m\u00faltiples interfaces, como 1\/4\u2033&#8221;-20, zapata fr\u00eda, estilo GoPro y un conector magn\u00e9tico DJI, todo ello manteniendo el acceso total al joystick, los botones y la ranura para tarjetas SD. El soporte de montaje magn\u00e9tico incluido tiene dos puntos de articulaci\u00f3n con 270\u00b0 de inclinaci\u00f3n en el eje superior y 180\u00b0 en el inferior, lo que permite una gama casi ilimitada de posiciones de montaje. El acolchado de silicona de alta densidad protege la c\u00e1mara y mantiene su agarre seguro.<\/p>\n<p>El Tilta Ultimate Filter Kit para DJI Osmo Pocket 3\/4 (TF-OP3-C) completa tu kit de herramientas creativas con seis filtros magn\u00e9ticos de precisi\u00f3n. Los filtros ND 1,5, 1,8 y 2,1 proporcionan un control graduado de la densidad neutra para conseguir un desenfoque de movimiento natural y uniforme con cualquier iluminaci\u00f3n. Los filtros Niebla Negra 1\/4 y 1\/2 suavizan las altas luces y a\u00f1aden una calidad cinematogr\u00e1fica que eleva tu metraje. El Polarizador Circular corta los reflejos, reduce los reflejos no deseados y enriquece los colores para obtener im\u00e1genes fieles a la realidad. Cada filtro cuenta con una conexi\u00f3n magn\u00e9tica para fijarlo sin esfuerzo y un dise\u00f1o estriado de liberaci\u00f3n r\u00e1pida: pellizca para quitarlo y listo.<\/p>\n<p>Todo viaja en la Funda de Transporte Universal para C\u00e1maras de Acci\u00f3n (TA-ACCC-B). Las m\u00faltiples divisiones interiores transparentes mantienen tu c\u00e1mara, la bater\u00eda, el tr\u00edpode, los filtros y los accesorios visibles y organizados de un vistazo. El tejido exterior de alta densidad resistente al agua y la cremallera sellada resistente al agua hacen que tu equipo permanezca protegido tanto si te mueves por una ciudad ajetreada como si disparas a la intemperie.<\/p>\n","protected":false},"excerpt":{"rendered":"<p>Presentamos el Kit Definitivo de Accesorios de Expansi\u00f3n Tilta para DJI Osmo Pocket 4: una colecci\u00f3n de herramientas cuidadosamente ensambladas y dise\u00f1adas para eliminar los compromisos que frenan a los creadores. El coraz\u00f3n del kit es la bater\u00eda port\u00e1til para [&hellip;]<\/p>\n","protected":false},"featured_media":3145071,"comment_status":"open","ping_status":"closed","template":"","meta":[],"product_cat":[4513],"product_tag":[],"acf":[],"gallery_images":[3145076,3145081],"_links":{"self":[{"href":"https:\/\/eu.tilta.com\/es\/wp-json\/wp\/v2\/product\/3145264"}],"collection":[{"href":"https:\/\/eu.tilta.com\/es\/wp-json\/wp\/v2\/product"}],"about":[{"href":"https:\/\/eu.tilta.com\/es\/wp-json\/wp\/v2\/types\/product"}],"replies":[{"embeddable":true,"href":"https:\/\/eu.tilta.com\/es\/wp-json\/wp\/v2\/comments?post=3145264"}],"wp:featuredmedia":[{"embeddable":true,"href":"https:\/\/eu.tilta.com\/es\/wp-json\/wp\/v2\/media\/3145071"}],"wp:attachment":[{"href":"https:\/\/eu.tilta.com\/es\/wp-json\/wp\/v2\/media?parent=3145264"}],"wp:term":[{"taxonomy":"product_cat","embeddable":true,"href":"https:\/\/eu.tilta.com\/es\/wp-json\/wp\/v2\/product_cat?post=3145264"},{"taxonomy":"product_tag","embeddable":true,"href":"https:\/\/eu.tilta.com\/es\/wp-json\/wp\/v2\/product_tag?post=3145264"}],"curies":[{"name":"wp","href":"https:\/\/api.w.org\/{rel}","templated":true}]}}