{"id":3145272,"date":"2026-04-17T11:45:12","date_gmt":"2026-04-17T09:45:12","guid":{"rendered":"https:\/\/eu.tilta.com\/shop\/accesorios-de-expansion-tilta-para-el-kit-de-viaje-dji-osmo-pocket-4\/"},"modified":"2026-04-17T11:45:12","modified_gmt":"2026-04-17T09:45:12","slug":"tilta-expansion-accessories-for-dji-osmo-pocket-4-travel-kit-2","status":"publish","type":"product","link":"https:\/\/eu.tilta.com\/es\/shop\/tilta-expansion-accessories-for-dji-osmo-pocket-4-travel-kit-2\/","title":{"rendered":"Accesorios de expansi\u00f3n Tilta para el kit de viaje DJI Osmo Pocket 4"},"content":{"rendered":"<p>Presentamos el Kit de viaje de accesorios de expansi\u00f3n Tilta para DJI Osmo Pocket 4: pensado para creadores que siempre est\u00e1n en movimiento y nunca quieren renunciar a la protecci\u00f3n ni a la preparaci\u00f3n.<\/p>\n<p>La funda de viaje protectora Tilta con kit de correa para el hombro para DJI Osmo Pocket 4 (TA-T96-PTK-SB) est\u00e1 dise\u00f1ada a medida para alojar y proteger tu Pocket 4. Fabricada con una resistente carcasa de PC y un suave forro interior con acolchado de silicona, mantiene tu c\u00e1mara a salvo de golpes, ca\u00eddas y el desgaste diario. Tres ranuras interiores magn\u00e9ticas te permiten guardar tus filtros directamente dentro de la funda para tenerlos siempre a mano. La correa para el hombro ajustable incluida ofrece opciones de transporte flexibles: ac\u00f3rtala para llevarla c\u00f3modamente al hombro o al\u00e1rgala para llevarla cruzada, manteniendo las manos libres y la c\u00e1mara preparada.<\/p>\n<p>La bater\u00eda port\u00e1til para DJI Osmo Pocket 4 (TA-T96-PPB-B) se acopla directamente a la Pocket 4 como una empu\u00f1adura perfectamente integrada, y proporciona 5.000 mAh de carga directa mientras disparas. Se acabaron las paradas para cambiar las pilas: sigue rodando durante largas jornadas de viaje, sesiones prolongadas y todo lo dem\u00e1s.<\/p>\n<p>El minitr\u00edpode de sobremesa de liberaci\u00f3n r\u00e1pida Tilta (TA-QRMT-B) se despliega con un solo toque, lo que hace que tu Pocket 4 pase instant\u00e1neamente de una configuraci\u00f3n de mano a una de sobremesa estable. Sin tanteos ni configuraciones complicadas: pulsa y dispara. Suficientemente compacto para llevarlo a cualquier parte, y tambi\u00e9n compatible con el Pocket 3.<\/p>\n<p>Todo permanece organizado en la Funda de transporte universal para c\u00e1maras de acci\u00f3n (TA-ACCC-B), con m\u00faltiples divisiones interiores transparentes para mantener la c\u00e1mara, la bater\u00eda, el tr\u00edpode y los accesorios visibles y accesibles de un vistazo. El tejido exterior impermeable de alta densidad y la cremallera impermeable sellada mantienen tu equipo protegido en el campo.<\/p>\n","protected":false},"excerpt":{"rendered":"<p>Presentamos el Kit de viaje de accesorios de expansi\u00f3n Tilta para DJI Osmo Pocket 4: pensado para creadores que siempre est\u00e1n en movimiento y nunca quieren renunciar a la protecci\u00f3n ni a la preparaci\u00f3n. La funda de viaje protectora Tilta [&hellip;]<\/p>\n","protected":false},"featured_media":3145064,"comment_status":"open","ping_status":"closed","template":"","meta":[],"product_cat":[4513],"product_tag":[],"acf":[],"gallery_images":[],"_links":{"self":[{"href":"https:\/\/eu.tilta.com\/es\/wp-json\/wp\/v2\/product\/3145272"}],"collection":[{"href":"https:\/\/eu.tilta.com\/es\/wp-json\/wp\/v2\/product"}],"about":[{"href":"https:\/\/eu.tilta.com\/es\/wp-json\/wp\/v2\/types\/product"}],"replies":[{"embeddable":true,"href":"https:\/\/eu.tilta.com\/es\/wp-json\/wp\/v2\/comments?post=3145272"}],"wp:featuredmedia":[{"embeddable":true,"href":"https:\/\/eu.tilta.com\/es\/wp-json\/wp\/v2\/media\/3145064"}],"wp:attachment":[{"href":"https:\/\/eu.tilta.com\/es\/wp-json\/wp\/v2\/media?parent=3145272"}],"wp:term":[{"taxonomy":"product_cat","embeddable":true,"href":"https:\/\/eu.tilta.com\/es\/wp-json\/wp\/v2\/product_cat?post=3145272"},{"taxonomy":"product_tag","embeddable":true,"href":"https:\/\/eu.tilta.com\/es\/wp-json\/wp\/v2\/product_tag?post=3145272"}],"curies":[{"name":"wp","href":"https:\/\/api.w.org\/{rel}","templated":true}]}}