{"id":3145279,"date":"2026-04-17T11:42:22","date_gmt":"2026-04-17T09:42:22","guid":{"rendered":"https:\/\/eu.tilta.com\/shop\/funda-protectora-de-viaje-tilta-con-kit-de-correa-para-el-hombro-para-dji-osmo-pocket-4\/"},"modified":"2026-04-17T11:42:22","modified_gmt":"2026-04-17T09:42:22","slug":"tilta-protective-travel-case-with-shoulder-strap-kit-for-dji-osmo-pocket-4","status":"publish","type":"product","link":"https:\/\/eu.tilta.com\/es\/shop\/tilta-protective-travel-case-with-shoulder-strap-kit-for-dji-osmo-pocket-4\/","title":{"rendered":"Funda protectora de viaje Tilta con kit de correa para el hombro para DJI Osmo Pocket 4"},"content":{"rendered":"<p>Presentamos la funda de viaje protectora Tilta con correa para el hombro para DJI Osmo Pocket 4: una funda de viaje de silicona de dise\u00f1o personalizado y cobertura total, con una correa ajustable a juego para el hombro, pensada para los creadores que siempre est\u00e1n en movimiento.<\/p>\n<p>Fabricada con una resistente carcasa de silicona y un suave interior acolchado, protege tu Pocket 4 de golpes, ara\u00f1azos y el desgaste diario. La estructura de encaje a presi\u00f3n sin costuras se abre y se cierra suavemente para un acceso r\u00e1pido y f\u00e1cil siempre que lo necesites.<\/p>\n<p>Tres ranuras magn\u00e9ticas incorporadas para guardar los filtros los mantienen organizados y listos para montar en cualquier momento. Un acabado mate evita las huellas dactilares y las manchas de aceite, manteniendo la funda limpia en cada salida.<\/p>\n<p>La correa para el hombro a juego incluida se sujeta firmemente a la funda y se ajusta entre 120 cm y 160 cm, d\u00e1ndote la flexibilidad de llevarla como bandolera o cruzada, manteniendo las manos libres y tu Pocket 4 siempre al alcance de la mano.<\/p>\n<p>Disponible en verde lima, rosa claro y azul cielo.<\/p>\n","protected":false},"excerpt":{"rendered":"<p>Presentamos la funda de viaje protectora Tilta con correa para el hombro para DJI Osmo Pocket 4: una funda de viaje de silicona de dise\u00f1o personalizado y cobertura total, con una correa ajustable a juego para el hombro, pensada para [&hellip;]<\/p>\n","protected":false},"featured_media":3144990,"comment_status":"open","ping_status":"closed","template":"","meta":[],"product_cat":[4513],"product_tag":[],"acf":[],"gallery_images":[],"_links":{"self":[{"href":"https:\/\/eu.tilta.com\/es\/wp-json\/wp\/v2\/product\/3145279"}],"collection":[{"href":"https:\/\/eu.tilta.com\/es\/wp-json\/wp\/v2\/product"}],"about":[{"href":"https:\/\/eu.tilta.com\/es\/wp-json\/wp\/v2\/types\/product"}],"replies":[{"embeddable":true,"href":"https:\/\/eu.tilta.com\/es\/wp-json\/wp\/v2\/comments?post=3145279"}],"wp:featuredmedia":[{"embeddable":true,"href":"https:\/\/eu.tilta.com\/es\/wp-json\/wp\/v2\/media\/3144990"}],"wp:attachment":[{"href":"https:\/\/eu.tilta.com\/es\/wp-json\/wp\/v2\/media?parent=3145279"}],"wp:term":[{"taxonomy":"product_cat","embeddable":true,"href":"https:\/\/eu.tilta.com\/es\/wp-json\/wp\/v2\/product_cat?post=3145279"},{"taxonomy":"product_tag","embeddable":true,"href":"https:\/\/eu.tilta.com\/es\/wp-json\/wp\/v2\/product_tag?post=3145279"}],"curies":[{"name":"wp","href":"https:\/\/api.w.org\/{rel}","templated":true}]}}