{"id":3145288,"date":"2026-04-17T11:34:32","date_gmt":"2026-04-17T09:34:32","guid":{"rendered":"https:\/\/eu.tilta.com\/shop\/accesorios-de-expansion-tilta-para-el-kit-ligero-dji-osmo-pocket-4\/"},"modified":"2026-04-17T11:34:32","modified_gmt":"2026-04-17T09:34:32","slug":"tilta-expansion-accessories-for-dji-osmo-pocket-4-lightweight-kit","status":"publish","type":"product","link":"https:\/\/eu.tilta.com\/es\/shop\/tilta-expansion-accessories-for-dji-osmo-pocket-4-lightweight-kit\/","title":{"rendered":"Accesorios de expansi\u00f3n Tilta para el kit ligero DJI Osmo Pocket 4"},"content":{"rendered":"<p>Presentamos el Kit ligero de accesorios de expansi\u00f3n Tilta para DJI Osmo Pocket 4: un kit delgado y elegante para el d\u00eda a d\u00eda de los creadores que quieren tener su c\u00e1mara protegida y lista para disparar en cualquier momento.<br \/>\nLa Funda protectora de silicona Tilta para DJI Osmo Pocket 4 envuelve tu c\u00e1mara en una suave protecci\u00f3n de silicona por todos los lados, con fundas separadas para el cuerpo y el cabezal del card\u00e1n. El dise\u00f1o de cobertura total protege tu Pocket 4 de ara\u00f1azos, rozaduras y el desgaste diario sin a\u00f1adir volumen. Un patr\u00f3n de textura ondulada en los paneles de agarre proporciona una superficie antideslizante para un agarre m\u00e1s seguro y c\u00f3modo.<\/p>\n<p>La funda est\u00e1 dise\u00f1ada sin interferir en la pantalla de libre rotaci\u00f3n del Pocket 4, por lo que puedes disparar en cualquier orientaci\u00f3n sin quitar la funda. Disponible en tres colores -p\u00farpura lila, blanco celad\u00f3n y beige arena- con flexibilidad para mezclar y combinar las cubiertas del cuerpo y del cabezal del card\u00e1n para que forme parte de tu estilo diario.<\/p>\n<p>El minitr\u00edpode de sobremesa de liberaci\u00f3n r\u00e1pida Tilta se despliega con un solo toque, lo que hace que tu Pocket 4 pase instant\u00e1neamente de una configuraci\u00f3n de mano a una de sobremesa estable. Sin tanteos ni configuraciones complicadas: pulsa y dispara. Suficientemente compacto para llevarlo a cualquier parte, y tambi\u00e9n compatible con el Pocket 3.<\/p>\n<p>El Protector de pantalla para DJI Osmo Pocket 4 mantiene tu pantalla protegida de los ara\u00f1azos cotidianos con un revestimiento AR que reduce los reflejos para una visi\u00f3n m\u00e1s clara en cualquier condici\u00f3n de iluminaci\u00f3n.<\/p>\n","protected":false},"excerpt":{"rendered":"<p>Presentamos el Kit ligero de accesorios de expansi\u00f3n Tilta para DJI Osmo Pocket 4: un kit delgado y elegante para el d\u00eda a d\u00eda de los creadores que quieren tener su c\u00e1mara protegida y lista para disparar en cualquier momento. [&hellip;]<\/p>\n","protected":false},"featured_media":3145035,"comment_status":"open","ping_status":"closed","template":"","meta":[],"product_cat":[4513],"product_tag":[],"acf":[],"gallery_images":[3145045,3145040,3145050,3145055],"_links":{"self":[{"href":"https:\/\/eu.tilta.com\/es\/wp-json\/wp\/v2\/product\/3145288"}],"collection":[{"href":"https:\/\/eu.tilta.com\/es\/wp-json\/wp\/v2\/product"}],"about":[{"href":"https:\/\/eu.tilta.com\/es\/wp-json\/wp\/v2\/types\/product"}],"replies":[{"embeddable":true,"href":"https:\/\/eu.tilta.com\/es\/wp-json\/wp\/v2\/comments?post=3145288"}],"wp:featuredmedia":[{"embeddable":true,"href":"https:\/\/eu.tilta.com\/es\/wp-json\/wp\/v2\/media\/3145035"}],"wp:attachment":[{"href":"https:\/\/eu.tilta.com\/es\/wp-json\/wp\/v2\/media?parent=3145288"}],"wp:term":[{"taxonomy":"product_cat","embeddable":true,"href":"https:\/\/eu.tilta.com\/es\/wp-json\/wp\/v2\/product_cat?post=3145288"},{"taxonomy":"product_tag","embeddable":true,"href":"https:\/\/eu.tilta.com\/es\/wp-json\/wp\/v2\/product_tag?post=3145288"}],"curies":[{"name":"wp","href":"https:\/\/api.w.org\/{rel}","templated":true}]}}