{"id":3145298,"date":"2026-04-17T11:02:26","date_gmt":"2026-04-17T09:02:26","guid":{"rendered":"https:\/\/eu.tilta.com\/shop\/correa-de-muneca-tilta-para-dji-osmo-pocket-3-4-negro\/"},"modified":"2026-04-17T11:02:26","modified_gmt":"2026-04-17T09:02:26","slug":"tilta-wrist-strap-for-dji-osmo-pocket-3-4-black","status":"publish","type":"product","link":"https:\/\/eu.tilta.com\/es\/shop\/tilta-wrist-strap-for-dji-osmo-pocket-3-4-black\/","title":{"rendered":"Correa de mu\u00f1eca Tilta para DJI Osmo Pocket 3\/4 &#8211; Negro"},"content":{"rendered":"<p>La Mu\u00f1equera Tilta para DJI Osmo Pocket 3\/4 se fija directamente a tu c\u00e1mara, manteni\u00e9ndola sujeta a tu mu\u00f1eca mientras disparas, para que nunca tengas que preocuparte de que se te caiga. Ligero y discreto, es la forma m\u00e1s sencilla de a\u00f1adir una capa de seguridad a cada salida.<\/p>\n","protected":false},"excerpt":{"rendered":"<p>La Mu\u00f1equera Tilta para DJI Osmo Pocket 3\/4 se fija directamente a tu c\u00e1mara, manteni\u00e9ndola sujeta a tu mu\u00f1eca mientras disparas, para que nunca tengas que preocuparte de que se te caiga. Ligero y discreto, es la forma m\u00e1s sencilla [&hellip;]<\/p>\n","protected":false},"featured_media":3144890,"comment_status":"open","ping_status":"closed","template":"","meta":[],"product_cat":[2974,4513],"product_tag":[],"acf":[],"gallery_images":[3144900,3144895],"_links":{"self":[{"href":"https:\/\/eu.tilta.com\/es\/wp-json\/wp\/v2\/product\/3145298"}],"collection":[{"href":"https:\/\/eu.tilta.com\/es\/wp-json\/wp\/v2\/product"}],"about":[{"href":"https:\/\/eu.tilta.com\/es\/wp-json\/wp\/v2\/types\/product"}],"replies":[{"embeddable":true,"href":"https:\/\/eu.tilta.com\/es\/wp-json\/wp\/v2\/comments?post=3145298"}],"wp:featuredmedia":[{"embeddable":true,"href":"https:\/\/eu.tilta.com\/es\/wp-json\/wp\/v2\/media\/3144890"}],"wp:attachment":[{"href":"https:\/\/eu.tilta.com\/es\/wp-json\/wp\/v2\/media?parent=3145298"}],"wp:term":[{"taxonomy":"product_cat","embeddable":true,"href":"https:\/\/eu.tilta.com\/es\/wp-json\/wp\/v2\/product_cat?post=3145298"},{"taxonomy":"product_tag","embeddable":true,"href":"https:\/\/eu.tilta.com\/es\/wp-json\/wp\/v2\/product_tag?post=3145298"}],"curies":[{"name":"wp","href":"https:\/\/api.w.org\/{rel}","templated":true}]}}