{"id":3145333,"date":"2026-04-17T11:26:49","date_gmt":"2026-04-17T09:26:49","guid":{"rendered":"https:\/\/eu.tilta.com\/shop\/funda-protectora-de-silicona-tilta-para-el-kit-de-alimentacion-dji-osmo-pocket-4\/"},"modified":"2026-04-17T11:26:49","modified_gmt":"2026-04-17T09:26:49","slug":"tilta-silicone-protective-cover-for-dji-osmo-pocket-4-power-kit","status":"publish","type":"product","link":"https:\/\/eu.tilta.com\/es\/shop\/tilta-silicone-protective-cover-for-dji-osmo-pocket-4-power-kit\/","title":{"rendered":"Funda protectora de silicona Tilta para el kit de alimentaci\u00f3n DJI Osmo Pocket 4"},"content":{"rendered":"<p>Te presentamos el Kit de alimentaci\u00f3n con funda protectora de silicona Tilta para DJI Osmo Pocket 4: un completo juego de fundas de silicona de cinco piezas que protege todas las piezas de la configuraci\u00f3n de tu Pocket 4, desde el cabezal del card\u00e1n y la pantalla giratoria hasta el cuerpo, la empu\u00f1adura extensible y la empu\u00f1adura de la bater\u00eda. Cada pieza est\u00e1 ajustada con precisi\u00f3n para que tu c\u00e1mara tenga un aspecto estupendo y est\u00e9 protegida en todo momento, independientemente de la frecuencia con la que dispares.<br \/>\nEste kit se basa en el Kit Base a\u00f1adiendo la Cubierta de Silicona para el Asa de la Bater\u00eda, completando la cobertura total de silicona en todos los componentes de tu Pocket 4. Las cinco piezas (card\u00e1n, cuerpo, pantalla, asa extensible y asa de la bater\u00eda) est\u00e1n ajustadas con precisi\u00f3n a sus partes respectivas, manteniendo el acceso completo a todos los botones y controles sin ninguna interferencia. El patr\u00f3n de textura ondulada de los paneles de agarre a lo largo del cuerpo, la empu\u00f1adura extensible y las cubiertas de la empu\u00f1adura de la bater\u00eda garantizan un agarre seguro, c\u00f3modo y antideslizante en todo momento. La cubierta del card\u00e1n protege el cabezal al tiempo que permite que la pantalla gire libremente. Disponible en morado lila, blanco celad\u00f3n y beige arena, con flexibilidad para mezclarlos y combinarlos, para que tu Pocket 4 sea realmente tuyo.<\/p>\n","protected":false},"excerpt":{"rendered":"<p>Te presentamos el Kit de alimentaci\u00f3n con funda protectora de silicona Tilta para DJI Osmo Pocket 4: un completo juego de fundas de silicona de cinco piezas que protege todas las piezas de la configuraci\u00f3n de tu Pocket 4, desde [&hellip;]<\/p>\n","protected":false},"featured_media":3144929,"comment_status":"open","ping_status":"closed","template":"","meta":[],"product_cat":[4513],"product_tag":[],"acf":[],"gallery_images":[3144934,3144939,3144944],"_links":{"self":[{"href":"https:\/\/eu.tilta.com\/es\/wp-json\/wp\/v2\/product\/3145333"}],"collection":[{"href":"https:\/\/eu.tilta.com\/es\/wp-json\/wp\/v2\/product"}],"about":[{"href":"https:\/\/eu.tilta.com\/es\/wp-json\/wp\/v2\/types\/product"}],"replies":[{"embeddable":true,"href":"https:\/\/eu.tilta.com\/es\/wp-json\/wp\/v2\/comments?post=3145333"}],"wp:featuredmedia":[{"embeddable":true,"href":"https:\/\/eu.tilta.com\/es\/wp-json\/wp\/v2\/media\/3144929"}],"wp:attachment":[{"href":"https:\/\/eu.tilta.com\/es\/wp-json\/wp\/v2\/media?parent=3145333"}],"wp:term":[{"taxonomy":"product_cat","embeddable":true,"href":"https:\/\/eu.tilta.com\/es\/wp-json\/wp\/v2\/product_cat?post=3145333"},{"taxonomy":"product_tag","embeddable":true,"href":"https:\/\/eu.tilta.com\/es\/wp-json\/wp\/v2\/product_tag?post=3145333"}],"curies":[{"name":"wp","href":"https:\/\/api.w.org\/{rel}","templated":true}]}}