{"id":3145344,"date":"2026-04-17T12:02:56","date_gmt":"2026-04-17T10:02:56","guid":{"rendered":"https:\/\/eu.tilta.com\/shop\/accesorios-de-expansion-tilta-para-dji-osmo-pocket-3-4-kit-de-filtros\/"},"modified":"2026-04-17T12:02:56","modified_gmt":"2026-04-17T10:02:56","slug":"tilta-expansion-accessories-for-dji-osmo-pocket-3-4-filter-kit","status":"publish","type":"product","link":"https:\/\/eu.tilta.com\/es\/shop\/tilta-expansion-accessories-for-dji-osmo-pocket-3-4-filter-kit\/","title":{"rendered":"Accesorios de expansi\u00f3n Tilta para DJI Osmo Pocket 3\/4 Kit de filtros"},"content":{"rendered":"<p>Presentamos el Kit de Filtros de Accesorios de Expansi\u00f3n Tilta para DJI Osmo Pocket 4: un conjunto optimizado de herramientas dise\u00f1adas para darte un control creativo inmediato sobre tu imagen, directamente en la c\u00e1mara.<\/p>\n<p>El Kit de filtros base Tilta para DJI Osmo Pocket 3\/4 incluye los tres filtros m\u00e1s esenciales para cualquier rodaje. El ND Variable (1-5 pasos) te proporciona un control flexible de la exposici\u00f3n en una amplia gama de condiciones de iluminaci\u00f3n, permiti\u00e9ndote mantener un desenfoque de movimiento cinematogr\u00e1fico sin que se apaguen las altas luces. El filtro Niebla Negra 1\/4 reduce el contraste y a\u00f1ade un sutil resplandor on\u00edrico a las altas luces para conseguir un aspecto pulido y cinematogr\u00e1fico. El Polarizador Circular reduce el deslumbramiento, minimiza los reflejos no deseados y aporta colores m\u00e1s ricos y saturados. Los tres filtros incorporan una conexi\u00f3n magn\u00e9tica a presi\u00f3n para acoplarlos sin esfuerzo y un dise\u00f1o estriado de liberaci\u00f3n r\u00e1pida para cambiarlos r\u00e1pidamente con un pellizco. Su construcci\u00f3n ultrafina garantiza que no se produzcan interferencias con la retracci\u00f3n del objetivo o la calibraci\u00f3n del card\u00e1n, y su cristal \u00f3ptico de alta calidad recubierto contra el agua, el aceite y los ara\u00f1azos mantiene tus im\u00e1genes n\u00edtidas y fieles a la realidad.<\/p>\n<p>El Expansor de almacenamiento de filtros Tilta para DJI Osmo Pocket 3\/4 mantiene tus filtros justo donde los necesitas: en la c\u00e1mara. Se acopla directamente a la Pocket y sujeta hasta tres filtros simult\u00e1neamente. Un mecanismo giratorio te permite seleccionar el filtro adecuado sobre la marcha, sin necesidad de coger la funda. Cuando est\u00e9s listo para cambiarla, el dise\u00f1o magn\u00e9tico de la placa posterior hace que sea instant\u00e1neo. Las patas ocultas del tr\u00edpode se despliegan con un solo toque, convirtiendo la configuraci\u00f3n en un modo de disparo de sobremesa estable siempre que lo necesites.<\/p>\n","protected":false},"excerpt":{"rendered":"<p>Presentamos el Kit de Filtros de Accesorios de Expansi\u00f3n Tilta para DJI Osmo Pocket 4: un conjunto optimizado de herramientas dise\u00f1adas para darte un control creativo inmediato sobre tu imagen, directamente en la c\u00e1mara. El Kit de filtros base Tilta [&hellip;]<\/p>\n","protected":false},"featured_media":3145093,"comment_status":"open","ping_status":"closed","template":"","meta":[],"product_cat":[2974,4513],"product_tag":[],"acf":[],"gallery_images":[3145088],"_links":{"self":[{"href":"https:\/\/eu.tilta.com\/es\/wp-json\/wp\/v2\/product\/3145344"}],"collection":[{"href":"https:\/\/eu.tilta.com\/es\/wp-json\/wp\/v2\/product"}],"about":[{"href":"https:\/\/eu.tilta.com\/es\/wp-json\/wp\/v2\/types\/product"}],"replies":[{"embeddable":true,"href":"https:\/\/eu.tilta.com\/es\/wp-json\/wp\/v2\/comments?post=3145344"}],"wp:featuredmedia":[{"embeddable":true,"href":"https:\/\/eu.tilta.com\/es\/wp-json\/wp\/v2\/media\/3145093"}],"wp:attachment":[{"href":"https:\/\/eu.tilta.com\/es\/wp-json\/wp\/v2\/media?parent=3145344"}],"wp:term":[{"taxonomy":"product_cat","embeddable":true,"href":"https:\/\/eu.tilta.com\/es\/wp-json\/wp\/v2\/product_cat?post=3145344"},{"taxonomy":"product_tag","embeddable":true,"href":"https:\/\/eu.tilta.com\/es\/wp-json\/wp\/v2\/product_tag?post=3145344"}],"curies":[{"name":"wp","href":"https:\/\/api.w.org\/{rel}","templated":true}]}}