{"id":3145348,"date":"2026-04-13T11:55:47","date_gmt":"2026-04-13T09:55:47","guid":{"rendered":"https:\/\/eu.tilta.com\/shop\/soporte-de-montaje-para-la-unidad-manual-fiz-nucleus-m-ii\/"},"modified":"2026-04-13T11:55:47","modified_gmt":"2026-04-13T09:55:47","slug":"mounting-bracket-for-nucleus-m-ii-fiz-hand-unit","status":"publish","type":"product","link":"https:\/\/eu.tilta.com\/es\/shop\/mounting-bracket-for-nucleus-m-ii-fiz-hand-unit\/","title":{"rendered":"Soporte de montaje para la unidad manual FIZ Nucleus-M II"},"content":{"rendered":"<div>\n<p class=\"whitespace-normal\">Presentamos el Soporte de montaje para la unidad manual FIZ Nucleus-M II, dise\u00f1ado para ampliar las posibilidades de montaje de tu Nucleus. Atr\u00e1s han quedado los problemas de las inc\u00f3modas opciones de montaje para montar el FIZ, los monitores de montaje y los asideros y equipos adicionales para un uso m\u00e1s amplio.<\/p>\n<\/div>\n<div>\n<p class=\"whitespace-normal\">El dise\u00f1o espec\u00edfico de la jaula envuelve firmemente la Unidad Manual, proporcionando una base estable y fiable para construir tu Unidad Manual. Las m\u00faltiples roscas de montaje de 1\/4\u2033-20 y 3\/8\u2033-16 ofrecen una amplia gama de opciones de montaje, garantizando la compatibilidad con una gran variedad de accesorios y opciones de montaje.<\/p>\n<p>El soporte tambi\u00e9n proporciona una protecci\u00f3n adicional al FIZ, con una s\u00f3lida estructura de aluminio que ayuda a protegerlo del desgaste y las roturas en entornos de plat\u00f3 en constante cambio.<\/p>\n<\/div>\n<div>\n<p class=\"whitespace-normal\">Un ra\u00edl NATO superior ampl\u00eda a\u00fan m\u00e1s tus opciones, proporcionando una interfaz segura para soportes de monitor, brazos articulados y otros accesorios peque\u00f1os para lo que necesites en el plat\u00f3.<\/p>\n<\/div>\n<div>\n<p class=\"whitespace-normal\">Ya sea en un plat\u00f3 de estudio o en un rodaje a la carrera, sea lo que sea lo que el rodaje necesite de ti, el Soporte de montaje te da la libertad de construir exactamente la configuraci\u00f3n que tu rodaje exige.<\/p>\n<\/div>\n","protected":false},"excerpt":{"rendered":"<p>Presentamos el Soporte de montaje para la unidad manual FIZ Nucleus-M II, dise\u00f1ado para ampliar las posibilidades de montaje de tu Nucleus. Atr\u00e1s han quedado los problemas de las inc\u00f3modas opciones de montaje para montar el FIZ, los monitores de [&hellip;]<\/p>\n","protected":false},"featured_media":3144618,"comment_status":"open","ping_status":"closed","template":"","meta":[],"product_cat":[3919],"product_tag":[],"acf":[],"gallery_images":[3144613,3144608,3144603,3144618,3144623,3144628,3144633,3144638],"_links":{"self":[{"href":"https:\/\/eu.tilta.com\/es\/wp-json\/wp\/v2\/product\/3145348"}],"collection":[{"href":"https:\/\/eu.tilta.com\/es\/wp-json\/wp\/v2\/product"}],"about":[{"href":"https:\/\/eu.tilta.com\/es\/wp-json\/wp\/v2\/types\/product"}],"replies":[{"embeddable":true,"href":"https:\/\/eu.tilta.com\/es\/wp-json\/wp\/v2\/comments?post=3145348"}],"wp:featuredmedia":[{"embeddable":true,"href":"https:\/\/eu.tilta.com\/es\/wp-json\/wp\/v2\/media\/3144618"}],"wp:attachment":[{"href":"https:\/\/eu.tilta.com\/es\/wp-json\/wp\/v2\/media?parent=3145348"}],"wp:term":[{"taxonomy":"product_cat","embeddable":true,"href":"https:\/\/eu.tilta.com\/es\/wp-json\/wp\/v2\/product_cat?post=3145348"},{"taxonomy":"product_tag","embeddable":true,"href":"https:\/\/eu.tilta.com\/es\/wp-json\/wp\/v2\/product_tag?post=3145348"}],"curies":[{"name":"wp","href":"https:\/\/api.w.org\/{rel}","templated":true}]}}