{"id":3145351,"date":"2026-04-14T11:40:39","date_gmt":"2026-04-14T09:40:39","guid":{"rendered":"https:\/\/eu.tilta.com\/shop\/volante-extendido-para-la-unidad-manual-fiz-nucleus-m-ii\/"},"modified":"2026-04-14T11:40:39","modified_gmt":"2026-04-14T09:40:39","slug":"extended-hand-wheel-for-nucleus-m-ii-fiz-hand-unit","status":"publish","type":"product","link":"https:\/\/eu.tilta.com\/es\/shop\/extended-hand-wheel-for-nucleus-m-ii-fiz-hand-unit\/","title":{"rendered":"Volante extendido para la unidad manual FIZ Nucleus-M II"},"content":{"rendered":"<div>\n<p class=\"whitespace-normal\">Presentamos el Volante Ampliado para la Unidad Manual FIZ Nucleus-M II, dise\u00f1ado para darte un mayor control al enfocar. El mayor di\u00e1metro del Volante Extendido proporciona un agarre m\u00e1s c\u00f3modo y seguro, permitiendo ajustes m\u00e1s precisos y deliberados durante el funcionamiento.<\/p>\n<\/div>\n<div>\n<p class=\"whitespace-normal\">La empu\u00f1adura mejora la unidad de mano Nucleus-M II; con el tama\u00f1o tambi\u00e9n aumenta la visibilidad de las marcas de los anillos de enfoque, lo que permite ver con m\u00e1s claridad d\u00f3nde est\u00e1n las marcas de enfoque. Ya sea para fotografiar sobre la marcha o en entornos de estudio m\u00e1s oscuros, el Volante Ampliado hace que enfocar en cualquier entorno sea pan comido.<\/p>\n<\/div>\n<div>\n<p class=\"whitespace-normal\">F\u00edsicamente compatible con los anillos de enfoque de tama\u00f1o est\u00e1ndar ARRI, el Volante Extendido une dos ecosistemas sin esfuerzo, permitiendo un control preciso de los par\u00e1metros y el enfoque sin necesidad de cambiar tus accesorios actuales. Tanto si ya trabajas con el ecosistema ARRI como si quieres ampliar tus opciones, el Volante Ampliado se integra perfectamente en tu configuraci\u00f3n actual.<\/p>\n<\/div>\n","protected":false},"excerpt":{"rendered":"<p>Presentamos el Volante Ampliado para la Unidad Manual FIZ Nucleus-M II, dise\u00f1ado para darte un mayor control al enfocar. El mayor di\u00e1metro del Volante Extendido proporciona un agarre m\u00e1s c\u00f3modo y seguro, permitiendo ajustes m\u00e1s precisos y deliberados durante el [&hellip;]<\/p>\n","protected":false},"featured_media":3144686,"comment_status":"open","ping_status":"closed","template":"","meta":[],"product_cat":[3919],"product_tag":[],"acf":[],"gallery_images":[3144671,3144676,3144681,3144691,3144701,3144696,3144706],"_links":{"self":[{"href":"https:\/\/eu.tilta.com\/es\/wp-json\/wp\/v2\/product\/3145351"}],"collection":[{"href":"https:\/\/eu.tilta.com\/es\/wp-json\/wp\/v2\/product"}],"about":[{"href":"https:\/\/eu.tilta.com\/es\/wp-json\/wp\/v2\/types\/product"}],"replies":[{"embeddable":true,"href":"https:\/\/eu.tilta.com\/es\/wp-json\/wp\/v2\/comments?post=3145351"}],"wp:featuredmedia":[{"embeddable":true,"href":"https:\/\/eu.tilta.com\/es\/wp-json\/wp\/v2\/media\/3144686"}],"wp:attachment":[{"href":"https:\/\/eu.tilta.com\/es\/wp-json\/wp\/v2\/media?parent=3145351"}],"wp:term":[{"taxonomy":"product_cat","embeddable":true,"href":"https:\/\/eu.tilta.com\/es\/wp-json\/wp\/v2\/product_cat?post=3145351"},{"taxonomy":"product_tag","embeddable":true,"href":"https:\/\/eu.tilta.com\/es\/wp-json\/wp\/v2\/product_tag?post=3145351"}],"curies":[{"name":"wp","href":"https:\/\/api.w.org\/{rel}","templated":true}]}}