{"id":3145357,"date":"2026-04-14T11:54:35","date_gmt":"2026-04-14T09:54:35","guid":{"rendered":"https:\/\/eu.tilta.com\/shop\/engranaje-de-motor-nucleus-m-ii-extended-mod\/"},"modified":"2026-04-14T11:54:35","modified_gmt":"2026-04-14T09:54:35","slug":"nucleus-m-ii-extended-mod-motor-gear","status":"publish","type":"product","link":"https:\/\/eu.tilta.com\/es\/shop\/nucleus-m-ii-extended-mod-motor-gear\/","title":{"rendered":"Engranaje de motor Nucleus-M II Extended Mod"},"content":{"rendered":"<div>\n<p class=\"whitespace-normal\">Presentamos el Engranaje Motor Nucleus-M II Extended Mod, dise\u00f1ado para desbloquear una gama m\u00e1s amplia de opciones de objetivos para tu narraci\u00f3n. El dise\u00f1o de algunos objetivos de cine puede crear a veces interferencias f\u00edsicas entre el objetivo y los engranajes del motor.<\/p>\n<\/div>\n<div>\n<p class=\"whitespace-normal\">El engranaje de motor Extended Mod se ha dise\u00f1ado espec\u00edficamente para hacer frente a este reto, resolviendo los problemas de holgura que surgen con los objetivos que tienen una holgura de anillo de engranaje corta. Con un di\u00e1metro m\u00e1s ancho, el Engranaje Motor Mod Extendido permite que el Motor M II llegue m\u00e1s lejos, eliminando las limitaciones f\u00edsicas de los dise\u00f1os exclusivos de los objetivos.<\/p>\n<\/div>\n<div>\n<p class=\"whitespace-normal\">Al permitir que el Motor Nucleus-M II se acople a una mayor variedad de objetivos de cine, elimina los problemas de incompatibilidad que, de otro modo, restringir\u00edan tus opciones creativas. Sea cual sea la lente que mejor se adapte a tu visi\u00f3n, el Engranaje Motor Mod Extendido garantiza que tu sistema Nucleus-M II pueda seguirte el ritmo.<\/p>\n<\/div>\n","protected":false},"excerpt":{"rendered":"<p>Presentamos el Engranaje Motor Nucleus-M II Extended Mod, dise\u00f1ado para desbloquear una gama m\u00e1s amplia de opciones de objetivos para tu narraci\u00f3n. El dise\u00f1o de algunos objetivos de cine puede crear a veces interferencias f\u00edsicas entre el objetivo y los [&hellip;]<\/p>\n","protected":false},"featured_media":3144773,"comment_status":"open","ping_status":"closed","template":"","meta":[],"product_cat":[3919],"product_tag":[],"acf":[],"gallery_images":[3144758,3144763,3144768,3144728,3144733,3144738],"_links":{"self":[{"href":"https:\/\/eu.tilta.com\/es\/wp-json\/wp\/v2\/product\/3145357"}],"collection":[{"href":"https:\/\/eu.tilta.com\/es\/wp-json\/wp\/v2\/product"}],"about":[{"href":"https:\/\/eu.tilta.com\/es\/wp-json\/wp\/v2\/types\/product"}],"replies":[{"embeddable":true,"href":"https:\/\/eu.tilta.com\/es\/wp-json\/wp\/v2\/comments?post=3145357"}],"wp:featuredmedia":[{"embeddable":true,"href":"https:\/\/eu.tilta.com\/es\/wp-json\/wp\/v2\/media\/3144773"}],"wp:attachment":[{"href":"https:\/\/eu.tilta.com\/es\/wp-json\/wp\/v2\/media?parent=3145357"}],"wp:term":[{"taxonomy":"product_cat","embeddable":true,"href":"https:\/\/eu.tilta.com\/es\/wp-json\/wp\/v2\/product_cat?post=3145357"},{"taxonomy":"product_tag","embeddable":true,"href":"https:\/\/eu.tilta.com\/es\/wp-json\/wp\/v2\/product_tag?post=3145357"}],"curies":[{"name":"wp","href":"https:\/\/api.w.org\/{rel}","templated":true}]}}