{"id":3145358,"date":"2026-04-17T10:58:33","date_gmt":"2026-04-17T08:58:33","guid":{"rendered":"https:\/\/eu.tilta.com\/shop\/protector-de-pantalla-para-dji-osmo-pocket-4\/"},"modified":"2026-04-17T10:58:33","modified_gmt":"2026-04-17T08:58:33","slug":"screen-protector-for-dji-osmo-pocket-4","status":"publish","type":"product","link":"https:\/\/eu.tilta.com\/es\/shop\/screen-protector-for-dji-osmo-pocket-4\/","title":{"rendered":"Protector de pantalla para DJI Osmo Pocket 4"},"content":{"rendered":"<p>El protector de pantalla Tilta para DJI Osmo Pocket 4 est\u00e1 dise\u00f1ado a medida para adaptarse a la pantalla del Pocket 4, protegi\u00e9ndola de ara\u00f1azos y del desgaste diario. Un revestimiento AR reduce el deslumbramiento para una visi\u00f3n m\u00e1s clara en cualquier condici\u00f3n de iluminaci\u00f3n.<\/p>\n","protected":false},"excerpt":{"rendered":"<p>El protector de pantalla Tilta para DJI Osmo Pocket 4 est\u00e1 dise\u00f1ado a medida para adaptarse a la pantalla del Pocket 4, protegi\u00e9ndola de ara\u00f1azos y del desgaste diario. Un revestimiento AR reduce el deslumbramiento para una visi\u00f3n m\u00e1s clara [&hellip;]<\/p>\n","protected":false},"featured_media":3144883,"comment_status":"open","ping_status":"closed","template":"","meta":[],"product_cat":[4513],"product_tag":[],"acf":[],"gallery_images":[],"_links":{"self":[{"href":"https:\/\/eu.tilta.com\/es\/wp-json\/wp\/v2\/product\/3145358"}],"collection":[{"href":"https:\/\/eu.tilta.com\/es\/wp-json\/wp\/v2\/product"}],"about":[{"href":"https:\/\/eu.tilta.com\/es\/wp-json\/wp\/v2\/types\/product"}],"replies":[{"embeddable":true,"href":"https:\/\/eu.tilta.com\/es\/wp-json\/wp\/v2\/comments?post=3145358"}],"wp:featuredmedia":[{"embeddable":true,"href":"https:\/\/eu.tilta.com\/es\/wp-json\/wp\/v2\/media\/3144883"}],"wp:attachment":[{"href":"https:\/\/eu.tilta.com\/es\/wp-json\/wp\/v2\/media?parent=3145358"}],"wp:term":[{"taxonomy":"product_cat","embeddable":true,"href":"https:\/\/eu.tilta.com\/es\/wp-json\/wp\/v2\/product_cat?post=3145358"},{"taxonomy":"product_tag","embeddable":true,"href":"https:\/\/eu.tilta.com\/es\/wp-json\/wp\/v2\/product_tag?post=3145358"}],"curies":[{"name":"wp","href":"https:\/\/api.w.org\/{rel}","templated":true}]}}