{"id":1996493,"date":"2021-03-05T13:58:07","date_gmt":"2021-03-05T12:58:07","guid":{"rendered":"https:\/\/de.tilta.com\/programme-daffiliation\/"},"modified":"2025-01-15T06:43:51","modified_gmt":"2025-01-15T05:43:51","slug":"affiliate-program","status":"publish","type":"page","link":"https:\/\/eu.tilta.com\/fr\/affiliate-program\/","title":{"rendered":"Programme d&#8217;affiliation"},"content":{"rendered":"<p><a href=\"\/affiliate-area\"><img loading=\"lazy\" decoding=\"async\" class=\"alignnone wp-image-980520 size-full\" style=\"width: 100%; height: auto;\" src=\"https:\/\/static.tilta.com\/wp-content\/uploads\/2021\/03\/22133107\/join-tilta-affiliate.jpg\" alt=\"WERDEN SIE PARTNER DES TILTA AFFILIATE PROGRAMS UND VERDIENENEN SIE KOMMISSIONEN - Werden Sie unser Partner und verdienen Sie 5% am Umsatz auf Tilta.com  \" width=\"1920\" height=\"1080\" srcset=\"https:\/\/static.tilta.com\/wp-content\/uploads\/2021\/03\/22133107\/join-tilta-affiliate.jpg 1920w, https:\/\/static.tilta.com\/wp-content\/uploads\/2021\/03\/22133107\/join-tilta-affiliate-1440x810.jpg 1440w, https:\/\/static.tilta.com\/wp-content\/uploads\/2021\/03\/22133107\/join-tilta-affiliate-64x36.jpg 64w, https:\/\/static.tilta.com\/wp-content\/uploads\/2021\/03\/22133107\/join-tilta-affiliate-300x169.jpg 300w, https:\/\/static.tilta.com\/wp-content\/uploads\/2021\/03\/22133107\/join-tilta-affiliate-1024x576.jpg 1024w, https:\/\/static.tilta.com\/wp-content\/uploads\/2021\/03\/22133107\/join-tilta-affiliate-1536x864.jpg 1536w, https:\/\/static.tilta.com\/wp-content\/uploads\/2021\/03\/22133107\/join-tilta-affiliate-800x450.jpg 800w\" sizes=\"(max-width: 1920px) 100vw, 1920px\" \/><\/a><\/p>\n<h1>Programme d&#8217;affiliation<\/h1>\n<div class=\"row\">\n<div class=\"col-md-9\">\n<p class=\"lead\">En devenant affili\u00e9, vous pouvez augmenter vos revenus en commercialisant nos produits les plus vendus, notamment nos <a href=\"\/product-category\/lens-control-systems\/\">syst\u00e8mes de contr\u00f4le des objectifs<\/a>, l&#8217;<a href=\"\/product-category\/dji-ecosystem\/\">\u00e9cosyst\u00e8me DJI<\/a>, les <a href=\"\/product-category\/shop-by-camera\/\">supports de cam\u00e9ra<\/a> pour de nombreux syst\u00e8mes de cam\u00e9ra, et bien plus encore.<\/p>\n<p><strong>Avantages du programme d&#8217;affiliation :<\/strong><\/p>\n<ul>\n<li>5% de commission sur les ventes<\/li>\n<li>Fen\u00eatre de 7 jours pour les cookies<\/li>\n<li>Aucune limite au montant que vous pouvez gagner<\/li>\n<li>Comprend tous les produits sur eu.tilta.com<\/li>\n<li>Adh\u00e9sion gratuite<\/li>\n<\/ul>\n<\/div>\n<div class=\"col-md-3\">\n<div class=\"panel panel-info\">\n<div class=\"panel-heading\">Commencez d\u00e8s aujourd&#8217;hui<\/div>\n<div class=\"panel-body\">\n<p>Remplissez une demande pour devenir un affili\u00e9 eu.tilta.com<\/p>\n<p><a class=\"btn btn-primary\" href=\"\/affiliate-area\">Postulez maintenant<\/a><\/p>\n<\/div>\n<\/div>\n<\/div>\n<\/div>\n<style>.entry-header {display:none;}<\/style>\n","protected":false},"excerpt":{"rendered":"<p>Programme d&#8217;affiliation En devenant affili\u00e9, vous pouvez augmenter vos revenus en commercialisant nos produits les plus vendus, notamment nos syst\u00e8mes de contr\u00f4le des objectifs, l&#8217;\u00e9cosyst\u00e8me DJI, les supports de cam\u00e9ra pour de nombreux syst\u00e8mes de cam\u00e9ra, et bien plus encore. [&hellip;]<\/p>\n","protected":false},"author":208,"featured_media":0,"parent":0,"menu_order":0,"comment_status":"closed","ping_status":"closed","template":"","meta":{"footnotes":""},"acf":[],"_links":{"self":[{"href":"https:\/\/eu.tilta.com\/fr\/wp-json\/wp\/v2\/pages\/1996493"}],"collection":[{"href":"https:\/\/eu.tilta.com\/fr\/wp-json\/wp\/v2\/pages"}],"about":[{"href":"https:\/\/eu.tilta.com\/fr\/wp-json\/wp\/v2\/types\/page"}],"author":[{"embeddable":true,"href":"https:\/\/eu.tilta.com\/fr\/wp-json\/wp\/v2\/users\/208"}],"replies":[{"embeddable":true,"href":"https:\/\/eu.tilta.com\/fr\/wp-json\/wp\/v2\/comments?post=1996493"}],"version-history":[{"count":2,"href":"https:\/\/eu.tilta.com\/fr\/wp-json\/wp\/v2\/pages\/1996493\/revisions"}],"predecessor-version":[{"id":2026232,"href":"https:\/\/eu.tilta.com\/fr\/wp-json\/wp\/v2\/pages\/1996493\/revisions\/2026232"}],"wp:attachment":[{"href":"https:\/\/eu.tilta.com\/fr\/wp-json\/wp\/v2\/media?parent=1996493"}],"curies":[{"name":"wp","href":"https:\/\/api.w.org\/{rel}","templated":true}]}}