{"id":1996618,"date":"2015-07-29T22:22:35","date_gmt":"2015-07-29T20:22:35","guid":{"rendered":"https:\/\/de.tilta.com\/a-propos-de\/"},"modified":"2015-07-29T22:22:35","modified_gmt":"2015-07-29T20:22:35","slug":"about","status":"publish","type":"page","link":"https:\/\/eu.tilta.com\/fr\/about\/","title":{"rendered":"A propos de"},"content":{"rendered":"<p>Fond\u00e9e en 2010, Tilta s&#8217;est toujours engag\u00e9e \u00e0 fournir du mat\u00e9riel de photographie et de cin\u00e9matographie de haute qualit\u00e9.<\/p>\n<p>En tant que start-up ambitieuse, nous avons \u00e9tendu notre gamme de produits des kits d&#8217;accessoires pour reflex num\u00e9riques jusqu&#8217;\u00e0 la prise en charge compl\u00e8te des cam\u00e9ras de cin\u00e9ma de pointe. Gr\u00e2ce \u00e0 ce processus, Tilta est pass\u00e9 du statut de fabricant \u00e0 celui de fournisseur de solutions int\u00e9gr\u00e9es, excellant dans le contr\u00f4le sans fil des objectifs, les cages \u00e0 cam\u00e9ra, les syst\u00e8mes de support de cardan, les supports de voiture absorbant les chocs, etc.<\/p>\n<p>Bas\u00e9e \u00e0 Shenzhen, largement connue comme la Silicon Valley chinoise, Tilta a \u00e9t\u00e9 cr\u00e9\u00e9e dans une perspective mondiale. Peu de temps apr\u00e8s avoir plant\u00e9 son premier drapeau en Am\u00e9rique du Nord, Tilta Inc. a rapidement obtenu des r\u00e9sultats impressionnants. Notre si\u00e8ge aux \u00c9tats-Unis est fier d&#8217;\u00eatre l&#8217;une des ressources de production cin\u00e9matographique les plus recherch\u00e9es par les r\u00e9alisateurs d&#8217;Hollywood et les cin\u00e9astes ind\u00e9pendants.<\/p>\n<p>Notre travail avec le Clubhouse de l&#8217;ASC nous a donn\u00e9 de nombreuses occasions de collaborer avec des \u00e9quipes de production locales haut de gamme aux \u00c9tats-Unis. Gr\u00e2ce \u00e0 ce partenariat, nous sommes en mesure de d\u00e9couvrir les coulisses de productions \u00e0 grande \u00e9chelle, d&#8217;avoir un aper\u00e7u des diff\u00e9rents secteurs de l&#8217;industrie du divertissement et de nous appuyer sur nos fondations pour toujours am\u00e9liorer nos produits et r\u00e9pondre aux besoins des professionnels.<\/p>\n<p>Au niveau mondial, nos collaborations avec d&#8217;\u00e9minents directeurs de la photographie nous ont permis d&#8217;affiner nos produits en tenant compte de leurs exp\u00e9riences et de leurs suggestions. Nous esp\u00e9rons que nos petits pas conduiront \u00e0 de grandes avanc\u00e9es pour l&#8217;ensemble du secteur.<\/p>\n<p>Apr\u00e8s des ann\u00e9es de travail acharn\u00e9, les accessoires de contr\u00f4le \u00e9lectronique de Tilta ont fait leur entr\u00e9e sur le march\u00e9 hollywoodien en 2016. La m\u00eame ann\u00e9e, la soci\u00e9t\u00e9 Tilta Inc. a \u00e9t\u00e9 fond\u00e9e et son showroom de Los Angeles a ouvert ses portes en avril 2017.<\/p>\n<p>L&#8217;ann\u00e9e 2020 n&#8217;a pas \u00e9t\u00e9 une ann\u00e9e comme les autres. De nombreux secteurs de notre industrie ont chang\u00e9, mais Tilta a continu\u00e9 \u00e0 aller de l&#8217;avant et \u00e0 r\u00e9pondre aux besoins de notre communaut\u00e9 cin\u00e9matographique qui doit faire face aux nouveaux d\u00e9fis pos\u00e9s par la pand\u00e9mie. Gr\u00e2ce \u00e0 la sortie r\u00e9guli\u00e8re de nouveaux produits, Tilta a pu aider les utilisateurs \u00e0 faire plus avec moins et \u00e0 cr\u00e9er des visuels haut de gamme avec des \u00e9quipes plus r\u00e9duites afin de rester dans les limites de production de Covid. Qu&#8217;il s&#8217;agisse du syst\u00e8me de montage pour voiture Hydra Alien et du kit d&#8217;accessoires personnalisable RED Komodo, ou de l&#8217;\u00e9cosyst\u00e8me DJI RS 2, chaque nouvelle version de Tilta stimule l&#8217;imagination des utilisateurs, conduisant \u00e0 une cr\u00e9ativit\u00e9 et \u00e0 des possibilit\u00e9s infinies.<\/p>\n<p>Parmi eux, le syst\u00e8me de support de cardan portable Tilta Float offre aux utilisateurs la m\u00eame flexibilit\u00e9 et les m\u00eames mouvements que les syst\u00e8mes Steadicam traditionnels, beaucoup plus co\u00fbteux, que l&#8217;on ne voyait jusqu&#8217;\u00e0 pr\u00e9sent que sur les plateaux de tournage \u00e0 gros budget.<\/p>\n<p>L&#8217;Hydra Alien a ouvert une voie r\u00e9volutionnaire en offrant une solution accessible de montage sur voiture pour les cam\u00e9ras sans miroir grand public, ce qui a permis \u00e0 tous les cin\u00e9astes d&#8217;\u00eatre sur un pied d&#8217;\u00e9galit\u00e9.<\/p>\n<p>Tilta n&#8217;a jamais cess\u00e9 de rechercher l&#8217;am\u00e9lioration constante, le design innovant et les produits de haute qualit\u00e9.<\/p>\n<p>Nous sommes toujours en route.<\/p>\n","protected":false},"excerpt":{"rendered":"<p>Fond\u00e9e en 2010, Tilta s&#8217;est toujours engag\u00e9e \u00e0 fournir du mat\u00e9riel de photographie et de cin\u00e9matographie de haute qualit\u00e9. En tant que start-up ambitieuse, nous avons \u00e9tendu notre gamme de produits des kits d&#8217;accessoires pour reflex num\u00e9riques jusqu&#8217;\u00e0 la prise [&hellip;]<\/p>\n","protected":false},"author":1,"featured_media":0,"parent":0,"menu_order":7,"comment_status":"open","ping_status":"open","template":"","meta":{"footnotes":""},"acf":[],"_links":{"self":[{"href":"https:\/\/eu.tilta.com\/fr\/wp-json\/wp\/v2\/pages\/1996618"}],"collection":[{"href":"https:\/\/eu.tilta.com\/fr\/wp-json\/wp\/v2\/pages"}],"about":[{"href":"https:\/\/eu.tilta.com\/fr\/wp-json\/wp\/v2\/types\/page"}],"author":[{"embeddable":true,"href":"https:\/\/eu.tilta.com\/fr\/wp-json\/wp\/v2\/users\/1"}],"replies":[{"embeddable":true,"href":"https:\/\/eu.tilta.com\/fr\/wp-json\/wp\/v2\/comments?post=1996618"}],"version-history":[{"count":0,"href":"https:\/\/eu.tilta.com\/fr\/wp-json\/wp\/v2\/pages\/1996618\/revisions"}],"wp:attachment":[{"href":"https:\/\/eu.tilta.com\/fr\/wp-json\/wp\/v2\/media?parent=1996618"}],"curies":[{"name":"wp","href":"https:\/\/api.w.org\/{rel}","templated":true}]}}