{"id":1999378,"date":"2018-05-09T11:19:26","date_gmt":"2018-05-09T09:19:26","guid":{"rendered":"https:\/\/de.tilta.com\/politique-de-retour\/"},"modified":"2024-09-02T09:58:54","modified_gmt":"2024-09-02T07:58:54","slug":"return-policy","status":"publish","type":"page","link":"https:\/\/eu.tilta.com\/fr\/return-policy\/","title":{"rendered":"Politique de retour"},"content":{"rendered":"<p><b>Vous pouvez faire appel \u00e0 notre service de retour et de remboursement :<\/b><br \/>\n\u221a Dans les 30 jours calendaires suivant la r\u00e9ception d&#8217;un produit, si le produit ne pr\u00e9sente pas de d\u00e9faut de fabrication et s&#8217;il est encore \u00e0 l&#8217;\u00e9tat neuf ou similaire \u00e0 l&#8217;\u00e9tat neuf.<\/p>\n<p>\u221a Dans les 30 jours calendaires suivant la r\u00e9ception d&#8217;un produit si celui-ci pr\u00e9sente un d\u00e9faut de fabrication.<\/p>\n<p><b>Le service de retour et de remboursement ne sera pas assur\u00e9 dans les cas suivants :<\/b><\/p>\n<p>\u00d7 Elle est demand\u00e9e plus de 30 jours calendaires apr\u00e8s la r\u00e9ception d&#8217;un produit.<\/p>\n<p>\u00d7 Un produit n&#8217;est pas livr\u00e9 \u00e0 TILTA dans les 14 jours calendaires suivant l&#8217;envoi par TILTA de la confirmation du service de retour et de remboursement.<\/p>\n<p>\u00d7 L&#8217;article n&#8217;a pas \u00e9t\u00e9 achet\u00e9 sur le site officiel de TILTA ou dans la boutique Amazon. Le retour et le remboursement doivent \u00eatre effectu\u00e9s par l&#8217;interm\u00e9diaire du vendeur d&#8217;origine.<\/p>\n<p>\u00d7 Un produit envoy\u00e9 \u00e0 TILTA pour le service de retour et de remboursement n&#8217;inclut pas tous les accessoires, pi\u00e8ces jointes ou emballages d&#8217;origine, ou tout article n&#8217;est pas dans un \u00e9tat neuf ou comme neuf, c&#8217;est-\u00e0-dire avec des fissures, des bosses ou des rayures.<\/p>\n<p>\u00d7 Une preuve l\u00e9gale d&#8217;achat, un re\u00e7u ou une facture n&#8217;est pas fourni(e) ou on peut raisonnablement penser qu&#8217;il\/elle a \u00e9t\u00e9 falsifi\u00e9(e) ou alt\u00e9r\u00e9(e).<\/p>\n<p>\u00d7 Tout d\u00e9faut ou dommage du produit est d\u00fb \u00e0 une utilisation non autoris\u00e9e ou \u00e0 une modification du produit, y compris l&#8217;exposition \u00e0 l&#8217;humidit\u00e9, la p\u00e9n\u00e9tration de corps \u00e9trangers (eau, huile, sable, etc.) ou une installation ou un fonctionnement incorrects.<\/p>\n<p>\u00d7 Les \u00e9tiquettes du produit, les num\u00e9ros de s\u00e9rie, les marques d&#8217;\u00e9tanch\u00e9it\u00e9, etc. pr\u00e9sentent des signes de falsification ou d&#8217;alt\u00e9ration.<\/p>\n<p>\u00d7 Les dommages sont caus\u00e9s au produit par des facteurs externes incontr\u00f4lables, notamment le feu, les inondations, les vents violents ou la foudre.<\/p>\n<p>\u00d7 Autres circonstances \u00e9nonc\u00e9es dans la pr\u00e9sente politique.<\/p>\n<h4>Instructions pour le retour et le remboursement<\/h4>\n<p>Si vous souhaitez demander un retour et un remboursement, veuillez nous contacter dans les 30 jours calendaires suivant la r\u00e9ception de votre\/vos produit(s).<\/p>\n<p><a href=\"\/contact\/\">Contactez TILTA<\/a> en utilisant l&#8217;adresse \u00e9lectronique que vous avez enregistr\u00e9e pour l&#8217;achat, puis fournissez les informations suivantes :<\/p>\n<p>1) Num\u00e9ro de commande :<br \/>\n2) Adresse \u00e9lectronique enregistr\u00e9e :<br \/>\n3) Retournez le nom du produit et la quantit\u00e9 :<br \/>\n4) Raison du retour :<br \/>\n5) Images ou vid\u00e9os de produits et d&#8217;emballages intacts :<\/p>\n<p>Nous traiterons votre demande de retour et de remboursement dans un d\u00e9lai d&#8217;un ou deux jours ouvrables apr\u00e8s r\u00e9ception de votre courriel.<\/p>\n<h4>D\u00e9lai de remboursement<\/h4>\n<p>Les remboursements seront effectu\u00e9s en utilisant la m\u00eame m\u00e9thode que celle utilis\u00e9e pour effectuer le paiement. La proc\u00e9dure de remboursement sera achev\u00e9e dans un d\u00e9lai de 7 \u00e0 14 jours ouvrables, en fonction de la banque ou de la soci\u00e9t\u00e9 \u00e9mettrice de la carte de cr\u00e9dit.<\/p>\n<p>Le remboursement sera effectu\u00e9 sur le compte de paiement initial. Si vous avez des demandes particuli\u00e8res, veuillez nous en informer \u00e0 l&#8217;avance.<\/p>\n<h4>Offres group\u00e9es<\/h4>\n<p>Pour les commandes group\u00e9es qui contiennent des produits \u00e0 prix r\u00e9duit, les remboursements ne peuvent \u00eatre effectu\u00e9s que pour l&#8217;ensemble de la commande. Les clients ne sont pas autoris\u00e9s \u00e0 proc\u00e9der \u00e0 des remboursements s\u00e9par\u00e9s pour les produits individuels d&#8217;une offre group\u00e9e.<\/p>\n<h4>Exp\u00e9dition de retour<\/h4>\n<p>Les clients doivent payer les frais de retour au centre de service d\u00e9sign\u00e9 (y compris les frais d&#8217;exp\u00e9dition transfrontaliers et internationaux, le cas \u00e9ch\u00e9ant), sauf si le remboursement est d\u00fb \u00e0 des d\u00e9fauts de performance.<\/p>\n<p>&nbsp;<\/p>\n<h4>Perte de colis \/ probl\u00e8me de colis<\/h4>\n<p><b>Le statut du colis indique &#8220;en transit&#8221; depuis 7 jours ou moins :<\/b> Cette situation peut \u00eatre assez courante. Nous vous demandons donc de patienter ou de contacter directement le transporteur. Si le colis reste &#8220;en transit&#8221; pendant plus de <b>7 jours<\/b>, veuillez nous contacter \u00e0<a href=\"\/contact\/\"> Contact TILTA<\/a>, et nous prendrons les mesures n\u00e9cessaires pour examiner le cas avec le transporteur et assurer un suivi ad\u00e9quat.<\/p>\n<p>Le <b>colis arrive endomm<\/b>ag\u00e9 : Si vous recevez un colis endommag\u00e9, veuillez nous contacter \u00e0 <a href=\"\/contact\/\">Contact TILTA <\/a>dans les 7 jours suivant la livraison. Malheureusement, les r\u00e9clamations faites apr\u00e8s cette p\u00e9riode ne peuvent pas \u00eatre accept\u00e9es. Vous devrez fournir des photographies ou des vid\u00e9os de l&#8217;emballage ext\u00e9rieur et des produits endommag\u00e9s. Nos agents vous r\u00e9pondront dans un d\u00e9lai de 1 \u00e0 2 jours ouvrables pour \u00e9valuer la situation, apr\u00e8s quoi nous d\u00e9terminerons s&#8217;il convient de proc\u00e9der \u00e0 un remplacement ou \u00e0 un remboursement.<\/p>\n<p><b>Perte du colis :<\/b> Si vous pensez que votre colis a \u00e9t\u00e9 perdu, veuillez nous contacter \u00e0 l&#8217;adresse <a href=\"\/contact\/\">Contact TILTA<\/a> dans les 7 jours suivant la date de livraison pr\u00e9vue ; nous regrettons de ne pouvoir accepter les r\u00e9clamations soumises apr\u00e8s ce d\u00e9lai. Vous devrez fournir une description d\u00e9taill\u00e9e de la situation et, pour les commandes sup\u00e9rieures \u00e0 200 dollars, un rapport de police sera n\u00e9cessaire. Un agent de notre \u00e9quipe r\u00e9pondra \u00e0 votre demande dans un d\u00e9lai de 1 \u00e0 2 jours ouvrables et, apr\u00e8s avoir \u00e9valu\u00e9 la situation sp\u00e9cifique, il d\u00e9cidera de r\u00e9exp\u00e9dier l&#8217;article ou de proc\u00e9der \u00e0 un remboursement.<\/p>\n<p><b>Veuillez v\u00e9rifier l&#8217;adresse de livraison figurant sur votre commande<\/b>. Si l&#8217;adresse fournie est incorrecte, veuillez noter que Tilta ne sera PAS tenu responsable des probl\u00e8mes d\u00e9coulant de l&#8217;information incorrecte.<\/p>\n<h4>Frais de r\u00e9approvisionnement<\/h4>\n<p>Les articles retourn\u00e9s peuvent \u00eatre soumis \u00e0 des frais de restockage de 30 % s&#8217;il n&#8217;y a pas de d\u00e9faut de fabrication. En outre, toute marchandise renvoy\u00e9e sans son emballage d&#8217;origine ou qui semble avoir \u00e9t\u00e9 utilis\u00e9e peut \u00eatre soumise \u00e0 des frais de restockage car nous ne serons pas en mesure de revendre l&#8217;article \u00e0 l&#8217;\u00e9tat neuf. Cette d\u00e9cision est prise uniquement par Tilta Inc.<\/p>\n<h2>Politique de remplacement<\/h2>\n<p><b>Vous pouvez faire appel \u00e0 notre service de remplacement :<\/b><\/p>\n<p>\u221a Dans les 30 jours calendaires suivant la r\u00e9ception du produit, si le produit ne correspond pas \u00e0 la description originale du produit sur un ou plusieurs points importants.<br \/>\n\u221a Dans les 30 jours calendaires suivant la r\u00e9ception du produit, si le produit pr\u00e9sente un d\u00e9faut de performance.<\/p>\n<p><b>Le service de remplacement n&#8217;est pas assur\u00e9 dans les cas suivants<\/b><\/p>\n<p>\u00d7 Le service est demand\u00e9 plus de 30 jours calendaires apr\u00e8s la r\u00e9ception d&#8217;un produit.<br \/>\n\u00d7 Le produit re\u00e7u n&#8217;a pas \u00e9t\u00e9 renvoy\u00e9 \u00e0 TILTA 14 jours calendaires apr\u00e8s la confirmation du remplacement par TILTA.<\/p>\n<p>\u00d7 L&#8217;article n&#8217;a pas \u00e9t\u00e9 achet\u00e9 sur le site officiel de TILTA, dans la boutique Amazon ou aupr\u00e8s d&#8217;un revendeur agr\u00e9\u00e9 par TILTA. Le remplacement devra \u00eatre effectu\u00e9 par le vendeur d&#8217;origine.<br \/>\n\u00d7 Les preuves l\u00e9gales d&#8217;achat, les re\u00e7us ou les factures ne sont pas fournis, ou on peut raisonnablement penser qu&#8217;ils ont \u00e9t\u00e9 falsifi\u00e9s ou alt\u00e9r\u00e9s.<br \/>\n\u00d7 Un produit envoy\u00e9 \u00e0 TILTA pour remplacement ne contient pas tous les accessoires, pi\u00e8ces jointes et emballages d&#8217;origine, ou contient des \u00e9l\u00e9ments endommag\u00e9s par une erreur de l&#8217;utilisateur.<br \/>\n\u00d7 Un produit est consid\u00e9r\u00e9 comme ne pr\u00e9sentant aucun d\u00e9faut apr\u00e8s que TILTA a effectu\u00e9 tous les tests appropri\u00e9s.<br \/>\n\u00d7 Tout d\u00e9faut ou dommage du produit est d\u00fb \u00e0 une utilisation non autoris\u00e9e ou \u00e0 une modification du produit, y compris l&#8217;exposition \u00e0 l&#8217;humidit\u00e9, la p\u00e9n\u00e9tration de corps \u00e9trangers (eau, huile, sable, etc.) ou une installation ou un fonctionnement incorrects.<br \/>\n\u00d7 Les \u00e9tiquettes ou les num\u00e9ros de s\u00e9rie du produit pr\u00e9sentent des signes d&#8217;alt\u00e9ration ou de modification.<br \/>\n\u00d7 Les dommages sont caus\u00e9s par des facteurs externes incontr\u00f4lables, tels que les incendies, les inondations, les vents violents ou la foudre.<\/p>\n<p>\u00d7 Il n&#8217;est pas possible de fournir une preuve de dommage pendant le transport d\u00e9livr\u00e9e par le transporteur.<br \/>\n\u00d7 Autres circonstances \u00e9nonc\u00e9es dans la pr\u00e9sente politique.<\/p>\n<h4>Instructions de remplacement<\/h4>\n<p>Si vous souhaitez remplacer des produits, veuillez <a href=\"\/contact\/\">contacter TILTA<\/a> dans les 30 jours calendaires suivant la r\u00e9ception des produits et fournir les informations suivantes :<\/p>\n<p>1) Num\u00e9ro de commande :<br \/>\n2) Adresse \u00e9lectronique enregistr\u00e9e :<br \/>\n3) Nom et quantit\u00e9 du produit de remplacement :<br \/>\n4) Raison du remplacement :<\/p>\n<p>Nous traiterons votre demande de retour et de remboursement dans un d\u00e9lai d&#8217;un ou deux jours ouvrables apr\u00e8s r\u00e9ception de votre courriel.<\/p>\n<p>&nbsp;<\/p>\n<h4>Fret de remplacement<\/h4>\n<p>TILTA prend en charge les frais de transport aller-retour pour tout produit envoy\u00e9 en remplacement en raison d&#8217;un d\u00e9faut de performance.<\/p>\n<p>Si le retour n&#8217;est pas li\u00e9 \u00e0 un probl\u00e8me de qualit\u00e9, le client devra prendre en charge les frais d&#8217;exp\u00e9dition aller-retour.<\/p>\n","protected":false},"excerpt":{"rendered":"<p>Vous pouvez faire appel \u00e0 notre service de retour et de remboursement : \u221a Dans les 30 jours calendaires suivant la r\u00e9ception d&#8217;un produit, si le produit ne pr\u00e9sente pas de d\u00e9faut de fabrication et s&#8217;il est encore \u00e0 l&#8217;\u00e9tat [&hellip;]<\/p>\n","protected":false},"author":208,"featured_media":0,"parent":0,"menu_order":0,"comment_status":"closed","ping_status":"closed","template":"","meta":{"footnotes":""},"acf":[],"_links":{"self":[{"href":"https:\/\/eu.tilta.com\/fr\/wp-json\/wp\/v2\/pages\/1999378"}],"collection":[{"href":"https:\/\/eu.tilta.com\/fr\/wp-json\/wp\/v2\/pages"}],"about":[{"href":"https:\/\/eu.tilta.com\/fr\/wp-json\/wp\/v2\/types\/page"}],"author":[{"embeddable":true,"href":"https:\/\/eu.tilta.com\/fr\/wp-json\/wp\/v2\/users\/208"}],"replies":[{"embeddable":true,"href":"https:\/\/eu.tilta.com\/fr\/wp-json\/wp\/v2\/comments?post=1999378"}],"version-history":[{"count":1,"href":"https:\/\/eu.tilta.com\/fr\/wp-json\/wp\/v2\/pages\/1999378\/revisions"}],"predecessor-version":[{"id":2008849,"href":"https:\/\/eu.tilta.com\/fr\/wp-json\/wp\/v2\/pages\/1999378\/revisions\/2008849"}],"wp:attachment":[{"href":"https:\/\/eu.tilta.com\/fr\/wp-json\/wp\/v2\/media?parent=1999378"}],"curies":[{"name":"wp","href":"https:\/\/api.w.org\/{rel}","templated":true}]}}