{"id":1999392,"date":"2018-05-20T16:00:15","date_gmt":"2018-05-20T14:00:15","guid":{"rendered":"https:\/\/de.tilta.com\/politique-de-confidentialite\/"},"modified":"2025-01-14T08:21:21","modified_gmt":"2025-01-14T07:21:21","slug":"privacy-policy","status":"publish","type":"page","link":"https:\/\/eu.tilta.com\/fr\/privacy-policy\/","title":{"rendered":"Politique de confidentialit\u00e9"},"content":{"rendered":"<h2>Qui sommes-nous ?<\/h2>\n<p>Tilta USA est situ\u00e9 \u00e0 1901 W Magnolia Blvd. \u00e0 Burbank, Californie. L&#8217;adresse de notre site web est <a href=\"https:\/\/eu.tilta.com\">eu.tilta.com.<\/a><\/p>\n<h2>Ce que nous collectons et conservons<\/h2>\n<p>Pendant que vous visitez notre site, nous suivons :<\/p>\n<ul>\n<li>Produits que vous avez consult\u00e9s : nous utilisons cette information pour, par exemple, vous montrer les produits que vous avez r\u00e9cemment consult\u00e9s.<\/li>\n<li>Localisation, adresse IP et type de navigateur : nous utilisons ces informations pour estimer les taxes et les frais d&#8217;exp\u00e9dition, par exemple.<\/li>\n<li>Adresse de livraison : nous vous demanderons de saisir cette adresse afin de pouvoir, par exemple, estimer les frais d&#8217;exp\u00e9dition avant que vous ne passiez commande, et vous envoyer la commande !<\/li>\n<\/ul>\n<p>Nous utiliserons \u00e9galement des cookies pour suivre le contenu des paniers lorsque vous naviguez sur notre site.<\/p>\n<p>Lorsque vous effectuez un achat chez nous, nous vous demandons de fournir des informations telles que votre nom, votre adresse de facturation, votre adresse de livraison, votre adresse \u00e9lectronique, votre num\u00e9ro de t\u00e9l\u00e9phone, les d\u00e9tails de votre carte de cr\u00e9dit\/paiement et des informations facultatives sur votre compte, telles que votre nom d&#8217;utilisateur et votre mot de passe. Nous utiliserons ces informations \u00e0 des fins telles que :<\/p>\n<ul>\n<li>vous envoyer des informations sur votre compte et votre commande<\/li>\n<li>r\u00e9pondre \u00e0 vos demandes, y compris les remboursements et les r\u00e9clamations<\/li>\n<li>Traiter les paiements et pr\u00e9venir la fraude<\/li>\n<li>Cr\u00e9ez votre compte pour notre magasin<\/li>\n<li>Respecter les obligations l\u00e9gales qui nous incombent, telles que le calcul des imp\u00f4ts.<\/li>\n<li>Am\u00e9liorer l&#8217;offre de nos magasins<\/li>\n<li>vous envoyer des messages marketing, si vous choisissez de les recevoir<\/li>\n<\/ul>\n<p>Si vous cr\u00e9ez un compte, nous conserverons votre nom, votre adresse, votre adresse \u00e9lectronique et votre num\u00e9ro de t\u00e9l\u00e9phone, qui seront utilis\u00e9s pour remplir le formulaire de commande lors de commandes ult\u00e9rieures.<\/p>\n<p>Nous conservons g\u00e9n\u00e9ralement les informations vous concernant aussi longtemps que nous en avons besoin aux fins pour lesquelles nous les collectons et les utilisons, et nous ne sommes pas l\u00e9galement tenus de continuer \u00e0 les conserver. Par exemple, nous conservons les informations relatives aux commandes pendant 7 ans \u00e0 des fins fiscales et comptables. Il s&#8217;agit de votre nom, de votre adresse \u00e9lectronique et de vos adresses de facturation et de livraison.<\/p>\n<p>Ce site utilise la mise en cache afin de faciliter un temps de r\u00e9ponse plus rapide et une meilleure exp\u00e9rience utilisateur. La mise en cache stocke potentiellement une copie de chaque page web affich\u00e9e sur ce site. Tous les fichiers de cache sont temporaires et ne sont jamais consult\u00e9s par des tiers, sauf si cela est n\u00e9cessaire pour obtenir une assistance technique de la part du fournisseur du plugin de cache. Les fichiers de cache expirent selon un calendrier d\u00e9fini par l&#8217;administrateur du site, mais peuvent facilement \u00eatre purg\u00e9s par l&#8217;administrateur avant leur expiration naturelle, si n\u00e9cessaire.<\/p>\n<p>Nous recueillons des informations sur les visiteurs qui commentent sur les sites utilisant notre service anti-spam Akismet. Les informations que nous recueillons d\u00e9pendent de la mani\u00e8re dont l&#8217;utilisateur configure Akismet pour le site, mais comprennent g\u00e9n\u00e9ralement l&#8217;adresse IP, l&#8217;agent utilisateur, le r\u00e9f\u00e9rent et l&#8217;URL du site du commentateur (ainsi que d&#8217;autres informations directement fournies par le commentateur, telles que son nom, son nom d&#8217;utilisateur, son adresse \u00e9lectronique et le commentaire lui-m\u00eame).<\/p>\n<p>Nous conservons \u00e9galement les commentaires ou les \u00e9valuations, si vous d\u00e9cidez de les laisser.<\/p>\n<h2>Qui, dans notre \u00e9quipe, a acc\u00e8s<\/h2>\n<p>Les membres de notre \u00e9quipe ont acc\u00e8s aux informations que vous nous fournissez. Par exemple, les administrateurs et les chefs d&#8217;atelier peuvent acc\u00e9der \u00e0 l&#8217;application :<\/p>\n<ul>\n<li>les informations relatives aux commandes, telles que les produits achet\u00e9s, la date d&#8217;achat et le lieu d&#8217;exp\u00e9dition, et<\/li>\n<li>Des informations sur les clients, telles que votre nom, votre adresse \u00e9lectronique et vos informations de facturation et d&#8217;exp\u00e9dition.<\/li>\n<\/ul>\n<p>Les membres de notre \u00e9quipe ont acc\u00e8s \u00e0 ces informations pour ex\u00e9cuter les commandes, proc\u00e9der aux remboursements et fournir une assistance \u00e0 la client\u00e8le.<\/p>\n<h2>Ce que nous partageons avec les autres<\/h2>\n<p>Nous partageons des informations avec des tiers qui nous aident \u00e0 vous fournir nos commandes et nos services en magasin ; par exemple, Google Analytics, Facebook Analytics, Cloudflare, FedEx, Mailgun, Mailchimp, Zendesk, Square, et peut-\u00eatre d&#8217;autres \u00e0 l&#8217;avenir.<\/p>\n<p>Nous utilisons ces services pour fournir ce qui suit :<\/p>\n<ul>\n<li>Site web\/support technique et assistance<\/li>\n<li>Analyse du site web et analyse statistique<\/li>\n<li>Publicit\u00e9 sur des sites tiers<\/li>\n<li>Courriels de marketing, avec votre autorisation<\/li>\n<li>Emails transactionnels (re\u00e7us, r\u00e9initialisation de mot de passe, etc.)<\/li>\n<li>Tarifs d&#8217;exp\u00e9dition en temps r\u00e9el pour votre panier<\/li>\n<\/ul>\n<h3>Paiements<\/h3>\n<p>Nous acceptons les paiements par Square et Paypal. Lors du traitement des paiements, certaines de vos donn\u00e9es seront transmises \u00e0 Square, y compris les informations n\u00e9cessaires au traitement ou au soutien du paiement, telles que le montant total de l&#8217;achat et les informations de facturation. Vous pouvez enregistrer votre num\u00e9ro de carte de cr\u00e9dit sur votre compte, mais votre num\u00e9ro de carte de cr\u00e9dit n&#8217;est pas enregistr\u00e9.<\/p>\n<p>Veuillez consulter la <a href=\"https:\/\/squareup.com\/us\/en\/legal\/general\/privacy-no-account\">politique de confidentialit\u00e9 de Square<\/a> ou la <a href=\"https:\/\/www.paypal.com\/us\/legalhub\/privacy-full\">politique de confidentialit\u00e9 de Paypal<\/a> pour plus de d\u00e9tails.<\/p>\n<h2>Quels sont vos droits sur vos donn\u00e9es ?<\/h2>\n<p>Si vous avez un compte sur ce site, ou si vous avez laiss\u00e9 des commentaires, vous pouvez demander \u00e0 recevoir un fichier export\u00e9 des donn\u00e9es personnelles que nous d\u00e9tenons \u00e0 votre sujet, y compris toutes les donn\u00e9es que vous nous avez fournies. Vous pouvez \u00e9galement nous demander d&#8217;effacer toutes les donn\u00e9es personnelles que nous d\u00e9tenons \u00e0 votre sujet. Cela n&#8217;inclut pas les donn\u00e9es que nous sommes oblig\u00e9s de conserver \u00e0 des fins administratives, juridiques ou de s\u00e9curit\u00e9.<\/p>\n<p><a href=\"https:\/\/eu.tilta.com\/contact\">Contactez-nous<\/a> pour plus d&#8217;informations.<\/p>\n<p>&nbsp;<\/p>\n","protected":false},"excerpt":{"rendered":"<p>Qui sommes-nous ? Tilta USA est situ\u00e9 \u00e0 1901 W Magnolia Blvd. \u00e0 Burbank, Californie. L&#8217;adresse de notre site web est eu.tilta.com. Ce que nous collectons et conservons Pendant que vous visitez notre site, nous suivons : Produits que vous [&hellip;]<\/p>\n","protected":false},"author":208,"featured_media":0,"parent":0,"menu_order":0,"comment_status":"closed","ping_status":"closed","template":"","meta":{"footnotes":""},"acf":[],"_links":{"self":[{"href":"https:\/\/eu.tilta.com\/fr\/wp-json\/wp\/v2\/pages\/1999392"}],"collection":[{"href":"https:\/\/eu.tilta.com\/fr\/wp-json\/wp\/v2\/pages"}],"about":[{"href":"https:\/\/eu.tilta.com\/fr\/wp-json\/wp\/v2\/types\/page"}],"author":[{"embeddable":true,"href":"https:\/\/eu.tilta.com\/fr\/wp-json\/wp\/v2\/users\/208"}],"replies":[{"embeddable":true,"href":"https:\/\/eu.tilta.com\/fr\/wp-json\/wp\/v2\/comments?post=1999392"}],"version-history":[{"count":2,"href":"https:\/\/eu.tilta.com\/fr\/wp-json\/wp\/v2\/pages\/1999392\/revisions"}],"predecessor-version":[{"id":2008843,"href":"https:\/\/eu.tilta.com\/fr\/wp-json\/wp\/v2\/pages\/1999392\/revisions\/2008843"}],"wp:attachment":[{"href":"https:\/\/eu.tilta.com\/fr\/wp-json\/wp\/v2\/media?parent=1999392"}],"curies":[{"name":"wp","href":"https:\/\/api.w.org\/{rel}","templated":true}]}}