{"id":2012650,"date":"2024-11-07T10:39:03","date_gmt":"2024-11-07T09:39:03","guid":{"rendered":"https:\/\/eu.tilta.com\/impressum\/"},"modified":"2025-01-08T10:52:43","modified_gmt":"2025-01-08T09:52:43","slug":"impressum","status":"publish","type":"page","link":"https:\/\/eu.tilta.com\/fr\/impressum\/","title":{"rendered":"Impressum"},"content":{"rendered":"<p><strong>UTT Technology GmbH<\/strong><\/p>\n<p>Eingetragene Gesch\u00e4ftsanschrift :<\/p>\n<p>Lise-Meitner-Allee 13<\/p>\n<p>44801 Bochum<\/p>\n<p>Telefon : +49 234 7944 9565<\/p>\n<p>Courriel : <a href=\"mailto:info@tilta.com\">info@tilta.com<\/a><\/p>\n<p>&nbsp;<\/p>\n<p><strong>Registerangaben :<\/strong><\/p>\n<p>Handelsregister AG Bochum<\/p>\n<p>HRB 21934<\/p>\n<p>&nbsp;<\/p>\n<p><strong>Gesch\u00e4ftsf\u00fchrer :<\/strong><\/p>\n<p>Huang Wang<\/p>\n<p>&nbsp;<\/p>\n<p><strong>Umsatzsteueridentifikationsnummer :<\/strong><\/p>\n<p>DE370356389<\/p>\n<p>&nbsp;<\/p>\n<p><strong>Verantwortlicher i.S.d. \u00a7 18 Abs. 2 MStV :<\/strong><\/p>\n<p>Huang Wang<\/p>\n<p>c\/o Lise-Meitner-Allee 13<\/p>\n<p>44801 Bochum<\/p>\n<p>&nbsp;<\/p>\n<p><strong>Plattform der EU zur au\u00dfergerichtlichen Online-Streitbeilegung :<\/strong><br \/>\n<a href=\"https:\/\/webgate.ec.europa.eu\/odr\/\">https:\/\/webgate.ec.europa.eu\/odr\/<\/a><\/p>\n<p>&nbsp;<\/p>\n<p><strong>Informations sur le VSBG :<\/strong><\/p>\n<p>UTT Technology GmbH n&#8217;est pas responsable ni ne peut \u00eatre tenu responsable de l&#8217;utilisation d&#8217;un appareil de mesure de la distance par rapport \u00e0 une station d&#8217;\u00e9puration des gaz d&#8217;\u00e9chappement.<\/p>\n<p>&nbsp;<\/p>\n","protected":false},"excerpt":{"rendered":"<p>UTT Technology GmbH Eingetragene Gesch\u00e4ftsanschrift : Lise-Meitner-Allee 13 44801 Bochum Telefon : +49 234 7944 9565 Courriel : info@tilta.com &nbsp; Registerangaben : Handelsregister AG Bochum HRB 21934 &nbsp; Gesch\u00e4ftsf\u00fchrer : Huang Wang &nbsp; Umsatzsteueridentifikationsnummer : DE370356389 &nbsp; Verantwortlicher i.S.d. \u00a7 [&hellip;]<\/p>\n","protected":false},"author":57023,"featured_media":0,"parent":0,"menu_order":0,"comment_status":"closed","ping_status":"closed","template":"","meta":{"footnotes":""},"acf":[],"_links":{"self":[{"href":"https:\/\/eu.tilta.com\/fr\/wp-json\/wp\/v2\/pages\/2012650"}],"collection":[{"href":"https:\/\/eu.tilta.com\/fr\/wp-json\/wp\/v2\/pages"}],"about":[{"href":"https:\/\/eu.tilta.com\/fr\/wp-json\/wp\/v2\/types\/page"}],"author":[{"embeddable":true,"href":"https:\/\/eu.tilta.com\/fr\/wp-json\/wp\/v2\/users\/57023"}],"replies":[{"embeddable":true,"href":"https:\/\/eu.tilta.com\/fr\/wp-json\/wp\/v2\/comments?post=2012650"}],"version-history":[{"count":1,"href":"https:\/\/eu.tilta.com\/fr\/wp-json\/wp\/v2\/pages\/2012650\/revisions"}],"predecessor-version":[{"id":2026019,"href":"https:\/\/eu.tilta.com\/fr\/wp-json\/wp\/v2\/pages\/2012650\/revisions\/2026019"}],"wp:attachment":[{"href":"https:\/\/eu.tilta.com\/fr\/wp-json\/wp\/v2\/media?parent=2012650"}],"curies":[{"name":"wp","href":"https:\/\/api.w.org\/{rel}","templated":true}]}}