{"id":2016757,"date":"2024-12-19T10:38:08","date_gmt":"2024-12-19T09:38:08","guid":{"rendered":"https:\/\/eu.tilta.com\/recompenses-de-fidelite\/"},"modified":"2025-01-17T12:49:24","modified_gmt":"2025-01-17T11:49:24","slug":"loyalty-rewards","status":"publish","type":"page","link":"https:\/\/eu.tilta.com\/fr\/loyalty-rewards\/","title":{"rendered":"R\u00e9compenses de fid\u00e9lit\u00e9"},"content":{"rendered":"<p>Le site officiel europ\u00e9en de Tilta est en ligne ! Vous offrir une exp\u00e9rience d&#8217;achat localis\u00e9e.<\/p>\n<p>A propos des points<\/p>\n<p><strong>1, Transfert de points :<\/strong><br \/>\nSi vous \u00eates un utilisateur de TILTA en Europe, que vous vous \u00eates inscrit sur tilta.com avant le 18 janvier 2025 et que vous avez gagn\u00e9 des Points, nous conserverons le solde des Points sur votre compte et le transf\u00e9rerons sur les sites europ\u00e9ens (eu.tilta.com), o\u00f9 vous pourrez continuer \u00e0 les utiliser pour vos achats sur les sites europ\u00e9ens.<br \/>\nSi vous constatez que vos points n&#8217;ont pas \u00e9t\u00e9 transf\u00e9r\u00e9s avec succ\u00e8s sur les sites europ\u00e9ens (eu.tilta.com), veuillez nous contacter \u00e0 l&#8217;adresse info@tilta.com.<\/p>\n<p><strong>2, Enregistrement d&#8217;un nouveau compte :<\/strong><br \/>\nApr\u00e8s le 18 janvier 2025, nous ne synchroniserons plus les donn\u00e9es relatives aux points sur tilta.com. Nos trois sites web tilta.com, eu.tilta.com points seront officiellement s\u00e9par\u00e9s les uns des autres. Vous pouvez vous inscrire en tant qu&#8217;utilisateur directement sur les sites officiels europ\u00e9ens (eu.tilta.com) et les nouveaux enregistrements recevront 200 points !<\/p>\n<p><strong>3, Utilisation des points<\/strong><br \/>\n100 points = 1 EUR, vous pouvez d\u00e9duire directement le montant de votre achat lors du paiement !<\/p>\n<div class=\"GREmbedContainer\"><iframe loading=\"lazy\" data-grclass=\"gr_iframe_widget\" class=\"gr_iframe_widget\" vspace=\"0\" hspace=\"0\" width=\"100%\" height=\"400px\" src=\"https:\/\/gratisfaction.appsmav.com\/contest\/referral\/bqWE\" frameborder=\"0\" allow=\"clipboard-read; clipboard-write\">Rewards<\/iframe><\/div>\r\n                    <script>\r\n                    try{if(\"URLSearchParams\"in window){var mavtoken,params={},searchParams=new URLSearchParams(window.location.search);searchParams.has(\"id_ref\")?(params.id_ref=searchParams.get(\"id_ref\"),searchParams.has(\"mavtoken\")&&(params.mavtoken=searchParams.get(\"mavtoken\"))):\"undefined\"==typeof Storage||void 0!==(mavtoken=localStorage.GRmavtoken)&&\"\"!=mavtoken&&null!=mavtoken&&\"null\"!=mavtoken&&\"NULL\"!=mavtoken&&(params.mavtoken=mavtoken);for(var app_url,elems=document.querySelectorAll(\"[data-grclass]\"),sParams=new URLSearchParams(params),i=0;i<elems.length;i++)elems[i].id=\"ec_iframe_\"+i,0<Object.keys(params).length&&(app_url=elems[i].src,app_url+=(-1==app_url.indexOf(\"?\")?\"?\":\"&\")+sParams,elems[i].src=app_url),void 0!==elems[i].className&&\"\"!=elems[i].className||(elems[i].className=\"gr_iframe_widget\")}}catch(a){}\r\n                    <\/script>\n","protected":false},"excerpt":{"rendered":"<p>Le site officiel europ\u00e9en de Tilta est en ligne ! Vous offrir une exp\u00e9rience d&#8217;achat localis\u00e9e. A propos des points 1, Transfert de points : Si vous \u00eates un utilisateur de TILTA en Europe, que vous vous \u00eates inscrit sur [&hellip;]<\/p>\n","protected":false},"author":2,"featured_media":0,"parent":0,"menu_order":0,"comment_status":"closed","ping_status":"closed","template":"","meta":{"footnotes":""},"acf":[],"_links":{"self":[{"href":"https:\/\/eu.tilta.com\/fr\/wp-json\/wp\/v2\/pages\/2016757"}],"collection":[{"href":"https:\/\/eu.tilta.com\/fr\/wp-json\/wp\/v2\/pages"}],"about":[{"href":"https:\/\/eu.tilta.com\/fr\/wp-json\/wp\/v2\/types\/page"}],"author":[{"embeddable":true,"href":"https:\/\/eu.tilta.com\/fr\/wp-json\/wp\/v2\/users\/2"}],"replies":[{"embeddable":true,"href":"https:\/\/eu.tilta.com\/fr\/wp-json\/wp\/v2\/comments?post=2016757"}],"version-history":[{"count":1,"href":"https:\/\/eu.tilta.com\/fr\/wp-json\/wp\/v2\/pages\/2016757\/revisions"}],"predecessor-version":[{"id":2026621,"href":"https:\/\/eu.tilta.com\/fr\/wp-json\/wp\/v2\/pages\/2016757\/revisions\/2026621"}],"wp:attachment":[{"href":"https:\/\/eu.tilta.com\/fr\/wp-json\/wp\/v2\/media?parent=2016757"}],"curies":[{"name":"wp","href":"https:\/\/api.w.org\/{rel}","templated":true}]}}