{"id":2016766,"date":"2024-11-13T10:47:05","date_gmt":"2024-11-13T09:47:05","guid":{"rendered":"https:\/\/eu.tilta.com\/protection-des-donnees\/"},"modified":"2024-11-13T10:47:05","modified_gmt":"2024-11-13T09:47:05","slug":"datenschutz","status":"publish","type":"page","link":"https:\/\/eu.tilta.com\/fr\/datenschutz\/","title":{"rendered":"Protection des donn\u00e9es"},"content":{"rendered":"<p><strong>\u00a7 1 Information sur la collecte de donn\u00e9es personnelles<\/strong><br \/>\n(1) Dans les paragraphes suivants, nous vous informons sur la collecte de donn\u00e9es personnelles lors de l&#8217;utilisation de notre site web. Les donn\u00e9es personnelles sont toutes les donn\u00e9es qui vous concernent personnellement. B. Nom, adresse, adresses de courrier \u00e9lectronique, nom de l&#8217;utilisateur.<br \/>\n(2) Verantwortliche gem. Art. 4 Abs. 7 EU-Datenschutz-Grundverordnung (DS-GVO) ist die UTT Technology GmbH<br \/>\nLise-Meinter-Allee 13, D-44801 Bochum<a href=\"\/impressum\/\" target=\"_blank\" rel=\"noopener\">(voir aussi erg\u00e4nzend unser Impressum<\/a>).<br \/>\n(3) Lors de votre contact avec nous par courrier \u00e9lectronique ou par l&#8217;interm\u00e9diaire d&#8217;un formulaire de contact, les donn\u00e9es fournies par vous (votre adresse \u00e9lectronique, votre nom, vos donn\u00e9es d&#8217;adresse et votre num\u00e9ro de t\u00e9l\u00e9phone) nous seront communiqu\u00e9es afin que nous puissions r\u00e9pondre \u00e0 vos questions. Dans ce contexte, nous acceptons les donn\u00e9es ant\u00e9rieures, m\u00eame si la garantie n&#8217;est plus n\u00e9cessaire, ou nous refusons de les traiter si les exigences l\u00e9gales en mati\u00e8re de protection sont remplies.<br \/>\n(4) Si, pour certaines fonctions de notre syst\u00e8me, nous faisons appel \u00e0 des prestataires de services agr\u00e9\u00e9s ou si nous utilisons vos donn\u00e9es \u00e0 des fins non commerciales, nous vous informerons sans d\u00e9lai, dans le d\u00e9tail, des raisons qui motivent cette d\u00e9cision. Nous connaissons \u00e9galement les crit\u00e8res d&#8217;\u00e9valuation de la qualit\u00e9 de vie qui ont \u00e9t\u00e9 d\u00e9finis.<\/p>\n<p><strong>\u00a7 2 Ihre Rechte<\/strong><br \/>\n(1) Vous avez \u00e0 l&#8217;\u00e9gard de nous les droits suivants en ce qui concerne les donn\u00e9es personnelles que vous avez communiqu\u00e9es : &#8211; droit d&#8217;acc\u00e8s, &#8211; droit d&#8217;enregistrement ou de rectification, &#8211; droit d&#8217;acc\u00e8s au traitement, &#8211; droit d&#8217;opposition au traitement, &#8211; droit d&#8217;acc\u00e8s aux donn\u00e9es, &#8211; droit d&#8217;acc\u00e8s aux donn\u00e9es.<br \/>\n(2) Vous avez donc le droit de vous adresser \u00e0 une autorit\u00e9 comp\u00e9tente en mati\u00e8re de protection des donn\u00e9es pour obtenir le traitement de vos donn\u00e9es personnelles par nous.<\/p>\n<p><strong>\u00a7 3 Collecte de donn\u00e9es personnelles lors de la consultation de notre site web<\/strong><br \/>\n(1) Lors de l&#8217;utilisation du site web, m\u00eame si vous ne vous inscrivez pas ou si vous nous transmettez des informations compl\u00e9mentaires, nous ne recueillons que les donn\u00e9es personnelles que votre navigateur transmet \u00e0 notre serveur. Si vous souhaitez consulter notre site web, nous vous transmettons les donn\u00e9es suivantes, qui sont techniquement n\u00e9cessaires pour nous permettre d&#8217;analyser notre site web et d&#8217;en garantir la stabilit\u00e9 et la s\u00e9curit\u00e9 (conform\u00e9ment \u00e0 l&#8217;article 6, paragraphe 1, point 1, lettre f, de la loi sur la protection des donn\u00e9es) :- Adresse IP &#8211; Date et heure de l&#8217;envoi &#8211; Temps moyen de Greenwich (GMT) &#8211; Contenu de l&#8217;injonction (page principale) &#8211; Statut de l&#8217;injonction\/HTTP-Statuscode &#8211; donn\u00e9es compl\u00e9mentaires &#8211; Site web, d&#8217;o\u00f9 provient l&#8217;injonction &#8211; Navigateur &#8211; Syst\u00e8me d&#8217;exploitation et son environnement &#8211; Langue et version du logiciel de navigation.<br \/>\n(2) Dans le cadre de votre utilisation de notre site Web, des cookies seront ajout\u00e9s \u00e0 votre ordinateur, en plus des donn\u00e9es susmentionn\u00e9es. Les cookies se rapportent \u00e0 de petites donn\u00e9es textuelles qui, sur la page d&#8217;accueil du navigateur utilis\u00e9 par l&#8217;utilisateur, ont \u00e9t\u00e9 enregistr\u00e9es et qui permettent \u00e0 l&#8217;utilisateur d&#8217;obtenir les informations les plus pertinentes. Les cookies ne permettent pas d&#8217;utiliser des programmes ou des virus sur votre ordinateur. Il s&#8217;agit de faire en sorte que le service Internet soit le plus convivial et le plus efficace possible.<br \/>\n(3) Utilisation de cookies : a) Ce site web contient les types de cookies suivants, dont l&#8217;utilisation et les fonctions sont d\u00e9crites ci-apr\u00e8s : &#8211; les cookies transitoires (point b) &#8211; les cookies persistants (point c). b) Les cookies transitoires sont automatiquement activ\u00e9s lorsque vous ouvrez votre navigateur. Il s&#8217;agit notamment des cookies de session. Ces cookies contiennent un identifiant de session unique, qui vous permet d&#8217;acc\u00e9der \u00e0 diff\u00e9rentes informations sur votre navigateur. De ce fait, votre facture ne sera pas prise en compte lorsque vous visiterez notre site web. Les cookies de session sont d\u00e9sactiv\u00e9s lorsque vous quittez le site ou que vous modifiez votre navigateur. c) Les cookies persistants sont activ\u00e9s automatiquement apr\u00e8s une dur\u00e9e d\u00e9termin\u00e9e, qui ne peut \u00eatre inf\u00e9rieure \u00e0 celle du cookie. Vous pouvez modifier les cookies dans les configurations de s\u00e9curit\u00e9 de votre navigateur \u00e0 tout moment. d) Vous pouvez configurer la configuration de votre navigateur en fonction de vos souhaits, notamment en ce qui concerne l&#8217;utilisation de cookies de tiers ou de tous les cookies. Nous vous informons que vous ne pourrez \u00e9ventuellement pas utiliser toutes les fonctions de ce site web. e) Nous utilisons \u00e9galement des objets de stockage HTML5, qui sont stock\u00e9s dans votre terminal. Ces objets stockent les donn\u00e9es n\u00e9cessaires sans interruption dans le navigateur utilis\u00e9 et n&#8217;ont pas de date d&#8217;expiration automatique. L&#8217;utilisation d&#8217;objets de stockage HTML5 peut vous g\u00eaner si vous installez un mode priv\u00e9 dans votre navigateur. Nous vous conseillons donc de supprimer r\u00e9guli\u00e8rement vos cookies et d&#8217;annuler manuellement le changement de navigateur.<\/p>\n<p><strong>\u00a7 4 Utilisation de Google Analytics<\/strong><br \/>\n(1) Ce site Web utilise Google Analytics, un service d&#8217;analyse Web de Google Inc. (&#8220;Google&#8221;). Google Analytics est \u00e9galement utilis\u00e9. Les &#8220;cookies&#8221; sont des donn\u00e9es textuelles qui sont stock\u00e9es sur votre ordinateur et qui permettent d&#8217;analyser votre utilisation du site web. Les informations obtenues \u00e0 l&#8217;aide d&#8217;un cookie sur votre utilisation de ce site Web sont transf\u00e9r\u00e9es, dans le respect du r\u00e8glement, \u00e0 un serveur de Google aux \u00c9tats-Unis, o\u00f9 elles sont g\u00e9r\u00e9es. En cas d&#8217;activation de l&#8217;anonymisation IP sur ce site web, l&#8217;adresse IP de Google sera conserv\u00e9e au sein des \u00c9tats membres de l&#8217;Union europ\u00e9enne ou dans d&#8217;autres \u00c9tats membres de l&#8217;accord sur le climat \u00e9conomique europ\u00e9en en vigueur jusqu&#8217;\u00e0 pr\u00e9sent. Dans certains cas, l&#8217;adresse IP vol\u00e9e sera transmise \u00e0 un serveur de Google aux \u00c9tats-Unis et y sera conserv\u00e9e. \u00c0 la demande des utilisateurs de ce site Web, Google utilisera ces informations afin d&#8217;am\u00e9liorer l&#8217;utilisation du site Web, d&#8217;\u00e9tablir des rapports sur les activit\u00e9s du site Web et de fournir d&#8217;autres services li\u00e9s \u00e0 la protection du site Web et \u00e0 la navigation sur Internet \u00e0 l&#8217;intention de l&#8217;utilisateur du site Web.<br \/>\n(2) L&#8217;adresse IP transmise \u00e0 votre navigateur dans le cadre de Google Analytics ne sera pas combin\u00e9e \u00e0 d&#8217;autres donn\u00e9es de Google.<br \/>\n(3) Vous pouvez autoriser l&#8217;utilisation des cookies par une configuration appropri\u00e9e de votre logiciel de navigation ; nous vous informons toutefois que, dans ce cas, vous ne pouvez pas utiliser les fonctions de ce site Web de mani\u00e8re syst\u00e9matique. Vous pouvez notamment autoriser la collecte de donn\u00e9es (notamment l&#8217;adresse IP) par le biais du cookie et de votre utilisation du site Web \u00e0 Google, ainsi que le traitement de ces donn\u00e9es par Google, en utilisant le module d&#8217;extension de navigateur suivant : http:\/\/tools.google.com\/dlpage\/gaoptout?hl=de.<br \/>\n(4) Ce site Web utilise Google Analytics avec la modification &#8220;_anonymizeIp()&#8221;. Les adresses IP ne sont pas toujours v\u00e9rifi\u00e9es et la confidentialit\u00e9 de la personne ne peut pas \u00eatre exclue. Si les donn\u00e9es que vous avez collect\u00e9es font l&#8217;objet d&#8217;un signalement de personne, ce signalement est imm\u00e9diatement supprim\u00e9 et les donn\u00e9es relatives \u00e0 la personne sont alors gel\u00e9es.<br \/>\n(5) Nous utilisons Google Analytics pour analyser et am\u00e9liorer r\u00e9guli\u00e8rement la navigation sur notre site web. Les statistiques obtenues nous permettent d&#8217;am\u00e9liorer notre offre et de la rendre plus int\u00e9ressante pour vous en tant qu&#8217;utilisateur. Pour les applications dans lesquelles des donn\u00e9es personnelles sont conserv\u00e9es aux \u00c9tats-Unis, Google a obtenu le bouclier de protection de la vie priv\u00e9e entre l&#8217;UE et les \u00c9tats-Unis, https:\/\/www.privacyshield.gov\/EU-US-Framework. Le droit applicable \u00e0 l&#8217;utilisation de Google Analytics est l&#8217;article 6, paragraphe 1, de la loi sur la protection de la vie priv\u00e9e de l&#8217;Union europ\u00e9enne. 6 Abs. 1 S. 1 lit. f DS-GVO.<br \/>\n(6) Informationen des Drittanbieters : Google Dublin, Google Ireland Ltd, Gordon House, Barrow Street, Dublin 4, Irlande, Fax : +353 (1) 436 1001. Nutzerbedingungen : http:\/\/www.google.com\/analytics\/terms\/de.html, \u00dcbersicht zum Datenschutz : http:\/\/www.google.com\/intl\/de\/analytics\/learn\/privacy.html, sowie die Datenschutzerkl\u00e4rung : http:\/\/www.google.de\/intl\/de\/policies\/privacy.<\/p>\n<p><strong>\u00a7 5 Utilisation de Google Maps<\/strong><br \/>\n(1) Sur ce site Web, nous utilisons le service Google Maps. Par cons\u00e9quent, nous pouvons afficher les cartes interactives directement sur le site web et vous aider \u00e0 utiliser confortablement la fonction de carte.<br \/>\n(2) En visitant le site, Google re\u00e7oit l&#8217;information selon laquelle vous avez acc\u00e9d\u00e9 \u00e0 la partie correspondante de notre site. Les donn\u00e9es d\u00e9sign\u00e9es conform\u00e9ment \u00e0 l&#8217;article 3 de la pr\u00e9sente d\u00e9claration seront alors transmises. Ce processus se d\u00e9roule ind\u00e9pendamment du fait que Google ait cr\u00e9\u00e9 un compte de d\u00e9p\u00f4t, sur lequel vous \u00eates interrog\u00e9s, ou qu&#8217;il n&#8217;y ait pas de compte de d\u00e9p\u00f4t. Si vous \u00eates connect\u00e9 \u00e0 Google, vos donn\u00e9es seront stock\u00e9es directement dans votre compte. Si vous ne souhaitez pas que votre profil soit pris en compte par Google, vous devez l&#8217;annuler avant l&#8217;activation des boutons. Google utilise vos donn\u00e9es en tant que profil de confidentialit\u00e9 et les utilise \u00e0 des fins de recherche, d&#8217;\u00e9tude de march\u00e9 et\/ou d&#8217;optimisation de son site Web. Une telle \u00e9valuation est effectu\u00e9e en particulier (m\u00eame pour les utilisateurs non \u00e9ligibles) pour favoriser un travail de qualit\u00e9 et pour informer les autres utilisateurs du r\u00e9seau social de leurs activit\u00e9s sur notre site web. Vous avez un droit d&#8217;acc\u00e8s \u00e0 la construction de votre profil d&#8217;utilisateur, si vous souhaitez l&#8217;utiliser sur Google.<br \/>\n(3) Vous trouverez d&#8217;autres informations sur l&#8217;objectif et l&#8217;\u00e9tendue de la collecte de donn\u00e9es et de son traitement par l&#8217;adaptateur du plug-in dans les dispositions relatives \u00e0 la collecte de donn\u00e9es de l&#8217;annexe. Vous trouverez ici d&#8217;autres informations sur vos droits et possibilit\u00e9s d&#8217;utilisation de ces donn\u00e9es dans le cadre de la protection de votre vie priv\u00e9e : http:\/\/www.google.de\/intl\/de\/policies\/privacy. Google traite vos donn\u00e9es personnelles \u00e9galement aux \u00c9tats-Unis et a adh\u00e9r\u00e9 au bouclier de protection de la vie priv\u00e9e UE-\u00c9tats-Unis, https:\/\/www.privacyshield.gov\/EU-US-Framework.<\/p>\n<p><strong>\u00a7 6 Utilisation de Google reCaptcha<\/strong><br \/>\nPour prot\u00e9ger vos droits par Internetformular, nous utilisons le syst\u00e8me reCAPTCHA de l&#8217;entreprise Google Inc. (Google). L&#8217;infraction est li\u00e9e \u00e0 la question de savoir si l&#8217;utilisation doit \u00eatre effectu\u00e9e par une personne ou par un traitement automatis\u00e9 et m\u00e9canis\u00e9. L&#8217;abr\u00e9viation signifie que l&#8217;adresse IP a \u00e9t\u00e9 modifi\u00e9e et qu&#8217;il n&#8217;y a pas eu de changement de nom. d&#8217;autre part, de Google pour l&#8217;utilisation de reCAPTCHA en tant que base de donn\u00e9es de Google. C&#8217;est pourquoi votre demande sera transmise \u00e0 Google, qui l&#8217;utilisera \u00e0 d&#8217;autres fins. Gr\u00e2ce \u00e0 l&#8217;utilisation de reCaptcha, vous comprenez ainsi que l&#8217;identification que vous avez d\u00e9finie dans la num\u00e9risation de vos travaux doit \u00eatre prise en compte. Lors de l&#8217;activation de l&#8217;anonymisation IP sur ce site Web, l&#8217;adresse IP de Google sera supprim\u00e9e au sein des \u00c9tats membres de l&#8217;Union europ\u00e9enne ou dans d&#8217;autres \u00c9tats membres de l&#8217;accord sur le climat \u00e9conomique europ\u00e9en en vigueur jusqu&#8217;\u00e0 pr\u00e9sent. Dans certains cas, l&#8217;adresse IP vol\u00e9e sera transmise \u00e0 un serveur de Google aux \u00c9tats-Unis et y sera conserv\u00e9e. \u00c0 la demande de l&#8217;utilisateur de ce site Web, Google fournira ces informations afin d&#8217;optimiser l&#8217;utilisation de ce service. L&#8217;adresse IP transmise par votre navigateur dans le cadre de la proc\u00e9dure ReCaptcha n&#8217;est pas prise en compte dans les autres donn\u00e9es de Google. Ces donn\u00e9es sont r\u00e9gies par les dispositions relatives \u00e0 la protection des donn\u00e9es de l&#8217;entreprise Google. Vous trouverez d&#8217;autres informations sur les directives de Google en mati\u00e8re de protection des donn\u00e9es \u00e0 l&#8217;adresse suivante : https:\/\/www.google.com\/intl\/de\/policies\/privacy\/.<\/p>\n<p>(Date limite : novembre 2024)<\/p>\n","protected":false},"excerpt":{"rendered":"<p>\u00a7 1 Information sur la collecte de donn\u00e9es personnelles (1) Dans les paragraphes suivants, nous vous informons sur la collecte de donn\u00e9es personnelles lors de l&#8217;utilisation de notre site web. Les donn\u00e9es personnelles sont toutes les donn\u00e9es qui vous concernent [&hellip;]<\/p>\n","protected":false},"author":57023,"featured_media":0,"parent":0,"menu_order":0,"comment_status":"closed","ping_status":"closed","template":"","meta":{"footnotes":""},"acf":[],"_links":{"self":[{"href":"https:\/\/eu.tilta.com\/fr\/wp-json\/wp\/v2\/pages\/2016766"}],"collection":[{"href":"https:\/\/eu.tilta.com\/fr\/wp-json\/wp\/v2\/pages"}],"about":[{"href":"https:\/\/eu.tilta.com\/fr\/wp-json\/wp\/v2\/types\/page"}],"author":[{"embeddable":true,"href":"https:\/\/eu.tilta.com\/fr\/wp-json\/wp\/v2\/users\/57023"}],"replies":[{"embeddable":true,"href":"https:\/\/eu.tilta.com\/fr\/wp-json\/wp\/v2\/comments?post=2016766"}],"version-history":[{"count":0,"href":"https:\/\/eu.tilta.com\/fr\/wp-json\/wp\/v2\/pages\/2016766\/revisions"}],"wp:attachment":[{"href":"https:\/\/eu.tilta.com\/fr\/wp-json\/wp\/v2\/media?parent=2016766"}],"curies":[{"name":"wp","href":"https:\/\/api.w.org\/{rel}","templated":true}]}}