{"id":2026248,"date":"2018-10-23T12:34:47","date_gmt":"2018-10-23T10:34:47","guid":{"rendered":"https:\/\/eu.tilta.com\/affiliate-area\/accord-daffiliation-a-tilta\/"},"modified":"2018-10-23T12:34:47","modified_gmt":"2018-10-23T10:34:47","slug":"affiliate-agreement","status":"publish","type":"page","link":"https:\/\/eu.tilta.com\/fr\/affiliate-area\/affiliate-agreement\/","title":{"rendered":"Accord d&#8217;affiliation \u00e0 Tilta"},"content":{"rendered":"<p><strong>Inscription des affili\u00e9s<\/strong><\/p>\n<p>Nous examinons et mod\u00e9rons tous les enregistrements d&#8217;affili\u00e9s et nous appr\u00e9cions vos informations pr\u00e9cises et honn\u00eates. Veuillez noter que le processus de r\u00e9vision peut prendre quelques jours &#8211; nous savons que vous \u00eates impatient de rejoindre notre \u00e9quipe d&#8217;affili\u00e9s et nous appr\u00e9cions votre patience !<\/p>\n<p>Si vous \u00eates approuv\u00e9, c&#8217;est g\u00e9nial ! Vous recevrez un identifiant de parrainage unique que vous pourrez utiliser pour promouvoir Tilta par le biais de liens de parrainage. Consultez votre <a href=\"\/affiliate-area\/\">zone d&#8217;affiliation<\/a> priv\u00e9e pour obtenir des informations sur les visites et les r\u00e9f\u00e9rences, des images, des banni\u00e8res, des graphiques et bien plus encore (&#8220;Contenu du programme&#8221;) !<\/p>\n<p>EN SOUMETTANT UNE DEMANDE D&#8217;ADH\u00c9SION OU EN PARTICIPANT AU PROGRAMME D&#8217;AFFILIATION, VOUS CONFIRMEZ QUE VOUS AVEZ LU LE PR\u00c9SENT ACCORD ET LES CONDITIONS G\u00c9N\u00c9RALES DE TILTA ET QUE VOUS ACCEPTEZ D&#8217;\u00caTRE LI\u00c9 PAR CES CONDITIONS G\u00c9N\u00c9RALES. En participant au programme d&#8217;affiliation, vous acceptez \u00e9galement les <a href=\"\/affiliate-area\/program-policies\/\">politiques du programme<\/a>, qui sont incorpor\u00e9es par r\u00e9f\u00e9rence.<\/p>\n<p>Le programme d&#8217;affiliation de Tilta vous permet de mon\u00e9tiser votre site web, votre contenu g\u00e9n\u00e9r\u00e9 par l&#8217;utilisateur sur les m\u00e9dias sociaux ou votre application logicielle en ligne (d\u00e9sign\u00e9s ici comme votre &#8220;site&#8221;), en pla\u00e7ant sur votre site des liens vers un site web de Tilta (&#8220;site de Tilta&#8221;). Vous devez utiliser correctement les formats de liens de r\u00e9f\u00e9rence que nous fournissons et vous conformer au pr\u00e9sent accord (&#8220;liens sp\u00e9ciaux&#8221;).<\/p>\n<p>&nbsp;<\/p>\n<p><strong>Commissions et paiements<\/strong><\/p>\n<p>Vous recevrez une <strong>commission de 5% <\/strong>sur le prix d&#8217;achat lorsqu&#8217;un client effectue un achat sur Tilta.com en utilisant votre lien de parrainage.<\/p>\n<p>Nous payons les commissions d&#8217;affiliation <strong>en euros (\u20ac)<\/strong> <strong>par virement bancaire<\/strong>. Nous ne payons que les commissions <strong>datant de plus de 60 jours, le paiement \u00e9tant effectu\u00e9 dans les 90 jours suivant la fin du mois.<\/strong> Le <strong>solde minimum de paiement est de 20,00 \u20ac.<\/strong> Il n&#8217;y a pas de solde de paiement maximum. Nous vous demanderons de remplir un formulaire W9 \u00e0 des fins fiscales avant tout paiement.<\/p>\n<p>Nous n&#8217;autorisons pas la cr\u00e9ation de r\u00e9f\u00e9rences pour vos propres achats. Nous n&#8217;offrons pas de r\u00e9f\u00e9rences r\u00e9currentes.<\/p>\n<p>Voici en r\u00e9sum\u00e9 les d\u00e9tails de notre programme :<\/p>\n<ul>\n<li>Vous recevrez une commission de 5 % pour chaque<em> vente<\/em> que vous recommandez.<\/li>\n<li>Solde minimum de paiement de 20,00 \u20ac, et pas de paiement maximum (nous payons en euros (\u20ac))<\/li>\n<li>Commissions pay\u00e9es tous les 30 jours<\/li>\n<li>Les recommandations sont pay\u00e9es par virement bancaire.<\/li>\n<li>Les recommandations ne peuvent pas \u00eatre g\u00e9n\u00e9r\u00e9es par vos propres achats (y compris en utilisant une adresse \u00e9lectronique diff\u00e9rente).<\/li>\n<\/ul>\n<p>&nbsp;<\/p>\n<p><strong>Clients de Tilta<\/strong><\/p>\n<p>Nos clients ne sont pas, du fait de votre participation au programme d&#8217;affiliation, vos clients. Entre vous et nous, tous les prix, conditions de vente, r\u00e8gles, politiques et proc\u00e9dures op\u00e9rationnelles concernant les commandes des clients, le service \u00e0 la client\u00e8le et les ventes de produits \u00e9nonc\u00e9s sur le site web de Tilta s&#8217;appliqueront \u00e0 ces clients et peuvent \u00eatre modifi\u00e9s \u00e0 tout moment. Vous ne vous occuperez pas des contacts avec nos clients et, si l&#8217;un d&#8217;entre eux vous contacte pour une question li\u00e9e \u00e0 l&#8217;interaction avec le site web de Tilta, vous indiquerez \u00e0 ces clients qu&#8217;ils doivent suivre les instructions de contact figurant sur le site web de Tilta pour r\u00e9soudre les probl\u00e8mes de service \u00e0 la client\u00e8le.<\/p>\n<p>&nbsp;<\/p>\n<p><strong>Garanties<\/strong><\/p>\n<p>Vous d\u00e9clarez, garantissez et convenez que (a) vous participerez au programme d&#8217;affiliation et cr\u00e9erez, maintiendrez et exploiterez votre site conform\u00e9ment au pr\u00e9sent accord, (b) ni votre participation au programme d&#8217;affiliation ni la cr\u00e9ation, la maintenance ou l&#8217;exploitation de votre site n&#8217;enfreindront les lois, ordonnances, r\u00e8gles, r\u00e9glementations, ordres, licences, permis, lignes directrices, codes de pratique, normes industrielles, r\u00e8gles d&#8217;autor\u00e9gulation, jugements, d\u00e9cisions ou autres exigences applicables de toute autorit\u00e9 gouvernementale ayant comp\u00e9tence sur vous (y compris toutes les r\u00e8gles r\u00e9gissant les communications, la protection des donn\u00e9es, la publicit\u00e9 et le marketing), (c) vous \u00eates l\u00e9galement en mesure de conclure des contrats (par exemple, vous n&#8217;\u00eates pas mineur ou l\u00e9galement emp\u00each\u00e9 de conclure des contrats), (d) vous avez \u00e9valu\u00e9 de mani\u00e8re ind\u00e9pendante l&#8217;opportunit\u00e9 de participer au programme d&#8217;affiliation et vous ne vous appuyez sur aucune repr\u00e9sentation, garantie ou d\u00e9claration autre que celles express\u00e9ment \u00e9nonc\u00e9es dans le pr\u00e9sent accord, (e) vous ne participerez pas au programme d&#8217;affiliation si vous faites l&#8217;objet de sanctions am\u00e9ricaines ou de sanctions conformes \u00e0 la l\u00e9gislation locale impos\u00e9es par les gouvernements du pays dans lequel vous utilisez les services de notre programme d&#8217;affiliation ; (f) vous vous conformerez \u00e0 toutes les restrictions d&#8217;exportation et de r\u00e9exportation de l&#8217;Union europ\u00e9enne ou autres qui peuvent s&#8217;appliquer aux biens, aux logiciels, aux technologies et aux services, et (g) les informations que vous fournissez dans le cadre du programme des affili\u00e9s sont \u00e0 tout moment exactes et compl\u00e8tes. Vous pouvez mettre \u00e0 jour vos informations en vous connectant \u00e0 votre compte sur le portail de l&#8217;Espace Affili\u00e9s&#8221;.<\/p>\n<p>Nous ne faisons aucune d\u00e9claration, ne donnons aucune garantie et ne prenons aucun engagement concernant le volume de trafic ou les frais que vous pouvez escompter \u00e0 tout moment dans le cadre du programme des associ\u00e9s, et nous ne serons pas responsables des actions que vous entreprendrez sur la base de vos attentes.<\/p>\n<p>&nbsp;<\/p>\n<p><strong>S&#8217;identifier en tant qu&#8217;affili\u00e9<\/strong><\/p>\n<p>Vous devez clairement indiquer ce qui suit, ou toute autre d\u00e9claration substantiellement similaire, sur votre site ou tout autre endroit o\u00f9 Tilta peut autoriser votre affichage ou toute autre utilisation du contenu du programme : &#8220;En tant qu&#8217;affili\u00e9 de Tilta, je gagne de l&#8217;argent gr\u00e2ce \u00e0 des achats qualifi\u00e9s. \u00c0 l&#8217;exception de cette divulgation, vous ne ferez aucune communication publique concernant le pr\u00e9sent accord ou votre participation au programme d&#8217;affiliation sans notre autorisation \u00e9crite pr\u00e9alable. Vous ne devez pas d\u00e9former ou embellir notre relation avec vous (y compris en exprimant ou en laissant entendre que nous vous soutenons, que nous vous parrainons ou que nous vous approuvons), ni exprimer ou laisser entendre une quelconque affiliation entre nous et vous ou toute autre personne ou entit\u00e9, sauf dans les cas express\u00e9ment autoris\u00e9s par le pr\u00e9sent accord.<\/p>\n<p>&nbsp;<\/p>\n<p><strong>Dur\u00e9e de vie du cookie de recommandation<\/strong><\/p>\n<p>Lorsqu&#8217;un client potentiel clique sur votre lien de r\u00e9f\u00e9rence, un cookie est stock\u00e9 dans son navigateur afin de suivre votre r\u00e9f\u00e9rence. Le cookie est ensuite stock\u00e9 pour une p\u00e9riode <strong>de 7 jours<\/strong> afin de donner \u00e0 vos clients r\u00e9f\u00e9renc\u00e9s le temps de d\u00e9cider s&#8217;ils souhaitent acheter le Nucleus Nano, ou de nous poser toutes les questions qu&#8217;ils pourraient avoir avant la vente. Dans le cas o\u00f9 deux affili\u00e9s envoient des r\u00e9f\u00e9rences sur le site web de Tilta, la commission ira \u00e0 l&#8217;affili\u00e9 dont le lien a \u00e9t\u00e9 cliqu\u00e9 en dernier.<\/p>\n<p>Une recommandation ne sera pas accord\u00e9e si :<\/p>\n<ol>\n<li>Le client utilise un navigateur diff\u00e9rent de celui qu&#8217;il a utilis\u00e9 pour visiter notre site (parce que le cookie n&#8217;existe pas dans ce navigateur).<\/li>\n<li>Le client ach\u00e8te apr\u00e8s 7 jours (parce que le cookie expire).<\/li>\n<\/ol>\n<p>&nbsp;<\/p>\n<p><strong>Achats rembours\u00e9s<\/strong><\/p>\n<p>Les recommandations datant de plus de 7 jours et en r\u00e8gle (c&#8217;est-\u00e0-dire que l&#8217;achat n&#8217;a pas \u00e9t\u00e9 rembours\u00e9) seront incluses dans chaque paiement de commission (si le solde de la commission s&#8217;\u00e9l\u00e8ve \u00e0 20,00 $ ou plus). Si un achat est rembours\u00e9, aucune commission ne sera vers\u00e9e pour ce parrainage.<\/p>\n<p>Nous nous r\u00e9servons le droit de refuser des commissions d&#8217;affiliation pour quelque raison que ce soit. Les refus de la Commission peuvent \u00eatre motiv\u00e9s par les raisons suivantes :<\/p>\n<ol>\n<li>La vente sur laquelle la recommandation \u00e9tait bas\u00e9e a \u00e9t\u00e9 rembours\u00e9e.<\/li>\n<li>La m\u00e9thode par laquelle le renvoi a \u00e9t\u00e9 g\u00e9n\u00e9r\u00e9 \u00e9tait en violation de nos politiques promotionnelles (voir ci-dessous) ou de l&#8217;esprit de l&#8217;accord d&#8217;affiliation.<\/li>\n<\/ol>\n<p>&nbsp;<\/p>\n<p><strong>Mises \u00e0 jour des courriels des affili\u00e9s<\/strong><\/p>\n<p>En devenant affili\u00e9, vous acceptez de recevoir des e-mails de Tilta. Ces courriels seront envoy\u00e9s uniquement aux affili\u00e9s, sur une base ad hoc, et pourront contenir des informations importantes concernant le programme d&#8217;affiliation de Tilta. Ces courriels vous fourniront \u00e9galement des informations et des mises \u00e0 jour pertinentes pour vous aider \u00e0 promouvoir efficacement Tilta. En tant qu&#8217;affili\u00e9, vous pouvez avoir acc\u00e8s \u00e0 des informations sous embargo ou sensibles au temps dans ces courriels (ces informations ne peuvent \u00eatre promues qu&#8217;apr\u00e8s la lev\u00e9e de l&#8217;embargo). Et nous ne vous enverrons jamais de spams, c&#8217;est promis !<\/p>\n<p>&nbsp;<\/p>\n<p><strong>Rejet de la demande d&#8217;affiliation<\/strong><\/p>\n<p>Nous nous r\u00e9servons le droit de rejeter les candidatures des affili\u00e9s pour quelque raison que ce soit. Nous nous r\u00e9servons \u00e9galement le droit de choisir si nous fournissons une explication ou une motivation pour le rejet de la demande d&#8217;affiliation. Vous trouverez ci-dessous quelques raisons pour lesquelles une demande peut \u00eatre rejet\u00e9e (cette liste n&#8217;est pas exhaustive) :<\/p>\n<ul>\n<li>Les demandes d&#8217;affiliation pour des sites web qui vendent, font de la publicit\u00e9 ou se livrent \u00e0 la pornographie, \u00e0 l&#8217;hame\u00e7onnage, au pollupostage, \u00e0 des pratiques commerciales ill\u00e9gales ou qui contiennent du mat\u00e9riel portant atteinte \u00e0 des droits d&#8217;auteur nationaux ou internationaux seront rejet\u00e9es.<\/li>\n<li>Les demandes d&#8217;affiliation pour des sites web qui ne nous semblent pas correspondre \u00e0 notre secteur ou \u00e0 notre activit\u00e9 peuvent \u00eatre rejet\u00e9es.<\/li>\n<li>Les candidats affili\u00e9s \u00e0 des sites web qui revendent l&#8217;un de nos produits seront rejet\u00e9s.<\/li>\n<li>Les sites web consid\u00e9r\u00e9s comme inappropri\u00e9s par Tilta seront rejet\u00e9s.<\/li>\n<\/ul>\n<p>&nbsp;<\/p>\n<p><strong>Sites web inappropri\u00e9s :<\/strong><\/p>\n<p>Les types de sites suivants ne sont pas autoris\u00e9s \u00e0 devenir affili\u00e9s : les sites pour adultes, les sites qui affichent du mat\u00e9riel ou des banni\u00e8res pour adultes, les sites qui encouragent la violence, la haine ou le sectarisme, les sites qui encouragent ou se livrent \u00e0 des activit\u00e9s ill\u00e9gales, y compris (mais sans s&#8217;y limiter) la revente non autoris\u00e9e, et les sites de coupons. Les demandes d&#8217;affiliation pour des sites web inappropri\u00e9s seront rejet\u00e9es et nous nous r\u00e9servons le droit de fournir ou non un motif de rejet.<\/p>\n<p><strong>Les affili\u00e9s ne peuvent pas diffuser d&#8217;annonces sur le r\u00e9seau publicitaire de Google.<\/strong>  \u00c0 partir du 1er f\u00e9vrier 2023, les paiements de r\u00e9f\u00e9rence pour les commandes effectu\u00e9es apr\u00e8s cette date et provenant de Google Ads ne seront plus vers\u00e9s.<\/p>\n<p>&nbsp;<\/p>\n<p><strong>Questions concernant votre candidature<\/strong><\/p>\n<p>Lorsque vous demandez \u00e0 devenir affili\u00e9, nous pouvons vous envoyer un courrier \u00e9lectronique \u00e0 l&#8217;adresse que vous avez fournie pour vous poser quelques questions concernant votre demande. Cela peut s&#8217;expliquer par le fait que :<\/p>\n<ul>\n<li>Nous n&#8217;avons pas compris quelque chose dans votre demande, ou,<\/li>\n<li>Nous aimerions en savoir un peu plus sur la mani\u00e8re dont vous allez promouvoir Tilta et avons besoin d&#8217;un peu plus de d\u00e9tails.<\/li>\n<\/ul>\n<p>Si nous vous contactons et que nous n&#8217;avons pas de r\u00e9ponse dans les 7 jours, votre demande peut \u00eatre rejet\u00e9e. Si votre demande initiale est rejet\u00e9e, vous pouvez pr\u00e9senter une nouvelle demande d&#8217;affiliation et nous fournir davantage de d\u00e9tails pour que nous puissions r\u00e9examiner votre demande.<\/p>\n<p>&nbsp;<\/p>\n<p><strong>Comptes affili\u00e9s dormants<\/strong><\/p>\n<p>Nous encourageons tous nos affili\u00e9s \u00e0 promouvoir activement Tilta pour continuer \u00e0 gagner des parrainages. Si nous pouvons vous aider \u00e0 trouver des id\u00e9es pour promouvoir Tilta, n&#8217;h\u00e9sitez pas \u00e0 nous en faire part &#8211; nous sommes l\u00e0 pour vous ! Un compte d&#8217;affili\u00e9 est consid\u00e9r\u00e9 comme inactif si aucune visite n&#8217;a \u00e9t\u00e9 g\u00e9n\u00e9r\u00e9e apr\u00e8s une p\u00e9riode de 6 mois.  <strong>Un compte d&#8217;affili\u00e9 inactif sera temporairement d\u00e9sactiv\u00e9 si aucune visite n&#8217;a \u00e9t\u00e9 g\u00e9n\u00e9r\u00e9e apr\u00e8s 6 mois.  <\/strong><\/p>\n<p>&nbsp;<\/p>\n<p><strong>Dur\u00e9e et r\u00e9siliation<\/strong><\/p>\n<ol>\n<li>Le pr\u00e9sent accord prend effet \u00e0 compter de l&#8217;acceptation de votre demande d&#8217;adh\u00e9sion au programme d&#8217;affiliation et prend fin lorsqu&#8217;il est r\u00e9sili\u00e9 par l&#8217;une ou l&#8217;autre des parties (la &#8220;dur\u00e9e&#8221;). Chaque partie peut r\u00e9silier le pr\u00e9sent accord \u00e0 tout moment, avec ou sans motif.<\/li>\n<li>Vous ne pouvez percevoir des commissions que sur les achats qualifi\u00e9s effectu\u00e9s pendant la dur\u00e9e du contrat. Les commissions acquises avant la date de r\u00e9siliation ne seront \u00e9ligibles que si les commandes des produits Tilta concern\u00e9s ne sont pas annul\u00e9es dans un d\u00e9lai de 30 jours et qu&#8217;elles respectent toutes les conditions du pr\u00e9sent accord. Nous pouvons retenir le paiement final de votre commission pendant une p\u00e9riode raisonnable afin de nous assurer que tous les achats sont valides et que les paiements des clients recommand\u00e9s sont l\u00e9gitimes, comme d\u00e9termin\u00e9 par Tilta \u00e0 sa seule discr\u00e9tion.<\/li>\n<li>Tout affili\u00e9 qui enfreint le pr\u00e9sent accord, les conditions g\u00e9n\u00e9rales de Tilta ou toute loi applicable perdra imm\u00e9diatement tout droit \u00e0 toute commission accumul\u00e9e, mais non encore re\u00e7ue, et sera imm\u00e9diatement retir\u00e9 du programme d&#8217;affiliation.<\/li>\n<li>Tilta se r\u00e9serve le droit de retirer un affili\u00e9 du programme d&#8217;affiliation et de r\u00e9silier ou de suspendre le pr\u00e9sent accord, \u00e0 tout moment et pour quelque raison que ce soit, \u00e0 la seule discr\u00e9tion de Tilta.<\/li>\n<\/ol>\n<p>&nbsp;<\/p>\n<p><strong>Clause de non-responsabilit\u00e9<\/strong><\/p>\n<p>LE PROGRAMME D&#8217;AFFILIATION, LE SITE TILTA, TOUS LES PRODUITS PROPOS\u00c9S SUR LE SITE TILTA, TOUS LES LIENS SP\u00c9CIAUX, LES FORMATS DE LIENS, LE CONTENU, L&#8217;API POUR LA PUBLICIT\u00c9 DES PRODUITS, LE FLUX DE DONN\u00c9ES, LE CONTENU PUBLICITAIRE DES PRODUITS, NOS NOMS DE DOMAINE, MARQUES ET LOGOS ET CEUX DE NOS AFFILI\u00c9S (Y COMPRIS LES MARQUES DE TILTA), ET TOUTE LA TECHNOLOGIE, LES LOGICIELS, LES FONCTIONS, LES MAT\u00c9RIAUX, LES DONN\u00c9ES, LES IMAGES, LES TEXTES ET AUTRES DROITS DE PROPRI\u00c9T\u00c9 INTELLECTUELLE, LES INFORMATIONS ET LE CONTENU FOURNIS OU UTILIS\u00c9S PAR NOUS OU EN NOTRE NOM DANS LE CADRE DU PROGRAMME D&#8217;AFFILIATION (COLLECTIVEMENT LES &#8220;<strong>OFFRES DE SERVICES<\/strong>&#8220;) SONT FOURNIS &#8220;EN L&#8217;\u00c9TAT&#8221; ET &#8220;EN FONCTION DES DISPONIBILIT\u00c9S&#8221;. TILTA NE FAIT AUCUNE D\u00c9CLARATION ET NE DONNE AUCUNE GARANTIE, QU&#8217;ELLE SOIT EXPRESSE, IMPLICITE, L\u00c9GALE OU AUTRE, EN CE QUI CONCERNE LES OFFRES DE SERVICES. NOUS D\u00c9CLINONS TOUTE GARANTIE CONCERNANT LES OFFRES DE SERVICES, Y COMPRIS TOUTE GARANTIE IMPLICITE DE TITRE, DE QUALIT\u00c9 MARCHANDE, DE QUALIT\u00c9 SATISFAISANTE, D&#8217;AD\u00c9QUATION \u00c0 UN USAGE PARTICULIER OU D&#8217;ABSENCE DE CONTREFA\u00c7ON, AINSI QUE TOUTE GARANTIE D\u00c9COULANT D&#8217;UNE LOI, D&#8217;UNE COUTUME, D&#8217;UNE PRATIQUE COMMERCIALE, D&#8217;UNE PERFORMANCE OU D&#8217;UN USAGE COMMERCIAL.<\/p>\n<p>&nbsp;<\/p>\n<p><strong>Limites de responsabilit\u00e9<\/strong><\/p>\n<p>NOUS NE SOMMES PAS RESPONSABLES DES DOMMAGES INDIRECTS, ACCESSOIRES, SP\u00c9CIAUX, CONS\u00c9CUTIFS OU EXEMPLAIRES (Y COMPRIS TOUTE PERTE DE REVENUS, DE B\u00c9N\u00c9FICES, DE CLIENT\u00c8LE, D&#8217;UTILISATION OU DE DONN\u00c9ES) LI\u00c9S AUX OFFRES DE SERVICES, M\u00caME SI NOUS AVONS \u00c9T\u00c9 INFORM\u00c9S DE LA POSSIBILIT\u00c9 DE CES DOMMAGES. EN OUTRE, NOTRE RESPONSABILIT\u00c9 GLOBALE LI\u00c9E AUX OFFRES DE SERVICES NE D\u00c9PASSERA PAS LE TOTAL DES FRAIS QUI VOUS ONT \u00c9T\u00c9 PAY\u00c9S OU QUI SONT PAYABLES EN VERTU DU PR\u00c9SENT ACCORD AU COURS DES DOUZE MOIS PR\u00c9C\u00c9DANT IMM\u00c9DIATEMENT LA DATE \u00c0 LAQUELLE S&#8217;EST PRODUIT L&#8217;\u00c9V\u00c9NEMENT DONNANT LIEU \u00c0 LA R\u00c9CLAMATION LA PLUS R\u00c9CENTE EN MATI\u00c8RE DE RESPONSABILIT\u00c9. VOUS RENONCEZ PAR LA PRESENTE A TOUT DROIT OU RECOURS EN EQUITE, Y COMPRIS LE DROIT DE DEMANDER UNE EXECUTION SPECIFIQUE, UNE INJONCTION OU TOUTE AUTRE MESURE EQUITABLE EN RELATION AVEC LE PRESENT ACCORD. AUCUNE DISPOSITION DU PR\u00c9SENT PARAGRAPHE N&#8217;A POUR EFFET DE LIMITER LES RESPONSABILIT\u00c9S QUI NE PEUVENT L&#8217;\u00caTRE EN VERTU DE LA L\u00c9GISLATION APPLICABLE.<\/p>\n<p>&nbsp;<\/p>\n<p><strong>Indemnisation<\/strong><\/p>\n<p>DANS TOUTE LA MESURE PERMISE PAR LA LOI APPLICABLE, NOUS NE SERONS PAS RESPONSABLES DE TOUTE QUESTION DIRECTEMENT OU INDIRECTEMENT LI\u00c9E \u00c0 LA CR\u00c9ATION, \u00c0 LA MAINTENANCE OU \u00c0 L&#8217;EXPLOITATION DE VOTRE SITE (Y COMPRIS VOTRE UTILISATION DE TOUTE OFFRE DE SERVICE) OU \u00c0 VOTRE VIOLATION DU PR\u00c9SENT ACCORD, ET VOUS ACCEPTEZ DE NOUS D\u00c9FENDRE, DE NOUS INDEMNISER ET DE NOUS TENIR \u00c0 L&#8217;\u00c9CART, AINSI QUE NOS EMPLOY\u00c9S, DIRIGEANTS, ADMINISTRATEURS ET REPR\u00c9SENTANTS RESPECTIFS, DE TOUTE R\u00c9CLAMATION, DOMMAGE, PERTE, RESPONSABILIT\u00c9, CO\u00dbT ET D\u00c9PENSE (Y COMPRIS LES HONORAIRES D&#8217;AVOCAT) LI\u00c9S AUX \u00c9L\u00c9MENTS SUIVANTS (A) VOTRE SITE OU TOUT MAT\u00c9RIEL APPARAISSANT SUR VOTRE SITE, Y COMPRIS LA COMBINAISON DE VOTRE SITE OU DE CE MAT\u00c9RIEL AVEC D&#8217;AUTRES APPLICATIONS, CONTENUS OU PROCESSUS, (B) L&#8217;UTILISATION, LE D\u00c9VELOPPEMENT, LA CONCEPTION, LA FABRICATION, LA PRODUCTION, LA PUBLICIT\u00c9, LA PROMOTION OU LA COMMERCIALISATION DE VOTRE SITE OU DE TOUT MAT\u00c9RIEL APPARAISSANT SUR OU DANS VOTRE SITE, (C) VOTRE UTILISATION DE TOUTE OFFRE DE SERVICE, QUE CETTE UTILISATION SOIT OU NON AUTORIS\u00c9E PAR LE PR\u00c9SENT ACCORD OU PAR LA LOI APPLICABLE, OU QU&#8217;ELLE SOIT OU NON EN INFRACTION AVEC CEUX-CI, (D) VOTRE VIOLATION DE TOUT TERME OU CONDITION DE CET ACCORD (Y COMPRIS TOUTE POLITIQUE DE PROGRAMME), OU (E) LA N\u00c9GLIGENCE OU LA FAUTE INTENTIONNELLE DE VOTRE PART OU DE CELLE DE VOS EMPLOY\u00c9S OU CONTRACTANTS.<\/p>\n","protected":false},"excerpt":{"rendered":"<p>Inscription des affili\u00e9s Nous examinons et mod\u00e9rons tous les enregistrements d&#8217;affili\u00e9s et nous appr\u00e9cions vos informations pr\u00e9cises et honn\u00eates. Veuillez noter que le processus de r\u00e9vision peut prendre quelques jours &#8211; nous savons que vous \u00eates impatient de rejoindre notre [&hellip;]<\/p>\n","protected":false},"author":208,"featured_media":0,"parent":2026236,"menu_order":0,"comment_status":"closed","ping_status":"closed","template":"","meta":{"footnotes":""},"acf":[],"_links":{"self":[{"href":"https:\/\/eu.tilta.com\/fr\/wp-json\/wp\/v2\/pages\/2026248"}],"collection":[{"href":"https:\/\/eu.tilta.com\/fr\/wp-json\/wp\/v2\/pages"}],"about":[{"href":"https:\/\/eu.tilta.com\/fr\/wp-json\/wp\/v2\/types\/page"}],"author":[{"embeddable":true,"href":"https:\/\/eu.tilta.com\/fr\/wp-json\/wp\/v2\/users\/208"}],"replies":[{"embeddable":true,"href":"https:\/\/eu.tilta.com\/fr\/wp-json\/wp\/v2\/comments?post=2026248"}],"version-history":[{"count":0,"href":"https:\/\/eu.tilta.com\/fr\/wp-json\/wp\/v2\/pages\/2026248\/revisions"}],"up":[{"embeddable":true,"href":"https:\/\/eu.tilta.com\/fr\/wp-json\/wp\/v2\/pages\/2026236"}],"wp:attachment":[{"href":"https:\/\/eu.tilta.com\/fr\/wp-json\/wp\/v2\/media?parent=2026248"}],"curies":[{"name":"wp","href":"https:\/\/api.w.org\/{rel}","templated":true}]}}