{"id":1978448,"date":"2023-11-14T20:55:20","date_gmt":"2023-11-14T19:55:20","guid":{"rendered":"https:\/\/de.tilta.com\/shop\/nucleus-nano-ii-wireless-lens-control-system\/"},"modified":"2025-12-05T12:28:49","modified_gmt":"2025-12-05T11:28:49","slug":"nucleus-nano-ii-wireless-lens-control-system","status":"publish","type":"product","link":"https:\/\/eu.tilta.com\/fr\/shop\/nucleus-nano-ii-wireless-lens-control-system\/","title":{"rendered":"Syst\u00e8me de contr\u00f4le d&#8217;objectif sans fil Nucleus Nano II"},"content":{"rendered":"<p><strong>HINWEIS : DAS HANDRAD DARF NICHT \u00dcBER P-TAP BETRIEBEN WERDEN<\/strong><\/p>\n<p><em>Le Nucleus Nano II &#8211; Wireless Lens Control System est l&#8217;outil ultime pour tous les cin\u00e9astes qui souhaitent disposer d&#8217;un contr\u00f4le pr\u00e9cis de leur objectif.<\/em><\/p>\n<p>Avec la nouvelle poign\u00e9e, le spectateur peut utiliser la barre de d\u00e9filement pour r\u00e9gler l&#8217;\u00e9chelle, tandis que la nouvelle barre de d\u00e9filement, avec les fonctions de zoom ou de m\u00e9lange, s&#8217;appuie sur une barre de d\u00e9filement am\u00e9lior\u00e9e, parfaitement adapt\u00e9e \u00e0 l&#8217;insertion et \u00e0 l&#8217;utilisation des zooms.<\/p>\n<p>La navigation dans le syst\u00e8me n&#8217;a jamais \u00e9t\u00e9 aussi simple qu&#8217;avec le nouvel \u00e9cran tactile rond de 1,6 pouce et l&#8217;interface utilisateur conviviale, qui permet d&#8217;acc\u00e9der rapidement \u00e0 toute une s\u00e9rie de fonctions essentielles, notamment des pages sp\u00e9ciales pour l&#8217;enregistrement des images et les fonctions de d\u00e9tection de la cam\u00e9ra.<\/p>\n<p>Avec le Nano II, les utilisateurs peuvent utiliser le WiFi, le Bluetooth et la connexion USB-C des moteurs pour des syst\u00e8mes photographiques compatibles tels que Canon, Sony et Black Magic Design et utiliser jusqu&#8217;\u00e0 trois moteurs pour le Fokus, le Blende, le Zoom et le Mirage VND, s&#8217;ils utilisent le levier de vitesse int\u00e9gr\u00e9.<\/p>\n<p>Cette poign\u00e9e est \u00e9quip\u00e9e d&#8217;un disque de la s\u00e9rie L de Sony (F550\/570) et permet d&#8217;augmenter la dur\u00e9e de vie du disque \u00e0 l&#8217;aide de la poign\u00e9e Nucleus Nano II. En outre, il dispose d&#8217;un Fokusrad sur la face arri\u00e8re, avec lequel les moteurs de la s\u00e9rie Nucleus ainsi que le moteur DJI-Fokusmotor et le <a href=\"https:\/\/tilta.com\/shop\/wireless-control-receiver-module-for-rs-2\/\">module d&#8217;\u00e9clairage<\/a> optionnel <a href=\"https:\/\/tilta.com\/shop\/wireless-control-receiver-module-for-rs-2\/\">Empf\u00e4ngermodul<\/a> <strong>(qui n&#8217;est pas inclus dans la livraison)<\/strong> peuvent \u00eatre utilis\u00e9s. Cet appareil peut \u00e9galement \u00eatre utilis\u00e9 pour les DJI RS2 ou RS3 Pro.<\/p>\n<p>La griffe est \u00e9quip\u00e9e d&#8217;une douille de 1\/4&#8243;-20 avec des pointes de fixation, qui conviennent parfaitement au montage de nos adaptateurs de rosettes de couleur rouge, ainsi que d&#8217;un embout en plastique, qui peut \u00eatre utilis\u00e9 avec notre <a href=\"https:\/\/tilta.com\/shop\/tiltaing-adjustable-cold-shoe-accessory-mounting-bracket\/\">dispositif<\/a> optionnel <a href=\"https:\/\/tilta.com\/shop\/tiltaing-adjustable-cold-shoe-accessory-mounting-bracket\/\">de fixation de chaussures froides<\/a>, afin de cr\u00e9er, en liaison avec la griffe, une parfaite station d&#8217;orientation du regard.<\/p>\n<p>Veuillez noter que le firmware actuel comprend toutes les \u00e9tapes pour la BMPCC 4K, 6K, 6K Pro et \u00e9galement Sony FX3, A7S3, A7R5, ZV-E1, ZV-E10 et Canon R7 pour les r\u00e9glages tels que Run\/Stop, Verschlusszeit, ISO et Blende. Le Run Stop est d\u00e9sormais disponible pour les appareils photo tels que Sony A7C, A7M4, A7R3, Canon R6M1, Panasonic S1H, GH6 et S5M2 via un <a href=\"https:\/\/tilta.com\/shop\/advanced-side-handle-run-stop-cable\/\">c\u00e2ble Run\/Stop USB-C en<\/a> option. D&#8217;autres syst\u00e8mes de cam\u00e9ras seront compatibles dans les prochaines mises \u00e0 jour du micrologiciel.<\/p>\n<p>L&#8217;indicateur de contr\u00f4le de l&#8217;affectation des lentilles fournit des informations sur l&#8217;orientation du point de vue en temps r\u00e9el, de sorte que vous soyez inform\u00e9 sur chaque image et que vous puissiez contr\u00f4ler l&#8217;orientation, sans devoir marquer un point de vue. L&#8217;\u00e9tui interne, qui est reli\u00e9 par USB-C \u00e0 l&#8217;\u00e9tui, offre, apr\u00e8s utilisation, une autonomie de 20 heures sans interruption.  <strong>(ne concerne pas le firmware actuel)<\/strong><\/p>\n<p>\u00c9quip\u00e9 d&#8217;un moteur \u00e0 haut rendement, le Nano II offre une puissance tr\u00e8s \u00e9lev\u00e9e \u00e0 son utilisateur et dispose d&#8217;une interface USB-C pratique qui convient parfaitement \u00e0 la connexion de plusieurs moteurs \u00e0 une seule source d&#8217;\u00e9nergie.<\/p>\n<p>Le Nano II est notre premier syst\u00e8me compatible avec les DJI RS2, RS3 Pro, DJI Focus Motors, Nucleus M <strong>(sans les poign\u00e9es)<\/strong> et la g\u00e9n\u00e9ration pr\u00e9c\u00e9dente de Nucleus Nano, ce qui a permis de cr\u00e9er un environnement de travail confortable pour les utilisateurs des versions ant\u00e9rieures de l&#8217;\u00e9cosyst\u00e8me Nucleus.<\/p>\n<p>Veuillez noter que pour l&#8217;int\u00e9gration avec les manches Nucleus M, Advanced Side Focus Griffen, DJI Ronin et Ronin Focus Motoren, il est n\u00e9cessaire d&#8217;avoir du mat\u00e9riel suppl\u00e9mentaire qui n&#8217;est pas inclus dans le kit.<\/p>\n<p><em>Am\u00e9liorez vos performances avec le Nucleus Nano II &#8211; Syst\u00e8me de contr\u00f4le sans fil de l&#8217;objectif. B\u00e9n\u00e9ficiez d&#8217;une excellente conception de vos objets, d&#8217;une interface utilisateur intuitive et d&#8217;une compatibilit\u00e9 sans faille avec les applications de la branche.<\/em><\/p>\n<p><strong>BITTE BEACHTEN SIE : Einige der oben aufgef\u00fchrten Funktionen sind in der aktuellen Firmware NICHT voll funktionsf\u00e4hig.<\/strong><\/p>\n<p><strong>La cartographie des objectifs et d&#8217;autres fonctions ne sont pas encore disponibles et seront impl\u00e9ment\u00e9es dans les prochaines mises \u00e0 jour du micrologiciel. La fonction de d\u00e9clenchement de la cam\u00e9ra n&#8217;est compatible qu&#8217;avec les cam\u00e9ras utilis\u00e9es.<\/strong><\/p>\n<p><strong>Les griffes Nucleus M pour la main gauche et droite ainsi que les griffes Advanced Side Focus sont compatibles avec le moteur Nano II et utilisent un mat\u00e9riel diff\u00e9rent, qui doit \u00eatre install\u00e9 s\u00e9par\u00e9ment.<\/strong><\/p>\n<p><strong>Les fonctions telles que la compatibilit\u00e9 avec le moteur DJI Ronin\/DJI Focus ne sont pas encore disponibles et requi\u00e8rent un mat\u00e9riel diff\u00e9rent et s\u00e9par\u00e9.<\/strong><\/p>\n<p><strong>**Les appareils photo Canon et Sony ne sont compatibles qu&#8217;avec le c\u00e2ble USB-C PD et les appareils photo Black Magic Design qu&#8217;avec le Bluetooth**.<\/strong><\/p>\n<p><strong>En cas d&#8217;utilisation d&#8217;adaptateurs d&#8217;objets : La fonctionnalit\u00e9 Bluetooth du Nano II n&#8217;est possible que si l&#8217;on utilise des accessoires non homologu\u00e9s pour l&#8217;adaptateur en question.<\/strong><\/p>\n<p><strong>L&#8217;accord de l&#8217;OTAN sur le barrage n&#8217;est valable que pour le Nano II Handrad. N&#8217;utilisez pas d&#8217;autres produits que ceux de l&#8217;OTAN, car vous risqueriez de compromettre la s\u00e9curit\u00e9 de vos contacts.<\/strong><\/p>\n<p><strong>Nous vous conseillons d&#8217;utiliser le <span style=\"color: #ff0000\">Sony L-Series F550<\/span> pour la prise de vue. La compatibilit\u00e9 avec d&#8217;autres marques n&#8217;est pas garantie.  <\/strong><\/p>\n","protected":false},"excerpt":{"rendered":"<p>HINWEIS : DAS HANDRAD DARF NICHT \u00dcBER P-TAP BETRIEBEN WERDEN Le Nucleus Nano II &#8211; Wireless Lens Control System est l&#8217;outil ultime pour tous les cin\u00e9astes qui souhaitent disposer d&#8217;un contr\u00f4le pr\u00e9cis de leur objectif. Avec la nouvelle poign\u00e9e, le [&hellip;]<\/p>\n","protected":false},"featured_media":1978452,"comment_status":"closed","ping_status":"closed","template":"","meta":[],"product_cat":[3233,3895,3252,3388,1882,1620,1811,1713,1621,1622,1802,1805,1762,1799,1757,1748,1732,1706,1623,1624,1626,1629,1794,1782,1739,1631,1791,1715,1735,1775,1728,1635,1809,1745,1726,1636,1642,1644,1647,1652,1768,1723,3147,1655,1658,1661,1773,1784,1765,1754,1788,1752,1742,1718,1710,1700,1703,1697,1663,1668,1671,1675,1679,1681,1684,1694,1687,1691,1780],"product_tag":[],"acf":[],"gallery_images":[1978453,1978454,1978455,1978456,1978457,1978458,1978459,1978460,1978461],"_links":{"self":[{"href":"https:\/\/eu.tilta.com\/fr\/wp-json\/wp\/v2\/product\/1978448"}],"collection":[{"href":"https:\/\/eu.tilta.com\/fr\/wp-json\/wp\/v2\/product"}],"about":[{"href":"https:\/\/eu.tilta.com\/fr\/wp-json\/wp\/v2\/types\/product"}],"replies":[{"embeddable":true,"href":"https:\/\/eu.tilta.com\/fr\/wp-json\/wp\/v2\/comments?post=1978448"}],"wp:featuredmedia":[{"embeddable":true,"href":"https:\/\/eu.tilta.com\/fr\/wp-json\/wp\/v2\/media\/1978452"}],"wp:attachment":[{"href":"https:\/\/eu.tilta.com\/fr\/wp-json\/wp\/v2\/media?parent=1978448"}],"wp:term":[{"taxonomy":"product_cat","embeddable":true,"href":"https:\/\/eu.tilta.com\/fr\/wp-json\/wp\/v2\/product_cat?post=1978448"},{"taxonomy":"product_tag","embeddable":true,"href":"https:\/\/eu.tilta.com\/fr\/wp-json\/wp\/v2\/product_tag?post=1978448"}],"curies":[{"name":"wp","href":"https:\/\/api.w.org\/{rel}","templated":true}]}}