{"id":1978913,"date":"2024-01-31T22:16:36","date_gmt":"2024-01-31T21:16:36","guid":{"rendered":"https:\/\/de.tilta.com\/shop\/tilta-zombie-rig-boompole-support-system\/"},"modified":"2025-12-05T12:28:39","modified_gmt":"2025-12-05T11:28:39","slug":"tilta-zombie-rig-boompole-support-system-2","status":"publish","type":"product","link":"https:\/\/eu.tilta.com\/fr\/shop\/tilta-zombie-rig-boompole-support-system-2\/","title":{"rendered":"Tilta Zombie Rig Boompole Support System"},"content":{"rendered":"<p><em>Pr\u00e9sentation de la nouvelle g\u00e9n\u00e9ration de syst\u00e8mes d&#8217;aide \u00e0 la production sonore.<\/em><\/p>\n<p>Le Zombie Rig est le nouveau syst\u00e8me de support universel pour les perchistes, con\u00e7u pour redistribuer le poids et am\u00e9liorer la flexibilit\u00e9 pour m\u00e9langer les niveaux audio pendant le travail.<\/p>\n<p>La conception s&#8217;articule autour d&#8217;un m\u00e2t de support central qui se monte sur une large gamme de sacs de mixage via un r\u00e9cepteur \u00e0 broche b\u00e9b\u00e9.<\/p>\n<p>Cela permet aux utilisateurs de monter le syst\u00e8me non seulement sur des sacs de mixage, mais aussi sur des gilets de soutien de tiers ou m\u00eame sur des supports en C pour une utilisation prolong\u00e9e.<\/p>\n<p>Les supports inclus s&#8217;adaptent facilement \u00e0 une vari\u00e9t\u00e9 de mod\u00e8les de perches gr\u00e2ce \u00e0 l&#8217;utilisation de cales de diff\u00e9rentes tailles, assurant ainsi une compatibilit\u00e9 parfaite avec diff\u00e9rentes marques.<\/p>\n<p>La partie la plus importante de la conception est le support de fonctionnement qui se fixe \u00e0 l&#8217;extr\u00e9mit\u00e9 arri\u00e8re de la perche et permet de r\u00e9gler facilement l&#8217;orientation du microphone.<\/p>\n<p>Les utilisateurs peuvent ensuite fixer un support de support d&#8217;exploitation contrebalanc\u00e9 afin d&#8217;\u00e9quilibrer parfaitement la longueur de la perche tout en man\u0153uvrant facilement la perche verticalement et en pouvant la faire pivoter jusqu&#8217;\u00e0 360\u00b0.<\/p>\n<p>Cela cr\u00e9e une exp\u00e9rience op\u00e9rationnelle plus facile et lib\u00e8re les mains de l&#8217;op\u00e9rateur qui n&#8217;a plus \u00e0 supporter le poids de la perche, ce qui ouvre des possibilit\u00e9s de mixage des niveaux audio pendant l&#8217;utilisation du micro \u00e0 perche.<\/p>\n<p>Gr\u00e2ce \u00e0 sa conception modulaire, le syst\u00e8me Tilta Zombie Rig peut \u00eatre d\u00e9mont\u00e9 et stock\u00e9 efficacement, occupant moins d&#8217;un m\u00e8tre de long. Il comprend \u00e9galement un sac de transport gratuit pour faciliter le transport.<\/p>\n<p>Construit en fibre de carbone haute r\u00e9sistance, renforc\u00e9 par des structures m\u00e9caniques brevet\u00e9es pour une stabilit\u00e9 durable.<\/p>\n","protected":false},"excerpt":{"rendered":"<p>Pr\u00e9sentation de la nouvelle g\u00e9n\u00e9ration de syst\u00e8mes d&#8217;aide \u00e0 la production sonore. Le Zombie Rig est le nouveau syst\u00e8me de support universel pour les perchistes, con\u00e7u pour redistribuer le poids et am\u00e9liorer la flexibilit\u00e9 pour m\u00e9langer les niveaux audio pendant [&hellip;]<\/p>\n","protected":false},"featured_media":1978914,"comment_status":"closed","ping_status":"closed","template":"","meta":[],"product_cat":[1860],"product_tag":[],"acf":[],"gallery_images":[1978915,1978916,1978917,1978918,1978919,1978920,1978921,1978922,1978923],"_links":{"self":[{"href":"https:\/\/eu.tilta.com\/fr\/wp-json\/wp\/v2\/product\/1978913"}],"collection":[{"href":"https:\/\/eu.tilta.com\/fr\/wp-json\/wp\/v2\/product"}],"about":[{"href":"https:\/\/eu.tilta.com\/fr\/wp-json\/wp\/v2\/types\/product"}],"replies":[{"embeddable":true,"href":"https:\/\/eu.tilta.com\/fr\/wp-json\/wp\/v2\/comments?post=1978913"}],"wp:featuredmedia":[{"embeddable":true,"href":"https:\/\/eu.tilta.com\/fr\/wp-json\/wp\/v2\/media\/1978914"}],"wp:attachment":[{"href":"https:\/\/eu.tilta.com\/fr\/wp-json\/wp\/v2\/media?parent=1978913"}],"wp:term":[{"taxonomy":"product_cat","embeddable":true,"href":"https:\/\/eu.tilta.com\/fr\/wp-json\/wp\/v2\/product_cat?post=1978913"},{"taxonomy":"product_tag","embeddable":true,"href":"https:\/\/eu.tilta.com\/fr\/wp-json\/wp\/v2\/product_tag?post=1978913"}],"curies":[{"name":"wp","href":"https:\/\/api.w.org\/{rel}","templated":true}]}}