{"id":1979012,"date":"2024-05-24T17:07:59","date_gmt":"2024-05-24T15:07:59","guid":{"rendered":"https:\/\/de.tilta.com\/shop\/hydra-articulating-car-mounting-system\/"},"modified":"2025-12-05T14:15:18","modified_gmt":"2025-12-05T13:15:18","slug":"hydra-articulating-car-mounting-system","status":"publish","type":"product","link":"https:\/\/eu.tilta.com\/fr\/shop\/hydra-articulating-car-mounting-system\/","title":{"rendered":"Syst\u00e8me de montage automobile articul\u00e9 Hydra"},"content":{"rendered":"<p><em>Pr\u00e9sentation du syst\u00e8me de montage articul\u00e9 Hydra pour voiture<\/em><\/p>\n<p>Dot\u00e9 de trois ventouses de 6 pouces, de bras articul\u00e9s robustes et d&#8217;une capacit\u00e9 de charge de 44 livres, ce syst\u00e8me l\u00e9ger est id\u00e9al pour les prises de vue int\u00e9rieures et ext\u00e9rieures de voitures dans divers environnements.<\/p>\n<p>L&#8217;\u00e9l\u00e9ment central du syst\u00e8me est une rotule de 75 mm avec un centre de gravit\u00e9 bas et un r\u00e9glage horizontal jusqu&#8217;\u00e0 15\u00b0. D&#8217;autres t\u00eates de tr\u00e9pieds de 75 mm peuvent \u00e9galement \u00eatre utilis\u00e9es.<\/p>\n<p>La rotule fournie prend en charge les plaques de fixation rapide Arca et Manfrotto, ce qui la rend compatible avec les cam\u00e9ras de cin\u00e9ma sans miroir et l\u00e9g\u00e8res, avec ou sans cage.<\/p>\n<p>Gr\u00e2ce \u00e0 la flexibilit\u00e9 des bras articul\u00e9s, ce syst\u00e8me est parfait pour les angles uniques, en particulier ceux qui n\u00e9cessitent un profil bas.<\/p>\n<p>Fabriqu\u00e9 en alliage d&#8217;aluminium tr\u00e8s r\u00e9sistant et en acier inoxydable, chaque bras articul\u00e9 a une capacit\u00e9 de charge maximale de 17,5 livres et est dot\u00e9 d&#8217;un bouton de verrouillage r\u00e9versible pour une utilisation pratique.<\/p>\n<p>La ventouse \u00e9lectronique optionnelle comprend trois ventouses aliment\u00e9es par batterie qui ont la capacit\u00e9 de surveiller la pression en temps r\u00e9el de ces ventouses et d&#8217;augmenter automatiquement l&#8217;aspiration en cas de fuite.<\/p>\n","protected":false},"excerpt":{"rendered":"<p>Pr\u00e9sentation du syst\u00e8me de montage articul\u00e9 Hydra pour voiture Dot\u00e9 de trois ventouses de 6 pouces, de bras articul\u00e9s robustes et d&#8217;une capacit\u00e9 de charge de 44 livres, ce syst\u00e8me l\u00e9ger est id\u00e9al pour les prises de vue int\u00e9rieures et [&hellip;]<\/p>\n","protected":false},"featured_media":2105804,"comment_status":"closed","ping_status":"closed","template":"","meta":[],"product_cat":[1873],"product_tag":[],"acf":[],"gallery_images":[2105797,2105791,2105810,2105820,1979038],"_links":{"self":[{"href":"https:\/\/eu.tilta.com\/fr\/wp-json\/wp\/v2\/product\/1979012"}],"collection":[{"href":"https:\/\/eu.tilta.com\/fr\/wp-json\/wp\/v2\/product"}],"about":[{"href":"https:\/\/eu.tilta.com\/fr\/wp-json\/wp\/v2\/types\/product"}],"replies":[{"embeddable":true,"href":"https:\/\/eu.tilta.com\/fr\/wp-json\/wp\/v2\/comments?post=1979012"}],"wp:featuredmedia":[{"embeddable":true,"href":"https:\/\/eu.tilta.com\/fr\/wp-json\/wp\/v2\/media\/2105804"}],"wp:attachment":[{"href":"https:\/\/eu.tilta.com\/fr\/wp-json\/wp\/v2\/media?parent=1979012"}],"wp:term":[{"taxonomy":"product_cat","embeddable":true,"href":"https:\/\/eu.tilta.com\/fr\/wp-json\/wp\/v2\/product_cat?post=1979012"},{"taxonomy":"product_tag","embeddable":true,"href":"https:\/\/eu.tilta.com\/fr\/wp-json\/wp\/v2\/product_tag?post=1979012"}],"curies":[{"name":"wp","href":"https:\/\/api.w.org\/{rel}","templated":true}]}}