{"id":1979207,"date":"2024-05-24T17:07:16","date_gmt":"2024-05-24T15:07:16","guid":{"rendered":"https:\/\/de.tilta.com\/shop\/hydra-electronic-suction-cup-4-5\/"},"modified":"2026-05-02T12:52:38","modified_gmt":"2026-05-02T10:52:38","slug":"electronic-suction-cup-4-5_","status":"publish","type":"product","link":"https:\/\/eu.tilta.com\/fr\/shop\/electronic-suction-cup-4-5_\/","title":{"rendered":"Hydra Electronic Suction Cup (4.5&#8243;)"},"content":{"rendered":"<p><em>Voici la ventouse \u00e9lectronique Hydra.<\/em><\/p>\n<p>Ces ventouses de nouvelle g\u00e9n\u00e9ration sont dot\u00e9es d&#8217;un syst\u00e8me de d\u00e9tection de la pression de l&#8217;air qui surveille 1000 fois par seconde afin de reconna\u00eetre et d&#8217;afficher des informations sur l&#8217;\u00e9tat de la ventouse sur un \u00e9cran \u00e9lectronique.<\/p>\n<p>Lorsque le syst\u00e8me d\u00e9tecte une perte de pression, le moteur pompe automatiquement de l&#8217;air suppl\u00e9mentaire afin d&#8217;\u00e9viter que les ventouses ne se d\u00e9tachent.<\/p>\n<p>Ce moteur int\u00e9gr\u00e9 \u00e0 haute performance est aliment\u00e9 par une batterie interne et r\u00e9alise l&#8217;aspiration \u00e9lectronique en *5 secondes, ce qui augmente consid\u00e9rablement la vitesse \u00e0 laquelle ces ventouses peuvent \u00eatre fix\u00e9es.<\/p>\n<p>La structure m\u00e9canique de la ventouse a \u00e9t\u00e9 am\u00e9lior\u00e9e gr\u00e2ce \u00e0 une structure optimis\u00e9e pr\u00e9sentant un nouveau design compartiment\u00e9.<\/p>\n<p>La surface de contact est ainsi augment\u00e9e de 20 % par rapport aux ventouses standard, pour une stabilit\u00e9 et une fiabilit\u00e9 accrues.<\/p>\n<p>La conception modulaire permet d&#8217;utiliser diff\u00e9rentes plaques de montage, ce qui facilite l&#8217;utilisation de ces ventouses avec diff\u00e9rents syst\u00e8mes de support.<\/p>\n<p>Les options comprennent la prise en charge du filetage M25 de l&#8217;Hydra Alien, de l&#8217;OTAN, ainsi qu&#8217;une option Universal Multi-Mount afin de couvrir un large \u00e9ventail de sc\u00e9narios.<\/p>\n<p>Remarque : avant de l&#8217;utiliser, nettoyez la surface \u00e0 laquelle elle est destin\u00e9e et assurez-vous que la ventouse est bien fix\u00e9e \u00e0 la surface. Une petite quantit\u00e9 d&#8217;humidit\u00e9 peut contribuer \u00e0 am\u00e9liorer l&#8217;\u00e9tanch\u00e9it\u00e9 et \u00e0 augmenter la force d&#8217;aspiration. Lorsque vous utilisez la ventouse sur une surface humide, l&#8217;orifice d&#8217;\u00e9chappement\/de d\u00e9charge du liquide expulse du liquide, ce qui est normal.<\/p>\n","protected":false},"excerpt":{"rendered":"<p>Voici la ventouse \u00e9lectronique Hydra. Ces ventouses de nouvelle g\u00e9n\u00e9ration sont dot\u00e9es d&#8217;un syst\u00e8me de d\u00e9tection de la pression de l&#8217;air qui surveille 1000 fois par seconde afin de reconna\u00eetre et d&#8217;afficher des informations sur l&#8217;\u00e9tat de la ventouse sur [&hellip;]<\/p>\n","protected":false},"featured_media":1979208,"comment_status":"closed","ping_status":"closed","template":"","meta":[],"product_cat":[1873,1894,1895,1896,1897,1898],"product_tag":[],"acf":[],"gallery_images":[1979209,1979210,1979211,1979212,1979213],"_links":{"self":[{"href":"https:\/\/eu.tilta.com\/fr\/wp-json\/wp\/v2\/product\/1979207"}],"collection":[{"href":"https:\/\/eu.tilta.com\/fr\/wp-json\/wp\/v2\/product"}],"about":[{"href":"https:\/\/eu.tilta.com\/fr\/wp-json\/wp\/v2\/types\/product"}],"replies":[{"embeddable":true,"href":"https:\/\/eu.tilta.com\/fr\/wp-json\/wp\/v2\/comments?post=1979207"}],"wp:featuredmedia":[{"embeddable":true,"href":"https:\/\/eu.tilta.com\/fr\/wp-json\/wp\/v2\/media\/1979208"}],"wp:attachment":[{"href":"https:\/\/eu.tilta.com\/fr\/wp-json\/wp\/v2\/media?parent=1979207"}],"wp:term":[{"taxonomy":"product_cat","embeddable":true,"href":"https:\/\/eu.tilta.com\/fr\/wp-json\/wp\/v2\/product_cat?post=1979207"},{"taxonomy":"product_tag","embeddable":true,"href":"https:\/\/eu.tilta.com\/fr\/wp-json\/wp\/v2\/product_tag?post=1979207"}],"curies":[{"name":"wp","href":"https:\/\/api.w.org\/{rel}","templated":true}]}}