{"id":1979527,"date":"2024-04-10T21:04:05","date_gmt":"2024-04-10T19:04:05","guid":{"rendered":"https:\/\/de.tilta.com\/shop\/khronos-iphone-15-pro-pro-max-ultimate-kit\/"},"modified":"2026-04-15T03:50:24","modified_gmt":"2026-04-15T01:50:24","slug":"khronos-iphone-15-pro-pro-max-ultimate-kit_","status":"publish","type":"product","link":"https:\/\/eu.tilta.com\/fr\/shop\/khronos-iphone-15-pro-pro-max-ultimate-kit_\/","title":{"rendered":"Khronos iPhone 15 Pro \/ Pro Max Ultimate Kit"},"content":{"rendered":"<p>Voici le Khronos Ultimate Kit pour iPhone 15 Pro \/ Pro Max, la nouvelle g\u00e9n\u00e9ration de tournage mobile.<\/p>\n<p>Con\u00e7ue avec soin pour les deux mod\u00e8les d&#8217;iPhone 15, cette coque pour smartphone inspir\u00e9e de la cage de l&#8217;appareil photo offre un m\u00e9lange in\u00e9gal\u00e9 de fonctionnalit\u00e9 et d&#8217;\u00e9l\u00e9gance. Con\u00e7u pour prot\u00e9ger votre t\u00e9l\u00e9phone de l&#8217;usure quotidienne, l&#8217;\u00e9tui Khronos offre une protection fiable sans compromettre le style ou la fonctionnalit\u00e9. L&#8217;installation n\u00e9cessite quatre vis qui garantissent que le bo\u00eetier et tous les accessoires connect\u00e9s restent solidement fix\u00e9s.<\/p>\n<p>\u00c9quip\u00e9 de plusieurs points de fixation, le m\u00e9canisme innovant de verrouillage des pinces garantit des connexions s\u00fbres pour les accessoires suppl\u00e9mentaires. Le bo\u00eetier Khronos comporte des points de contact \u00e9lectroniques int\u00e9gr\u00e9s, ce qui vous permet de faire passer du courant \u00e0 travers la cage pour alimenter vos accessoires.<\/p>\n<p>Le kit Ultimate comprend la poign\u00e9e Focus PD de Khronos qui fournit une puissance suppl\u00e9mentaire \u00e0 votre syst\u00e8me et offre un meilleur contr\u00f4le sur les fonctions Focus et Zoom de l&#8217;iPhone. Cette poign\u00e9e utilise le m\u00eame m\u00e9canisme innovant de pince de verrouillage que les autres accessoires Khronos et dispose d&#8217;une batterie interne qui peut \u00eatre recharg\u00e9e via USB-C.<\/p>\n<p>La poign\u00e9e se connecte \u00e0 un iPhone 15 via un c\u00e2ble USB-C int\u00e9gr\u00e9 et utilise le bluetooth pour contr\u00f4ler la mise au point ou le zoom via la molette situ\u00e9e \u00e0 l&#8217;avant de la poign\u00e9e. Le bouton d&#8217;enregistrement garantit que les utilisateurs n&#8217;ont pas besoin de l\u00e2cher la poign\u00e9e pour commencer l&#8217;enregistrement.<\/p>\n<p>La poign\u00e9e circulaire en bois sert d&#8217;option alternative pour l&#8217;utilisation et comporte un rail NATO int\u00e9gr\u00e9 pour le montage d&#8217;accessoires de cam\u00e9ra plus traditionnels. La poign\u00e9e en bois elle-m\u00eame est dot\u00e9e d&#8217;un petit pivot qui permet de la faire pivoter afin de la positionner dans la configuration la plus confortable pour un coup ou une configuration sp\u00e9cifique.<\/p>\n<p>Le kit comprend \u00e9galement le syst\u00e8me de refroidissement pour Khronos qui comprend un dissipateur de chaleur de 22W \u00e0 fr\u00e9quence variable. Il suffit de le connecter \u00e0 une source d&#8217;alimentation externe via USB-C ou d&#8217;utiliser l&#8217;alimentation de la poign\u00e9e incluse pour charger simultan\u00e9ment votre iPhone et maintenir sa temp\u00e9rature tout en utilisant la connexion magn\u00e9tique sans fil MagSafe.<\/p>\n<p>Ce kit comprend \u00e9galement un hub USB-C qui se connecte \u00e0 l&#8217;iPhone via l&#8217;USB-C et \u00e9largit les options de connexion des disques externes ainsi que des moniteurs externes via un port HDMI. Le bas de ce hub USB-C est dot\u00e9 d&#8217;une plaque de fixation rapide ARCA int\u00e9gr\u00e9e, ce qui le rend id\u00e9al pour le montage sur des tr\u00e9pieds ou des gimbals.<\/p>\n<p>Ce kit comprend \u00e9galement une mini-lampe LED Daylight qui peut \u00eatre mont\u00e9e dans plusieurs positions sur le bo\u00eetier. La lampe pr\u00e9sente un IRC \u226595RA et dispose de 3 niveaux de luminosit\u00e9 r\u00e9glables ainsi que d&#8217;une monture ajustable.<\/p>\n<p>La plaque de fixation rapide ARCA garantit que le syst\u00e8me se monte rapidement sur les tr\u00e9pieds ARCA compatibles ainsi que sur les gimbals DJI lorsque vous n&#8217;utilisez pas le hub USB-C. Le support de disque SSD offre une option pratique pour monter des disques d&#8217;\u00e9tat solide afin d&#8217;enregistrer en externe.<\/p>\n<p>Le plateau \u00e0 filtres se fixe facilement \u00e0 l&#8217;\u00e9tui Khronos gr\u00e2ce \u00e0 une connexion magn\u00e9tique s\u00e9curis\u00e9e et dispose d&#8217;une monture pivotante qui permet au plateau de se mettre en place sur les trois objectifs de l&#8217;iPhone 15 Pro\/Pro Max.<\/p>\n<p>Les filtres ND inclus offrent un meilleur contr\u00f4le de l&#8217;exposition en permettant aux utilisateurs de r\u00e9duire la lumi\u00e8re visible par le capteur, ce qui permet \u00e9galement de conserver une vitesse d&#8217;obturation constante lors de prises de vue dans des environnements plus lumineux comme la lumi\u00e8re du jour. Les filtres de brume peuvent \u00e9galement \u00eatre utilis\u00e9s pour cr\u00e9er une image plus diffuse et plus douce.<\/p>\n<p>D\u00e9riv\u00e9 du mot grec signifiant &#8220;temps&#8221;, le nom &#8220;Khronos&#8221; incarne un concept profond. Plus qu&#8217;un simple \u00e9tui de t\u00e9l\u00e9phone, il sert \u00e0 pr\u00e9server les souvenirs pr\u00e9cieux partag\u00e9s par les familles, les amis et les proches.<\/p>\n","protected":false},"excerpt":{"rendered":"<p>Voici le Khronos Ultimate Kit pour iPhone 15 Pro \/ Pro Max, la nouvelle g\u00e9n\u00e9ration de tournage mobile. Con\u00e7ue avec soin pour les deux mod\u00e8les d&#8217;iPhone 15, cette coque pour smartphone inspir\u00e9e de la cage de l&#8217;appareil photo offre un [&hellip;]<\/p>\n","protected":false},"featured_media":1979568,"comment_status":"closed","ping_status":"closed","template":"","meta":[],"product_cat":[3495,4496,2418],"product_tag":[],"acf":[],"gallery_images":[1979569,1979570,1979571,1979572,1979573,1979574,1979575],"_links":{"self":[{"href":"https:\/\/eu.tilta.com\/fr\/wp-json\/wp\/v2\/product\/1979527"}],"collection":[{"href":"https:\/\/eu.tilta.com\/fr\/wp-json\/wp\/v2\/product"}],"about":[{"href":"https:\/\/eu.tilta.com\/fr\/wp-json\/wp\/v2\/types\/product"}],"replies":[{"embeddable":true,"href":"https:\/\/eu.tilta.com\/fr\/wp-json\/wp\/v2\/comments?post=1979527"}],"wp:featuredmedia":[{"embeddable":true,"href":"https:\/\/eu.tilta.com\/fr\/wp-json\/wp\/v2\/media\/1979568"}],"wp:attachment":[{"href":"https:\/\/eu.tilta.com\/fr\/wp-json\/wp\/v2\/media?parent=1979527"}],"wp:term":[{"taxonomy":"product_cat","embeddable":true,"href":"https:\/\/eu.tilta.com\/fr\/wp-json\/wp\/v2\/product_cat?post=1979527"},{"taxonomy":"product_tag","embeddable":true,"href":"https:\/\/eu.tilta.com\/fr\/wp-json\/wp\/v2\/product_tag?post=1979527"}],"curies":[{"name":"wp","href":"https:\/\/api.w.org\/{rel}","templated":true}]}}