{"id":1979620,"date":"2024-04-11T20:58:53","date_gmt":"2024-04-11T18:58:53","guid":{"rendered":"https:\/\/de.tilta.com\/shop\/tilta-75mm-cine-fluid-head-with-3-stage-carbon-fiber-tripod-legs-8kg\/"},"modified":"2025-12-05T12:29:47","modified_gmt":"2025-12-05T11:29:47","slug":"75mm-cine-fluid-head-w-carbon-fiber-legs","status":"publish","type":"product","link":"https:\/\/eu.tilta.com\/fr\/shop\/75mm-cine-fluid-head-w-carbon-fiber-legs\/","title":{"rendered":"Tilta 75mm Cine Fluid Head with 3-Stage Carbon Fiber Tripod Legs (8KG)"},"content":{"rendered":"<p>Nous vous pr\u00e9sentons notre premi\u00e8re s\u00e9rie de tr\u00e9pieds qui int\u00e8gre de mani\u00e8re transparente des performances, une qualit\u00e9 et une pr\u00e9cision \u00e9lev\u00e9es, cr\u00e9ant ainsi une solution d&#8217;imagerie professionnelle pour les utilisateurs de haut niveau.<\/p>\n<p>La t\u00eate de qualit\u00e9 professionnelle offre des performances exceptionnelles. Fabriqu\u00e9 \u00e0 partir d&#8217;un alliage d&#8217;aluminium de qualit\u00e9 a\u00e9rospatiale trait\u00e9 par usinage de pr\u00e9cision CNC, il offre une grande pr\u00e9cision et une excellente stabilit\u00e9.<\/p>\n<p>La t\u00eate du tr\u00e9pied supporte un poids compris entre 2,2 et 17,5 livres et le contrepoids dispose de 8 niveaux de r\u00e9glage dynamique du contrepoids, ce qui permet d&#8217;obtenir un \u00e9quilibre parfait pour les syst\u00e8mes dont le poids ne d\u00e9passe pas les exigences.<\/p>\n<p>La t\u00eate est dot\u00e9e de 4 niveaux de tra\u00een\u00e9e r\u00e9glables, ce qui garantit une utilisation confortable pour toute une s\u00e9rie de syst\u00e8mes diff\u00e9rents. L&#8217;amortissement en douceur assure la fluidit\u00e9 du tangage et des mouvements horizontaux, ce qui permet de cr\u00e9er facilement une ambiance cin\u00e9matographique.<\/p>\n<p>La rotule comprend en standard une plaque de fixation rapide Manfrotto, mais elle est \u00e9galement compatible avec les plaques de fixation rapide Arca-Swiss standard de DJI, ce qui \u00e9limine le besoin de remplacer les plaques de fixation rapide lors de la transition vers les cardans, am\u00e9liorant ainsi grandement l&#8217;efficacit\u00e9.<\/p>\n<p>Fabriqu\u00e9 \u00e0 partir de mat\u00e9riaux de haute qualit\u00e9, il offre une excellente sensation et une grande fiabilit\u00e9, assurant un contrepoids dynamique uniforme pour l&#8217;axe d&#8217;inclinaison.<\/p>\n<p>Ce kit utilise des pieds t\u00e9lescopiques \u00e0 trois niveaux qui peuvent s&#8217;ajuster \u00e0 diff\u00e9rentes hauteurs entre 5,1&#8243; et 70,8\u2033. Les pointes en caoutchouc au bas des pieds du tr\u00e9pied prot\u00e8gent les sols d\u00e9licats et peuvent \u00eatre r\u00e9gl\u00e9es pour exposer les pointes en m\u00e9tal, parfaites pour une utilisation en ext\u00e9rieur sur des terrains accident\u00e9s tels que la boue, l&#8217;herbe, le sable et la glace.<\/p>\n<p>Les pieds en fibre de carbone sont construits avec une enveloppe unique renforc\u00e9e en fibre de carbone et ont un diam\u00e8tre de 36 mm. Il peut supporter jusqu&#8217;\u00e0 110 livres, ce qui est plus solide que les proc\u00e9d\u00e9s traditionnels \u00e0 base de fibre de carbone.<\/p>\n<p>Le syst\u00e8me r\u00e9siste aux temp\u00e9ratures \u00e9lev\u00e9es et basses, dans une plage allant de 140\u00b0F \u00e0 -40\u00b0F, ce qui garantit que vos outils ne vous ralentiront pas dans les environnements difficiles.<\/p>\n<p>Les filetages \u00bc-20 et \u215c-16 r\u00e9serv\u00e9s sur le c\u00f4t\u00e9 du tr\u00e9pied peuvent \u00eatre utilis\u00e9s pour supporter des \u00e9quipements lourds tels que des cardans ou pour monter des accessoires plus petits tels que des lampes, des pinces pour tablettes, des pinces pour t\u00e9l\u00e9phones, etc.<\/p>\n<p>Ce tr\u00e9pied est dot\u00e9 d&#8217;un bol de taille standard de 75 mm, compatible avec d&#8217;autres tr\u00e9pieds, t\u00eates, curseurs, etc. de 75 mm. Le tr\u00e9pied adopte un syst\u00e8me de verrouillage \u00e0 boucle en trois \u00e9tapes, plus rapide et plus solide que les syst\u00e8mes de verrouillage \u00e0 anneau traditionnels.<\/p>\n","protected":false},"excerpt":{"rendered":"<p>Nous vous pr\u00e9sentons notre premi\u00e8re s\u00e9rie de tr\u00e9pieds qui int\u00e8gre de mani\u00e8re transparente des performances, une qualit\u00e9 et une pr\u00e9cision \u00e9lev\u00e9es, cr\u00e9ant ainsi une solution d&#8217;imagerie professionnelle pour les utilisateurs de haut niveau. La t\u00eate de qualit\u00e9 professionnelle offre des [&hellip;]<\/p>\n","protected":false},"featured_media":1979629,"comment_status":"closed","ping_status":"closed","template":"","meta":[],"product_cat":[3246],"product_tag":[],"acf":[],"gallery_images":[1975287,1975288,1975289,1975290,1975264,1975248,1975291],"_links":{"self":[{"href":"https:\/\/eu.tilta.com\/fr\/wp-json\/wp\/v2\/product\/1979620"}],"collection":[{"href":"https:\/\/eu.tilta.com\/fr\/wp-json\/wp\/v2\/product"}],"about":[{"href":"https:\/\/eu.tilta.com\/fr\/wp-json\/wp\/v2\/types\/product"}],"replies":[{"embeddable":true,"href":"https:\/\/eu.tilta.com\/fr\/wp-json\/wp\/v2\/comments?post=1979620"}],"wp:featuredmedia":[{"embeddable":true,"href":"https:\/\/eu.tilta.com\/fr\/wp-json\/wp\/v2\/media\/1979629"}],"wp:attachment":[{"href":"https:\/\/eu.tilta.com\/fr\/wp-json\/wp\/v2\/media?parent=1979620"}],"wp:term":[{"taxonomy":"product_cat","embeddable":true,"href":"https:\/\/eu.tilta.com\/fr\/wp-json\/wp\/v2\/product_cat?post=1979620"},{"taxonomy":"product_tag","embeddable":true,"href":"https:\/\/eu.tilta.com\/fr\/wp-json\/wp\/v2\/product_tag?post=1979620"}],"curies":[{"name":"wp","href":"https:\/\/api.w.org\/{rel}","templated":true}]}}