{"id":1979723,"date":"2024-04-10T21:03:45","date_gmt":"2024-04-10T19:03:45","guid":{"rendered":"https:\/\/de.tilta.com\/shop\/khronos-iphone-15-pro-pro-max-advanced-kit\/"},"modified":"2026-04-15T03:50:25","modified_gmt":"2026-04-15T01:50:25","slug":"khronos-iphone-15-pro-pro-max-advanced-kit","status":"publish","type":"product","link":"https:\/\/eu.tilta.com\/fr\/shop\/khronos-iphone-15-pro-pro-max-advanced-kit\/","title":{"rendered":"Khronos iPhone 15 Pro \/Pro Max Advanced Kit"},"content":{"rendered":"<p>Voici le Khronos Advanced Kit pour iPhone 15 Pro \/ Pro Max, la nouvelle g\u00e9n\u00e9ration de tournage mobile.<\/p>\n<p>Con\u00e7ue avec soin pour les deux mod\u00e8les d&#8217;iPhone 15, cette coque pour smartphone inspir\u00e9e de la cage de l&#8217;appareil photo offre un m\u00e9lange in\u00e9gal\u00e9 de fonctionnalit\u00e9 et d&#8217;\u00e9l\u00e9gance.<\/p>\n<p>Con\u00e7u pour prot\u00e9ger votre t\u00e9l\u00e9phone de l&#8217;usure quotidienne, l&#8217;\u00e9tui Khronos offre une protection fiable sans faire de compromis sur le style ou la fonctionnalit\u00e9.L&#8217;installation n\u00e9cessite quatre vis qui garantissent que l&#8217;\u00e9tui et tous les accessoires connect\u00e9s restent solidement fix\u00e9s.<\/p>\n<p>\u00c9quip\u00e9 de plusieurs points de fixation, le m\u00e9canisme innovant de verrouillage des pinces garantit des connexions s\u00fbres pour les accessoires suppl\u00e9mentaires. Le bo\u00eetier Khronos comporte des points de contact \u00e9lectroniques int\u00e9gr\u00e9s, ce qui vous permet de faire passer du courant \u00e0 travers la cage pour alimenter vos accessoires.<\/p>\n<p>Le kit avanc\u00e9 comprend la poign\u00e9e Focus PD de Khronos qui fournit une puissance suppl\u00e9mentaire \u00e0 votre syst\u00e8me et offre un meilleur contr\u00f4le sur les fonctions Focus et Zoom de l&#8217;iPhone. Cette poign\u00e9e utilise le m\u00eame m\u00e9canisme innovant de pince de verrouillage que les autres accessoires Khronos et dispose d&#8217;une batterie interne qui peut \u00eatre recharg\u00e9e via USB-C.<\/p>\n<p>La poign\u00e9e se connecte \u00e0 un iPhone 15 via un c\u00e2ble USB-C int\u00e9gr\u00e9 et utilise le bluetooth pour contr\u00f4ler la mise au point ou le zoom via la molette situ\u00e9e \u00e0 l&#8217;avant de la poign\u00e9e. Le bouton d&#8217;enregistrement garantit que les utilisateurs n&#8217;ont pas besoin de l\u00e2cher la poign\u00e9e pour commencer l&#8217;enregistrement.<\/p>\n<p>Le kit comprend \u00e9galement le syst\u00e8me de refroidissement pour Khronos qui comprend un dissipateur de chaleur \u00e0 fr\u00e9quence variable de 22W capable d&#8217;atteindre une vitesse maximale de 6700 rpm, assurant une dissipation efficace et rapide de la chaleur jusqu&#8217;\u00e0 39\u00b0F.<\/p>\n<p>Dot\u00e9 d&#8217;une option de charge multifonctionnelle 5W\/10W, il vous suffit de vous connecter \u00e0 une source d&#8217;alimentation externe via USB-C ou d&#8217;utiliser l&#8217;\u00e9nergie de la poign\u00e9e incluse pour charger simultan\u00e9ment votre iPhone et maintenir sa temp\u00e9rature. Le dissipateur thermique utilise la connexion magn\u00e9tique sans fil MagSafe, am\u00e9lior\u00e9e par un noyau magn\u00e9tique int\u00e9gr\u00e9 N52 de qualit\u00e9 militaire, offrant une force magn\u00e9tique robuste pour une fixation stable et s\u00fbre.<\/p>\n<p>Le plateau \u00e0 filtres se fixe facilement \u00e0 l&#8217;\u00e9tui Khronos gr\u00e2ce \u00e0 une connexion magn\u00e9tique s\u00e9curis\u00e9e et dispose d&#8217;une monture pivotante qui permet au plateau de se mettre en place sur les trois objectifs de l&#8217;iPhone 15 Pro\/Pro Max.<\/p>\n<p>Les filtres ND inclus offrent un meilleur contr\u00f4le de l&#8217;exposition en permettant aux utilisateurs de r\u00e9duire la lumi\u00e8re visible par le capteur, ce qui permet \u00e9galement de conserver une vitesse d&#8217;obturation constante lors de prises de vue dans des environnements plus lumineux comme la lumi\u00e8re du jour.<\/p>\n<p>D\u00e9riv\u00e9 du mot grec signifiant &#8220;temps&#8221;, le nom &#8220;Khronos&#8221; incarne un concept profond. Plus qu&#8217;un simple \u00e9tui de t\u00e9l\u00e9phone, il sert \u00e0 pr\u00e9server les souvenirs pr\u00e9cieux partag\u00e9s par les familles, les amis et les proches.<\/p>\n","protected":false},"excerpt":{"rendered":"<p>Voici le Khronos Advanced Kit pour iPhone 15 Pro \/ Pro Max, la nouvelle g\u00e9n\u00e9ration de tournage mobile. Con\u00e7ue avec soin pour les deux mod\u00e8les d&#8217;iPhone 15, cette coque pour smartphone inspir\u00e9e de la cage de l&#8217;appareil photo offre un [&hellip;]<\/p>\n","protected":false},"featured_media":1979733,"comment_status":"closed","ping_status":"closed","template":"","meta":[],"product_cat":[3495,4496,2418],"product_tag":[],"acf":[],"gallery_images":[1979734,1979735,1979736,1979572,1979573,1979574,1979575],"_links":{"self":[{"href":"https:\/\/eu.tilta.com\/fr\/wp-json\/wp\/v2\/product\/1979723"}],"collection":[{"href":"https:\/\/eu.tilta.com\/fr\/wp-json\/wp\/v2\/product"}],"about":[{"href":"https:\/\/eu.tilta.com\/fr\/wp-json\/wp\/v2\/types\/product"}],"replies":[{"embeddable":true,"href":"https:\/\/eu.tilta.com\/fr\/wp-json\/wp\/v2\/comments?post=1979723"}],"wp:featuredmedia":[{"embeddable":true,"href":"https:\/\/eu.tilta.com\/fr\/wp-json\/wp\/v2\/media\/1979733"}],"wp:attachment":[{"href":"https:\/\/eu.tilta.com\/fr\/wp-json\/wp\/v2\/media?parent=1979723"}],"wp:term":[{"taxonomy":"product_cat","embeddable":true,"href":"https:\/\/eu.tilta.com\/fr\/wp-json\/wp\/v2\/product_cat?post=1979723"},{"taxonomy":"product_tag","embeddable":true,"href":"https:\/\/eu.tilta.com\/fr\/wp-json\/wp\/v2\/product_tag?post=1979723"}],"curies":[{"name":"wp","href":"https:\/\/api.w.org\/{rel}","templated":true}]}}