{"id":1979793,"date":"2024-04-10T21:01:18","date_gmt":"2024-04-10T19:01:18","guid":{"rendered":"https:\/\/de.tilta.com\/shop\/kit-leger-khronos-pour-iphone-15-pro-pro-max\/"},"modified":"2026-04-15T03:50:50","modified_gmt":"2026-04-15T01:50:50","slug":"khronos-iphone-15-pro-pro-max-lightweight-kit","status":"publish","type":"product","link":"https:\/\/eu.tilta.com\/fr\/shop\/khronos-iphone-15-pro-pro-max-lightweight-kit\/","title":{"rendered":"Kit l\u00e9ger Khronos pour iPhone 15 Pro\/Pro Max"},"content":{"rendered":"<p>Voici le kit l\u00e9ger Khronos pour iPhone 15 Pro \/ Pro Max, la nouvelle g\u00e9n\u00e9ration de tournage mobile.<\/p>\n<p>Con\u00e7ue avec soin pour les deux mod\u00e8les d&#8217;iPhone 15, cette coque pour smartphone inspir\u00e9e de la cage de l&#8217;appareil photo offre un m\u00e9lange in\u00e9gal\u00e9 de fonctionnalit\u00e9 et d&#8217;\u00e9l\u00e9gance.<\/p>\n<p>Con\u00e7u pour prot\u00e9ger votre t\u00e9l\u00e9phone de l&#8217;usure quotidienne, l&#8217;\u00e9tui Khronos offre une protection fiable sans faire de compromis sur le style ou la fonctionnalit\u00e9.L&#8217;installation n\u00e9cessite quatre vis qui garantissent que l&#8217;\u00e9tui et tous les accessoires connect\u00e9s restent solidement fix\u00e9s.<\/p>\n<p>Dot\u00e9 de plusieurs points de fixation, le m\u00e9canisme innovant de pince de verrouillage garantit des connexions s\u00fbres pour les accessoires suppl\u00e9mentaires tels que les poign\u00e9es lat\u00e9rales Focus, les modules de refroidissement, les filtres, les lumi\u00e8res embarqu\u00e9es, les concentrateurs USB-C et bien plus encore.<\/p>\n<p>Le bo\u00eetier Khronos comporte des points de contact \u00e9lectroniques int\u00e9gr\u00e9s, ce qui vous permet de faire passer l&#8217;\u00e9nergie \u00e0 travers la cage pour alimenter vos accessoires lorsque vous utilisez une poign\u00e9e d&#8217;alimentation optionnelle.<\/p>\n<p>Le kit l\u00e9ger comprend la poign\u00e9e r\u00e9glable, qui se fixe rapidement et solidement \u00e0 l&#8217;aide d&#8217;une pince de verrouillage int\u00e9gr\u00e9e \u00e0 plusieurs endroits de la mallette, permettant ainsi des configurations de tournage horizontales et verticales.<\/p>\n<p>La poign\u00e9e est r\u00e9glable en hauteur par rapport au point de montage, ce qui signifie que les utilisateurs peuvent ajuster la position de cette poign\u00e9e pour un confort maximal pendant l&#8217;utilisation. La texture en silicone permet aux utilisateurs d&#8217;avoir une bonne prise en main du syst\u00e8me lors de son utilisation.<\/p>\n<p>La poign\u00e9e peut \u00e9galement pivoter de 180\u00b0 au total et se bloquer dans 5 positions diff\u00e9rentes afin d&#8217;offrir une plus grande flexibilit\u00e9 lors de l&#8217;utilisation et de la capture de diff\u00e9rents angles.<\/p>\n<p>Le haut et le bas de cette poign\u00e9e sont \u00e9galement dot\u00e9s de filets 1\/4\u2033-20 qui permettent aux utilisateurs de monter facilement des accessoires suppl\u00e9mentaires qui seraient normalement utilis\u00e9s sur des appareils photo plus traditionnels.<\/p>\n<p>D\u00e9riv\u00e9 du mot grec signifiant &#8220;temps&#8221;, le nom &#8220;Khronos&#8221; incarne un concept profond. Plus qu&#8217;un simple \u00e9tui de t\u00e9l\u00e9phone, il sert \u00e0 pr\u00e9server les souvenirs pr\u00e9cieux partag\u00e9s par les familles, les amis et les proches.<\/p>\n","protected":false},"excerpt":{"rendered":"<p>Voici le kit l\u00e9ger Khronos pour iPhone 15 Pro \/ Pro Max, la nouvelle g\u00e9n\u00e9ration de tournage mobile. Con\u00e7ue avec soin pour les deux mod\u00e8les d&#8217;iPhone 15, cette coque pour smartphone inspir\u00e9e de la cage de l&#8217;appareil photo offre un [&hellip;]<\/p>\n","protected":false},"featured_media":1979812,"comment_status":"closed","ping_status":"closed","template":"","meta":[],"product_cat":[3495,2418],"product_tag":[],"acf":[],"gallery_images":[1979814,1979816,1979817,1979572,1979573,1979574,1979575],"_links":{"self":[{"href":"https:\/\/eu.tilta.com\/fr\/wp-json\/wp\/v2\/product\/1979793"}],"collection":[{"href":"https:\/\/eu.tilta.com\/fr\/wp-json\/wp\/v2\/product"}],"about":[{"href":"https:\/\/eu.tilta.com\/fr\/wp-json\/wp\/v2\/types\/product"}],"replies":[{"embeddable":true,"href":"https:\/\/eu.tilta.com\/fr\/wp-json\/wp\/v2\/comments?post=1979793"}],"wp:featuredmedia":[{"embeddable":true,"href":"https:\/\/eu.tilta.com\/fr\/wp-json\/wp\/v2\/media\/1979812"}],"wp:attachment":[{"href":"https:\/\/eu.tilta.com\/fr\/wp-json\/wp\/v2\/media?parent=1979793"}],"wp:term":[{"taxonomy":"product_cat","embeddable":true,"href":"https:\/\/eu.tilta.com\/fr\/wp-json\/wp\/v2\/product_cat?post=1979793"},{"taxonomy":"product_tag","embeddable":true,"href":"https:\/\/eu.tilta.com\/fr\/wp-json\/wp\/v2\/product_tag?post=1979793"}],"curies":[{"name":"wp","href":"https:\/\/api.w.org\/{rel}","templated":true}]}}