{"id":1979874,"date":"2024-04-10T20:59:54","date_gmt":"2024-04-10T18:59:54","guid":{"rendered":"https:\/\/de.tilta.com\/shop\/poignee-focus-pd-de-khronos-pour-iphone\/"},"modified":"2026-04-15T03:50:51","modified_gmt":"2026-04-15T01:50:51","slug":"khronos-focus-pd-handle-for-iphone","status":"publish","type":"product","link":"https:\/\/eu.tilta.com\/fr\/shop\/khronos-focus-pd-handle-for-iphone\/","title":{"rendered":"Poign\u00e9e Focus PD de Khronos pour iPhone"},"content":{"rendered":"<p>La poign\u00e9e Focus PD de Khronos pour iPhone est l&#8217;accessoire ultime pour fournir une puissance suppl\u00e9mentaire \u00e0 votre syst\u00e8me et offre un meilleur contr\u00f4le sur les fonctionnalit\u00e9s Focus et Zoom de l&#8217;iPhone.<\/p>\n<p>Cet accessoire utilise le m\u00eame m\u00e9canisme de serrage innovant que les autres accessoires Khronos. Il peut \u00eatre facilement connect\u00e9 \u00e0 n&#8217;importe quel point de fixation de l&#8217;\u00e9tui du smartphone en appuyant sur le bouton de d\u00e9verrouillage, en alignant les broches et en rel\u00e2chant le bouton une fois qu&#8217;il est en place.<\/p>\n<p>La poign\u00e9e est dot\u00e9e d&#8217;une batterie interne qui peut \u00eatre recharg\u00e9e via USB-C et peut alimenter le bo\u00eetier Khronos, ce qui est n\u00e9cessaire lors de l&#8217;utilisation d&#8217;accessoires tels que le mini panneau LED ou le module de refroidissement.<\/p>\n<p>La poign\u00e9e se connecte \u00e0 un iPhone 15 via un c\u00e2ble USB-C int\u00e9gr\u00e9 et utilise le bluetooth pour contr\u00f4ler la mise au point ou le zoom via la molette situ\u00e9e \u00e0 l&#8217;avant de la poign\u00e9e.<\/p>\n<p>Cela offre un meilleur contr\u00f4le sur les deux fonctions et permet aux utilisateurs de changer lentement de mise au point sans avoir \u00e0 appuyer sur l&#8217;\u00e9cran et \u00e0 sauter \u00e0 un nouveau point focal.<\/p>\n<p>La poign\u00e9e offre \u00e9galement une plus grande stabilit\u00e9 lors de l&#8217;utilisation du syst\u00e8me et le bouton d&#8217;enregistrement permet aux utilisateurs de ne pas avoir \u00e0 l\u00e2cher la poign\u00e9e pour commencer l&#8217;enregistrement.<\/p>\n<p>Disponible en gris spatial sophistiqu\u00e9 et en blanc titane \u00e9l\u00e9gant, afin de s&#8217;harmoniser avec la coque Khronos et de compl\u00e9ter le design de votre iPhone tout en ajoutant une touche de style.<\/p>\n","protected":false},"excerpt":{"rendered":"<p>La poign\u00e9e Focus PD de Khronos pour iPhone est l&#8217;accessoire ultime pour fournir une puissance suppl\u00e9mentaire \u00e0 votre syst\u00e8me et offre un meilleur contr\u00f4le sur les fonctionnalit\u00e9s Focus et Zoom de l&#8217;iPhone. Cet accessoire utilise le m\u00eame m\u00e9canisme de serrage [&hellip;]<\/p>\n","protected":false},"featured_media":1979883,"comment_status":"closed","ping_status":"closed","template":"","meta":[],"product_cat":[3495,3348,4496,4195,2418],"product_tag":[],"acf":[],"gallery_images":[1979885,1979803,1979804,1979805,1979807],"_links":{"self":[{"href":"https:\/\/eu.tilta.com\/fr\/wp-json\/wp\/v2\/product\/1979874"}],"collection":[{"href":"https:\/\/eu.tilta.com\/fr\/wp-json\/wp\/v2\/product"}],"about":[{"href":"https:\/\/eu.tilta.com\/fr\/wp-json\/wp\/v2\/types\/product"}],"replies":[{"embeddable":true,"href":"https:\/\/eu.tilta.com\/fr\/wp-json\/wp\/v2\/comments?post=1979874"}],"wp:featuredmedia":[{"embeddable":true,"href":"https:\/\/eu.tilta.com\/fr\/wp-json\/wp\/v2\/media\/1979883"}],"wp:attachment":[{"href":"https:\/\/eu.tilta.com\/fr\/wp-json\/wp\/v2\/media?parent=1979874"}],"wp:term":[{"taxonomy":"product_cat","embeddable":true,"href":"https:\/\/eu.tilta.com\/fr\/wp-json\/wp\/v2\/product_cat?post=1979874"},{"taxonomy":"product_tag","embeddable":true,"href":"https:\/\/eu.tilta.com\/fr\/wp-json\/wp\/v2\/product_tag?post=1979874"}],"curies":[{"name":"wp","href":"https:\/\/api.w.org\/{rel}","templated":true}]}}