{"id":1979881,"date":"2024-04-10T20:57:20","date_gmt":"2024-04-10T18:57:20","guid":{"rendered":"https:\/\/de.tilta.com\/shop\/systeme-de-refroidissement-khronos-pour-iphone\/"},"modified":"2026-04-15T03:50:51","modified_gmt":"2026-04-15T01:50:51","slug":"khronos-cooling-system-for-iphone","status":"publish","type":"product","link":"https:\/\/eu.tilta.com\/fr\/shop\/khronos-cooling-system-for-iphone\/","title":{"rendered":"Syst\u00e8me de refroidissement Khronos pour iPhone"},"content":{"rendered":"<p><em>Pr\u00e9sentation du syst\u00e8me de refroidissement Khronos pour iPhone<br \/>\n<\/em><br \/>\nB\u00e9n\u00e9ficiez d&#8217;un refroidissement avanc\u00e9 gr\u00e2ce au syst\u00e8me de refroidissement Khronos con\u00e7u sp\u00e9cialement pour l&#8217;iPhone 15 Pro et Pro Max avec ou sans l&#8217;\u00e9tui Khronos pour iPhone.<\/p>\n<p>Ce syst\u00e8me innovant est dot\u00e9 d&#8217;un dissipateur thermique \u00e0 fr\u00e9quence variable de 22 W, capable d&#8217;atteindre une vitesse maximale de 6 700 tr\/min, ce qui garantit une dissipation efficace et rapide de la chaleur. Atteignez une temp\u00e9rature de refroidissement remarquablement basse de 39\u00b0F pour une performance optimale de l&#8217;appareil.<\/p>\n<p>Dot\u00e9 d&#8217;une option de charge multifonctionnelle 5W\/10W, il suffit de le connecter \u00e0 une source d&#8217;alimentation externe via USB-C pour charger simultan\u00e9ment votre iPhone et maintenir sa temp\u00e9rature.<\/p>\n<p>Le dissipateur thermique utilise la connexion magn\u00e9tique sans fil MagSafe, am\u00e9lior\u00e9e par un noyau magn\u00e9tique int\u00e9gr\u00e9 N52 de qualit\u00e9 militaire, offrant une force magn\u00e9tique robuste pour une fixation stable et s\u00fbre.<\/p>\n<p>Am\u00e9liorez les capacit\u00e9s de refroidissement de votre iPhone avec le syst\u00e8me de refroidissement Khronos, pour une dur\u00e9e de vie prolong\u00e9e et des performances ininterrompues.<\/p>\n","protected":false},"excerpt":{"rendered":"<p>Pr\u00e9sentation du syst\u00e8me de refroidissement Khronos pour iPhone B\u00e9n\u00e9ficiez d&#8217;un refroidissement avanc\u00e9 gr\u00e2ce au syst\u00e8me de refroidissement Khronos con\u00e7u sp\u00e9cialement pour l&#8217;iPhone 15 Pro et Pro Max avec ou sans l&#8217;\u00e9tui Khronos pour iPhone. Ce syst\u00e8me innovant est dot\u00e9 d&#8217;un [&hellip;]<\/p>\n","protected":false},"featured_media":1979887,"comment_status":"closed","ping_status":"closed","template":"","meta":[],"product_cat":[4448,3495,4496,2418],"product_tag":[],"acf":[],"gallery_images":[1979889,1979803,1979804,1979805,1979807],"_links":{"self":[{"href":"https:\/\/eu.tilta.com\/fr\/wp-json\/wp\/v2\/product\/1979881"}],"collection":[{"href":"https:\/\/eu.tilta.com\/fr\/wp-json\/wp\/v2\/product"}],"about":[{"href":"https:\/\/eu.tilta.com\/fr\/wp-json\/wp\/v2\/types\/product"}],"replies":[{"embeddable":true,"href":"https:\/\/eu.tilta.com\/fr\/wp-json\/wp\/v2\/comments?post=1979881"}],"wp:featuredmedia":[{"embeddable":true,"href":"https:\/\/eu.tilta.com\/fr\/wp-json\/wp\/v2\/media\/1979887"}],"wp:attachment":[{"href":"https:\/\/eu.tilta.com\/fr\/wp-json\/wp\/v2\/media?parent=1979881"}],"wp:term":[{"taxonomy":"product_cat","embeddable":true,"href":"https:\/\/eu.tilta.com\/fr\/wp-json\/wp\/v2\/product_cat?post=1979881"},{"taxonomy":"product_tag","embeddable":true,"href":"https:\/\/eu.tilta.com\/fr\/wp-json\/wp\/v2\/product_tag?post=1979881"}],"curies":[{"name":"wp","href":"https:\/\/api.w.org\/{rel}","templated":true}]}}