{"id":1979965,"date":"2024-04-10T20:58:47","date_gmt":"2024-04-10T18:58:47","guid":{"rendered":"https:\/\/de.tilta.com\/shop\/hub-usb-c-a-degagement-rapide-de-khronos\/"},"modified":"2026-04-15T03:53:12","modified_gmt":"2026-04-15T01:53:12","slug":"khronos-quick-release-usb-c-hub","status":"publish","type":"product","link":"https:\/\/eu.tilta.com\/fr\/shop\/khronos-quick-release-usb-c-hub\/","title":{"rendered":"Hub USB-C \u00e0 d\u00e9gagement rapide de Khronos"},"content":{"rendered":"<p><em>Pr\u00e9sentation du Hub USB-C \u00e0 d\u00e9gagement rapide de Khronos<\/em><\/p>\n<p>Lib\u00e9rez tout le potentiel de votre plateforme iPhone avec le hub USB-C \u00e0 d\u00e9gagement rapide de Khronos. Ce hub multim\u00e9dia tout-en-un vous permet de vous connecter \u00e0 votre iPhone via USB-C, offrant ainsi un \u00e9ventail d&#8217;options \u00e9tendues pour une int\u00e9gration transparente avec des appareils externes.<\/p>\n<p>Avec 2 ports Type-C, le Khronos Hub offre une polyvalence in\u00e9gal\u00e9e. Utilisez ces ports pour alimenter vos appareils ou pour transmettre des donn\u00e9es \u00e0 haut d\u00e9bit.<\/p>\n<p>Connectez des disques SSD externes sans effort, ce qui est essentiel pour enregistrer dans Apple Log et garantir des flux de travail fluides et ininterrompus. Les deux ports peuvent \u00eatre utilis\u00e9s simultan\u00e9ment, ce qui offre une commodit\u00e9 et une efficacit\u00e9 in\u00e9gal\u00e9es.<\/p>\n<p>Il est dot\u00e9 d&#8217;un port HDMI pour faciliter la sortie du signal vid\u00e9o vers un moniteur externe ou un \u00e9metteur sans fil. B\u00e9n\u00e9ficiez d&#8217;une qualit\u00e9 vid\u00e9o cristalline et rationalisez votre vision en direct sur le plateau.<br \/>\nEn plus de sa connectivit\u00e9 polyvalente, le hub comprend un port audio de 3,5 mm.<\/p>\n<p>Cela permet un contr\u00f4le audio en temps r\u00e9el lors de l&#8217;enregistrement, garantissant une capture sonore pr\u00e9cise pour vos projets.<\/p>\n<p>Au bas du hub USB-C se trouve une plaque de fixation rapide ARCA int\u00e9gr\u00e9e. Ce design innovant est id\u00e9al pour monter le Khronos Hub sur des tr\u00e9pieds ou des cardans.<\/p>\n<p>Que vous filmiez en d\u00e9placement ou que vous pr\u00e9pariez une production professionnelle, la plaque de fixation rapide garantit une connexion s\u00fbre et stable.<\/p>\n","protected":false},"excerpt":{"rendered":"<p>Pr\u00e9sentation du Hub USB-C \u00e0 d\u00e9gagement rapide de Khronos Lib\u00e9rez tout le potentiel de votre plateforme iPhone avec le hub USB-C \u00e0 d\u00e9gagement rapide de Khronos. Ce hub multim\u00e9dia tout-en-un vous permet de vous connecter \u00e0 votre iPhone via USB-C, [&hellip;]<\/p>\n","protected":false},"featured_media":1979969,"comment_status":"closed","ping_status":"closed","template":"","meta":[],"product_cat":[3495,3348,4496,4195],"product_tag":[],"acf":[],"gallery_images":[1979971,1979803,1979804,1979805,1979807],"_links":{"self":[{"href":"https:\/\/eu.tilta.com\/fr\/wp-json\/wp\/v2\/product\/1979965"}],"collection":[{"href":"https:\/\/eu.tilta.com\/fr\/wp-json\/wp\/v2\/product"}],"about":[{"href":"https:\/\/eu.tilta.com\/fr\/wp-json\/wp\/v2\/types\/product"}],"replies":[{"embeddable":true,"href":"https:\/\/eu.tilta.com\/fr\/wp-json\/wp\/v2\/comments?post=1979965"}],"wp:featuredmedia":[{"embeddable":true,"href":"https:\/\/eu.tilta.com\/fr\/wp-json\/wp\/v2\/media\/1979969"}],"wp:attachment":[{"href":"https:\/\/eu.tilta.com\/fr\/wp-json\/wp\/v2\/media?parent=1979965"}],"wp:term":[{"taxonomy":"product_cat","embeddable":true,"href":"https:\/\/eu.tilta.com\/fr\/wp-json\/wp\/v2\/product_cat?post=1979965"},{"taxonomy":"product_tag","embeddable":true,"href":"https:\/\/eu.tilta.com\/fr\/wp-json\/wp\/v2\/product_tag?post=1979965"}],"curies":[{"name":"wp","href":"https:\/\/api.w.org\/{rel}","templated":true}]}}