{"id":1980019,"date":"2024-04-10T20:56:37","date_gmt":"2024-04-10T18:56:37","guid":{"rendered":"https:\/\/de.tilta.com\/shop\/poignee-reglable-khronos\/"},"modified":"2026-05-07T12:54:33","modified_gmt":"2026-05-07T10:54:33","slug":"khronos-adjustable-handle","status":"publish","type":"product","link":"https:\/\/eu.tilta.com\/fr\/shop\/khronos-adjustable-handle\/","title":{"rendered":"Poign\u00e9e r\u00e9glable Khronos"},"content":{"rendered":"<p><em>Voici la poign\u00e9e r\u00e9glable Khronos, un accessoire polyvalent con\u00e7u pour am\u00e9liorer votre exp\u00e9rience de tir mobile.<\/em><\/p>\n<p>Cette poign\u00e9e l\u00e9g\u00e8re se fixe rapidement \u00e0 votre appareil, sans n\u00e9cessiter d&#8217;outils pour l&#8217;installer, ce qui garantit sa commodit\u00e9 et sa portabilit\u00e9 en d\u00e9placement.<\/p>\n<p>Gr\u00e2ce \u00e0 sa conception adaptable, il s&#8217;adapte parfaitement aux deux c\u00f4t\u00e9s de votre appareil, avec une plage de hauteur r\u00e9glable allant jusqu&#8217;\u00e0 53 mm pour une flexibilit\u00e9 de positionnement maximale.<\/p>\n<p>Faites pivoter la poign\u00e9e de 90\u00b0 pour l&#8217;utiliser comme poign\u00e9e sup\u00e9rieure, ce qui ajoute un aspect pratique \u00e0 sa fonctionnalit\u00e9. Profitez d&#8217;un contr\u00f4le pr\u00e9cis gr\u00e2ce aux cinq options de rotation de l&#8217;engrenage, qui vous permettent de trouver l&#8217;angle parfait pour vos besoins.<\/p>\n<p>Dot\u00e9e d&#8217;une poign\u00e9e en silicone antid\u00e9rapante et d&#8217;une surface textur\u00e9e, cette poign\u00e9e assure une prise en main s\u00fbre et confortable pendant l&#8217;utilisation.<\/p>\n<p>De plus, gr\u00e2ce aux trous filet\u00e9s 1\/4 int\u00e9gr\u00e9s en haut et en bas, il offre des possibilit\u00e9s d&#8217;extension pour la connexion d&#8217;appareils suppl\u00e9mentaires, am\u00e9liorant ainsi votre installation cr\u00e9ative.<\/p>\n","protected":false},"excerpt":{"rendered":"<p>Voici la poign\u00e9e r\u00e9glable Khronos, un accessoire polyvalent con\u00e7u pour am\u00e9liorer votre exp\u00e9rience de tir mobile. Cette poign\u00e9e l\u00e9g\u00e8re se fixe rapidement \u00e0 votre appareil, sans n\u00e9cessiter d&#8217;outils pour l&#8217;installer, ce qui garantit sa commodit\u00e9 et sa portabilit\u00e9 en d\u00e9placement. [&hellip;]<\/p>\n","protected":false},"featured_media":2026312,"comment_status":"closed","ping_status":"closed","template":"","meta":[],"product_cat":[3495,3348,4496,4195],"product_tag":[],"acf":[],"gallery_images":[2026305,1975034,1975035,1975036,1975037],"_links":{"self":[{"href":"https:\/\/eu.tilta.com\/fr\/wp-json\/wp\/v2\/product\/1980019"}],"collection":[{"href":"https:\/\/eu.tilta.com\/fr\/wp-json\/wp\/v2\/product"}],"about":[{"href":"https:\/\/eu.tilta.com\/fr\/wp-json\/wp\/v2\/types\/product"}],"replies":[{"embeddable":true,"href":"https:\/\/eu.tilta.com\/fr\/wp-json\/wp\/v2\/comments?post=1980019"}],"wp:featuredmedia":[{"embeddable":true,"href":"https:\/\/eu.tilta.com\/fr\/wp-json\/wp\/v2\/media\/2026312"}],"wp:attachment":[{"href":"https:\/\/eu.tilta.com\/fr\/wp-json\/wp\/v2\/media?parent=1980019"}],"wp:term":[{"taxonomy":"product_cat","embeddable":true,"href":"https:\/\/eu.tilta.com\/fr\/wp-json\/wp\/v2\/product_cat?post=1980019"},{"taxonomy":"product_tag","embeddable":true,"href":"https:\/\/eu.tilta.com\/fr\/wp-json\/wp\/v2\/product_tag?post=1980019"}],"curies":[{"name":"wp","href":"https:\/\/api.w.org\/{rel}","templated":true}]}}