{"id":1980039,"date":"2024-04-10T20:55:57","date_gmt":"2024-04-10T18:55:57","guid":{"rendered":"https:\/\/de.tilta.com\/shop\/khronos-adaptateur-de-fixation-rapide-pour-lotan\/"},"modified":"2026-05-07T12:54:33","modified_gmt":"2026-05-07T10:54:33","slug":"khronos-universal-nato-mount","status":"publish","type":"product","link":"https:\/\/eu.tilta.com\/fr\/shop\/khronos-universal-nato-mount\/","title":{"rendered":"Khronos Adaptateur de fixation rapide pour l&#8217;OTAN"},"content":{"rendered":"<p><em>L&#8217;adaptateur rapide OTAN de Khronos est l&#8217;option parfaite pour monter des accessoires de cam\u00e9ra traditionnels sur votre \u00e9tui Khronos iPhone 15 Pro \/ Pro Max.<\/em><\/p>\n<p>Cet accessoire utilise le m\u00eame m\u00e9canisme de serrage innovant que les autres accessoires Khronos.<\/p>\n<p>Il peut \u00eatre facilement connect\u00e9 \u00e0 n&#8217;importe quel point de fixation de l&#8217;\u00e9tui du smartphone en appuyant sur le bouton de d\u00e9verrouillage, en alignant les broches et en rel\u00e2chant le bouton une fois qu&#8217;il est en place.<\/p>\n<p>La monture est \u00e9quip\u00e9e d&#8217;un rail OTAN ainsi que d&#8217;un filetage 1\/4\u2033-20 avec des goupilles de positionnement multidirectionnelles, parfaites pour les accessoires tels que les bras articul\u00e9s.<\/p>\n<p>Disponible en gris spatial sophistiqu\u00e9 et en blanc titane \u00e9l\u00e9gant, afin de s&#8217;harmoniser avec la coque Khronos et de compl\u00e9ter le design de votre iPhone tout en ajoutant une touche de style.<\/p>\n","protected":false},"excerpt":{"rendered":"<p>L&#8217;adaptateur rapide OTAN de Khronos est l&#8217;option parfaite pour monter des accessoires de cam\u00e9ra traditionnels sur votre \u00e9tui Khronos iPhone 15 Pro \/ Pro Max. Cet accessoire utilise le m\u00eame m\u00e9canisme de serrage innovant que les autres accessoires Khronos. Il [&hellip;]<\/p>\n","protected":false},"featured_media":2026487,"comment_status":"closed","ping_status":"closed","template":"","meta":[],"product_cat":[3495,3348,4496,4195],"product_tag":[],"acf":[],"gallery_images":[1980043,1979803,1979804,1979805,1979807],"_links":{"self":[{"href":"https:\/\/eu.tilta.com\/fr\/wp-json\/wp\/v2\/product\/1980039"}],"collection":[{"href":"https:\/\/eu.tilta.com\/fr\/wp-json\/wp\/v2\/product"}],"about":[{"href":"https:\/\/eu.tilta.com\/fr\/wp-json\/wp\/v2\/types\/product"}],"replies":[{"embeddable":true,"href":"https:\/\/eu.tilta.com\/fr\/wp-json\/wp\/v2\/comments?post=1980039"}],"wp:featuredmedia":[{"embeddable":true,"href":"https:\/\/eu.tilta.com\/fr\/wp-json\/wp\/v2\/media\/2026487"}],"wp:attachment":[{"href":"https:\/\/eu.tilta.com\/fr\/wp-json\/wp\/v2\/media?parent=1980039"}],"wp:term":[{"taxonomy":"product_cat","embeddable":true,"href":"https:\/\/eu.tilta.com\/fr\/wp-json\/wp\/v2\/product_cat?post=1980039"},{"taxonomy":"product_tag","embeddable":true,"href":"https:\/\/eu.tilta.com\/fr\/wp-json\/wp\/v2\/product_tag?post=1980039"}],"curies":[{"name":"wp","href":"https:\/\/api.w.org\/{rel}","templated":true}]}}