{"id":1980077,"date":"2024-04-10T20:56:35","date_gmt":"2024-04-10T18:56:35","guid":{"rendered":"https:\/\/de.tilta.com\/shop\/poignee-circulaire-en-bois-khronos\/"},"modified":"2026-04-15T03:53:38","modified_gmt":"2026-04-15T01:53:38","slug":"khronos-circular-wooden-handle","status":"publish","type":"product","link":"https:\/\/eu.tilta.com\/fr\/shop\/khronos-circular-wooden-handle\/","title":{"rendered":"Poign\u00e9e circulaire en bois Khronos"},"content":{"rendered":"<p><em>Voici la poign\u00e9e circulaire en bois de Khronos, un ajout l\u00e9ger et transparent \u00e0 votre syst\u00e8me Khronos.<\/em><\/p>\n<p>Fabriqu\u00e9es avec pr\u00e9cision, ces poign\u00e9es sont faites de bois de qualit\u00e9 et assembl\u00e9es avec un alliage d&#8217;aluminium de haute qualit\u00e9 frais\u00e9 par ordinateur, ce qui garantit leur durabilit\u00e9 et leur finition \u00e9l\u00e9gante.<\/p>\n<p>Con\u00e7us pour le confort, ils offrent une prise s\u00fbre et confortable pour une utilisation prolong\u00e9e.<\/p>\n<p>Cet accessoire utilise le m\u00eame m\u00e9canisme de serrage innovant que les autres accessoires Khronos, ce qui permet une connexion facile \u00e0 n&#8217;importe quel point de fixation sur l&#8217;\u00e9tui du smartphone.<\/p>\n<p>Il suffit d&#8217;appuyer sur le bouton de d\u00e9verrouillage, d&#8217;aligner les goupilles et de rel\u00e2cher le bouton une fois en place pour une installation sans probl\u00e8me.<\/p>\n","protected":false},"excerpt":{"rendered":"<p>Voici la poign\u00e9e circulaire en bois de Khronos, un ajout l\u00e9ger et transparent \u00e0 votre syst\u00e8me Khronos. Fabriqu\u00e9es avec pr\u00e9cision, ces poign\u00e9es sont faites de bois de qualit\u00e9 et assembl\u00e9es avec un alliage d&#8217;aluminium de haute qualit\u00e9 frais\u00e9 par ordinateur, [&hellip;]<\/p>\n","protected":false},"featured_media":1980082,"comment_status":"closed","ping_status":"closed","template":"","meta":[],"product_cat":[3495,3348,4496,4195,2418],"product_tag":[],"acf":[],"gallery_images":[1980083,1979803,1979804,1979805,1979807],"_links":{"self":[{"href":"https:\/\/eu.tilta.com\/fr\/wp-json\/wp\/v2\/product\/1980077"}],"collection":[{"href":"https:\/\/eu.tilta.com\/fr\/wp-json\/wp\/v2\/product"}],"about":[{"href":"https:\/\/eu.tilta.com\/fr\/wp-json\/wp\/v2\/types\/product"}],"replies":[{"embeddable":true,"href":"https:\/\/eu.tilta.com\/fr\/wp-json\/wp\/v2\/comments?post=1980077"}],"wp:featuredmedia":[{"embeddable":true,"href":"https:\/\/eu.tilta.com\/fr\/wp-json\/wp\/v2\/media\/1980082"}],"wp:attachment":[{"href":"https:\/\/eu.tilta.com\/fr\/wp-json\/wp\/v2\/media?parent=1980077"}],"wp:term":[{"taxonomy":"product_cat","embeddable":true,"href":"https:\/\/eu.tilta.com\/fr\/wp-json\/wp\/v2\/product_cat?post=1980077"},{"taxonomy":"product_tag","embeddable":true,"href":"https:\/\/eu.tilta.com\/fr\/wp-json\/wp\/v2\/product_tag?post=1980077"}],"curies":[{"name":"wp","href":"https:\/\/api.w.org\/{rel}","templated":true}]}}