{"id":1980090,"date":"2024-04-10T20:55:56","date_gmt":"2024-04-10T18:55:56","guid":{"rendered":"https:\/\/de.tilta.com\/shop\/khronos-universal-ssd-holder\/"},"modified":"2026-04-15T03:53:39","modified_gmt":"2026-04-15T01:53:39","slug":"khronos-universal-ssd-holder","status":"publish","type":"product","link":"https:\/\/eu.tilta.com\/fr\/shop\/khronos-universal-ssd-holder\/","title":{"rendered":"Khronos Universal SSD Holder"},"content":{"rendered":"<p><em>Le support universel SSD de Khronos est un accessoire essentiel pour le montage de votre disque SSD pour la prise de vue de l&#8217;Apple Log.<\/em><\/p>\n<p>Cet accessoire utilise le m\u00eame m\u00e9canisme de serrage innovant que les autres accessoires Khronos.<\/p>\n<p>Compatible avec les disques SSD ou les banques d&#8217;alimentation d&#8217;une largeur comprise entre 50 et 70 mm et d&#8217;une hauteur maximale de 15 mm, sa conception r\u00e9glable garantit un ajustement s\u00fbr, maintenant votre disque SSD fermement en place pendant la prise de vue.<\/p>\n<p>Disponible en gris spatial sophistiqu\u00e9 et en blanc titane \u00e9l\u00e9gant, afin de s&#8217;harmoniser avec la coque Khronos et de compl\u00e9ter le design de votre iPhone tout en ajoutant une touche de style.<\/p>\n","protected":false},"excerpt":{"rendered":"<p>Le support universel SSD de Khronos est un accessoire essentiel pour le montage de votre disque SSD pour la prise de vue de l&#8217;Apple Log. Cet accessoire utilise le m\u00eame m\u00e9canisme de serrage innovant que les autres accessoires Khronos. Compatible [&hellip;]<\/p>\n","protected":false},"featured_media":1980094,"comment_status":"closed","ping_status":"closed","template":"","meta":[],"product_cat":[3495,3348,4496,4195,2418],"product_tag":[],"acf":[],"gallery_images":[1980095,1979803,1979804,1979805,1979807],"_links":{"self":[{"href":"https:\/\/eu.tilta.com\/fr\/wp-json\/wp\/v2\/product\/1980090"}],"collection":[{"href":"https:\/\/eu.tilta.com\/fr\/wp-json\/wp\/v2\/product"}],"about":[{"href":"https:\/\/eu.tilta.com\/fr\/wp-json\/wp\/v2\/types\/product"}],"replies":[{"embeddable":true,"href":"https:\/\/eu.tilta.com\/fr\/wp-json\/wp\/v2\/comments?post=1980090"}],"wp:featuredmedia":[{"embeddable":true,"href":"https:\/\/eu.tilta.com\/fr\/wp-json\/wp\/v2\/media\/1980094"}],"wp:attachment":[{"href":"https:\/\/eu.tilta.com\/fr\/wp-json\/wp\/v2\/media?parent=1980090"}],"wp:term":[{"taxonomy":"product_cat","embeddable":true,"href":"https:\/\/eu.tilta.com\/fr\/wp-json\/wp\/v2\/product_cat?post=1980090"},{"taxonomy":"product_tag","embeddable":true,"href":"https:\/\/eu.tilta.com\/fr\/wp-json\/wp\/v2\/product_tag?post=1980090"}],"curies":[{"name":"wp","href":"https:\/\/api.w.org\/{rel}","templated":true}]}}