{"id":1980109,"date":"2024-04-10T20:51:17","date_gmt":"2024-04-10T18:51:17","guid":{"rendered":"https:\/\/de.tilta.com\/shop\/filtre-fsnd-magnetique-khronos-pour-iphone\/"},"modified":"2026-04-15T03:55:48","modified_gmt":"2026-04-15T01:55:48","slug":"khronos-quick-release-filter-tray-for-iphone-0-6","status":"publish","type":"product","link":"https:\/\/eu.tilta.com\/fr\/shop\/khronos-quick-release-filter-tray-for-iphone-0-6\/","title":{"rendered":"Filtre FSND magn\u00e9tique Khronos pour iPhone"},"content":{"rendered":"<p><em>Les filtres magn\u00e9tiques Khronos sont sp\u00e9cialement con\u00e7us pour \u00eatre utilis\u00e9s avec l&#8217;iPhone 15 Pro et Pro Max.<\/em><\/p>\n<p>Ces filtres s&#8217;ins\u00e8rent facilement dans le porte-filtre Khronos Quick Release pour iPhone lorsque vous utilisez l&#8217;\u00e9tui Khronos pour iPhone.<\/p>\n<p>Ces filtres sont disponibles en diff\u00e9rents niveaux de densit\u00e9 neutre, ce qui permet aux utilisateurs de mieux contr\u00f4ler leur exposition.<\/p>\n<p>Cela permet aux utilisateurs de r\u00e9duire la lumi\u00e8re visible par le capteur, ce qui vous permet de conserver une vitesse d&#8217;obturation constante lorsque vous prenez des photos dans des environnements plus lumineux comme la lumi\u00e8re du jour.<\/p>\n<p>Les filtres ND \u00e0 spectre complet r\u00e9duisent uniform\u00e9ment toutes les longueurs d&#8217;onde de la lumi\u00e8re, y compris la lumi\u00e8re visible, les ultraviolets et les infrarouges.<\/p>\n","protected":false},"excerpt":{"rendered":"<p>Les filtres magn\u00e9tiques Khronos sont sp\u00e9cialement con\u00e7us pour \u00eatre utilis\u00e9s avec l&#8217;iPhone 15 Pro et Pro Max. Ces filtres s&#8217;ins\u00e8rent facilement dans le porte-filtre Khronos Quick Release pour iPhone lorsque vous utilisez l&#8217;\u00e9tui Khronos pour iPhone. Ces filtres sont disponibles [&hellip;]<\/p>\n","protected":false},"featured_media":2026585,"comment_status":"closed","ping_status":"closed","template":"","meta":[],"product_cat":[3495,3348,4496,3870,4195,2418],"product_tag":[],"acf":[],"gallery_images":[1975034,1975035,1975036,1975037],"_links":{"self":[{"href":"https:\/\/eu.tilta.com\/fr\/wp-json\/wp\/v2\/product\/1980109"}],"collection":[{"href":"https:\/\/eu.tilta.com\/fr\/wp-json\/wp\/v2\/product"}],"about":[{"href":"https:\/\/eu.tilta.com\/fr\/wp-json\/wp\/v2\/types\/product"}],"replies":[{"embeddable":true,"href":"https:\/\/eu.tilta.com\/fr\/wp-json\/wp\/v2\/comments?post=1980109"}],"wp:featuredmedia":[{"embeddable":true,"href":"https:\/\/eu.tilta.com\/fr\/wp-json\/wp\/v2\/media\/2026585"}],"wp:attachment":[{"href":"https:\/\/eu.tilta.com\/fr\/wp-json\/wp\/v2\/media?parent=1980109"}],"wp:term":[{"taxonomy":"product_cat","embeddable":true,"href":"https:\/\/eu.tilta.com\/fr\/wp-json\/wp\/v2\/product_cat?post=1980109"},{"taxonomy":"product_tag","embeddable":true,"href":"https:\/\/eu.tilta.com\/fr\/wp-json\/wp\/v2\/product_tag?post=1980109"}],"curies":[{"name":"wp","href":"https:\/\/api.w.org\/{rel}","templated":true}]}}