{"id":1980143,"date":"2024-04-10T20:55:24","date_gmt":"2024-04-10T18:55:24","guid":{"rendered":"https:\/\/de.tilta.com\/shop\/khronos-mini-led-panel-lumiere-du-jour\/"},"modified":"2026-04-15T03:53:13","modified_gmt":"2026-04-15T01:53:13","slug":"khronos-mini-led-panel-daylight","status":"publish","type":"product","link":"https:\/\/eu.tilta.com\/fr\/shop\/khronos-mini-led-panel-daylight\/","title":{"rendered":"Khronos Mini LED Panel (lumi\u00e8re du jour)"},"content":{"rendered":"<p>Voici le Mini Panneau LED Khronos (Daylight) , un accessoire d&#8217;\u00e9clairage polyvalent pour votre iPhone 15 Pro \/ Pro Max Case Khronos.<\/p>\n<p>Avec une structure rotative offrant une inclinaison de \u00b130\u00b0 et une rotation horizontale de 350\u00b0, il permet une orientation flexible de la lumi\u00e8re.<\/p>\n<p>Cet accessoire utilise le m\u00eame m\u00e9canisme de serrage innovant que les autres accessoires Khronos.<\/p>\n<p>Il peut \u00eatre facilement connect\u00e9 \u00e0 n&#8217;importe quel point de fixation de l&#8217;\u00e9tui du smartphone en appuyant sur le bouton de d\u00e9verrouillage, en alignant les broches et en rel\u00e2chant le bouton une fois qu&#8217;il est en place.<\/p>\n<p>Ce panneau compact offre un \u00e9clairage personnalisable. Avec ses trois niveaux de luminosit\u00e9, il s&#8217;adapte \u00e0 diff\u00e9rents sc\u00e9narios de prise de vue. Il suffit d&#8217;appuyer longuement pour allumer\/\u00e9teindre l&#8217;appareil et d&#8217;appuyer bri\u00e8vement pour r\u00e9gler la luminosit\u00e9.<\/p>\n<p>Fonctionnant \u00e0 9-12V, 1A, et ne consommant que 5W, il offre des performances exceptionnelles. Avec un IRC de \u226595RA, il garantit une repr\u00e9sentation pr\u00e9cise des couleurs pour des r\u00e9sultats de haute qualit\u00e9.<\/p>\n","protected":false},"excerpt":{"rendered":"<p>Voici le Mini Panneau LED Khronos (Daylight) , un accessoire d&#8217;\u00e9clairage polyvalent pour votre iPhone 15 Pro \/ Pro Max Case Khronos. Avec une structure rotative offrant une inclinaison de \u00b130\u00b0 et une rotation horizontale de 350\u00b0, il permet une [&hellip;]<\/p>\n","protected":false},"featured_media":1980153,"comment_status":"closed","ping_status":"closed","template":"","meta":[],"product_cat":[4448,3495,3348,4496,4195,2418],"product_tag":[],"acf":[],"gallery_images":[1980154,1979803,1979804,1979805,1979807],"_links":{"self":[{"href":"https:\/\/eu.tilta.com\/fr\/wp-json\/wp\/v2\/product\/1980143"}],"collection":[{"href":"https:\/\/eu.tilta.com\/fr\/wp-json\/wp\/v2\/product"}],"about":[{"href":"https:\/\/eu.tilta.com\/fr\/wp-json\/wp\/v2\/types\/product"}],"replies":[{"embeddable":true,"href":"https:\/\/eu.tilta.com\/fr\/wp-json\/wp\/v2\/comments?post=1980143"}],"wp:featuredmedia":[{"embeddable":true,"href":"https:\/\/eu.tilta.com\/fr\/wp-json\/wp\/v2\/media\/1980153"}],"wp:attachment":[{"href":"https:\/\/eu.tilta.com\/fr\/wp-json\/wp\/v2\/media?parent=1980143"}],"wp:term":[{"taxonomy":"product_cat","embeddable":true,"href":"https:\/\/eu.tilta.com\/fr\/wp-json\/wp\/v2\/product_cat?post=1980143"},{"taxonomy":"product_tag","embeddable":true,"href":"https:\/\/eu.tilta.com\/fr\/wp-json\/wp\/v2\/product_tag?post=1980143"}],"curies":[{"name":"wp","href":"https:\/\/api.w.org\/{rel}","templated":true}]}}