{"id":1980217,"date":"2024-04-10T20:55:32","date_gmt":"2024-04-10T18:55:32","guid":{"rendered":"https:\/\/de.tilta.com\/shop\/khronos-arca-quick-release-adapter-38mm\/"},"modified":"2026-04-15T03:53:40","modified_gmt":"2026-04-15T01:53:40","slug":"khronos-arca-quick-release-adapter-38mm","status":"publish","type":"product","link":"https:\/\/eu.tilta.com\/fr\/shop\/khronos-arca-quick-release-adapter-38mm\/","title":{"rendered":"Khronos ARCA Quick Release Adapter (38mm)"},"content":{"rendered":"<p><em>L&#8217;adaptateur ARCA Quick Release de Khronos est l&#8217;option parfaite pour monter votre iPhone 15 Pro \/ Pro Max Case de Khronos sur un tr\u00e9pied, un gimbal ou un syst\u00e8me de support.<\/em><\/p>\n<p>Cet accessoire utilise le m\u00eame m\u00e9canisme de serrage innovant que les autres accessoires Khronos.<\/p>\n<p>Il peut \u00eatre facilement connect\u00e9 \u00e0 n&#8217;importe quel point de fixation de l&#8217;\u00e9tui du smartphone en appuyant sur le bouton de d\u00e9verrouillage, en alignant les broches et en rel\u00e2chant le bouton une fois qu&#8217;il est en place.<\/p>\n<p>La plaque de fixation rapide ARCA permet de monter rapidement le syst\u00e8me sur les tr\u00e9pieds ARCA compatibles ainsi que sur les cardans DJI tels que le RS2, RS3, RS3 Pro ou tout autre syst\u00e8me de support utilisant un r\u00e9cepteur ARCA.<\/p>\n<p>Disponible en gris spatial sophistiqu\u00e9 et en blanc titane \u00e9l\u00e9gant, afin de s&#8217;harmoniser avec la coque Khronos et de compl\u00e9ter le design de votre iPhone tout en ajoutant une touche de style.<\/p>\n","protected":false},"excerpt":{"rendered":"<p>L&#8217;adaptateur ARCA Quick Release de Khronos est l&#8217;option parfaite pour monter votre iPhone 15 Pro \/ Pro Max Case de Khronos sur un tr\u00e9pied, un gimbal ou un syst\u00e8me de support. Cet accessoire utilise le m\u00eame m\u00e9canisme de serrage innovant [&hellip;]<\/p>\n","protected":false},"featured_media":2026437,"comment_status":"closed","ping_status":"closed","template":"","meta":[],"product_cat":[4448,3495,3348,4496,4195,2418],"product_tag":[],"acf":[],"gallery_images":[2026430,1975034,1975035,1975036,1975037],"_links":{"self":[{"href":"https:\/\/eu.tilta.com\/fr\/wp-json\/wp\/v2\/product\/1980217"}],"collection":[{"href":"https:\/\/eu.tilta.com\/fr\/wp-json\/wp\/v2\/product"}],"about":[{"href":"https:\/\/eu.tilta.com\/fr\/wp-json\/wp\/v2\/types\/product"}],"replies":[{"embeddable":true,"href":"https:\/\/eu.tilta.com\/fr\/wp-json\/wp\/v2\/comments?post=1980217"}],"wp:featuredmedia":[{"embeddable":true,"href":"https:\/\/eu.tilta.com\/fr\/wp-json\/wp\/v2\/media\/2026437"}],"wp:attachment":[{"href":"https:\/\/eu.tilta.com\/fr\/wp-json\/wp\/v2\/media?parent=1980217"}],"wp:term":[{"taxonomy":"product_cat","embeddable":true,"href":"https:\/\/eu.tilta.com\/fr\/wp-json\/wp\/v2\/product_cat?post=1980217"},{"taxonomy":"product_tag","embeddable":true,"href":"https:\/\/eu.tilta.com\/fr\/wp-json\/wp\/v2\/product_tag?post=1980217"}],"curies":[{"name":"wp","href":"https:\/\/api.w.org\/{rel}","templated":true}]}}