{"id":1980255,"date":"2024-04-10T20:52:46","date_gmt":"2024-04-10T18:52:46","guid":{"rendered":"https:\/\/de.tilta.com\/shop\/plateau-de-filtre-khronos-a-degagement-rapide-pour-iphone\/"},"modified":"2025-12-05T12:33:18","modified_gmt":"2025-12-05T11:33:18","slug":"khronos-quick-release-filter-tray-for-iphone","status":"publish","type":"product","link":"https:\/\/eu.tilta.com\/fr\/shop\/khronos-quick-release-filter-tray-for-iphone\/","title":{"rendered":"Plateau de filtre Khronos \u00e0 d\u00e9gagement rapide pour iPhone"},"content":{"rendered":"<p><em>Le plateau de filtre \u00e0 d\u00e9gagement rapide Khronos est l&#8217;accessoire parfait pour monter les filtres magn\u00e9tiques Khronos sur votre syst\u00e8me.<\/em><\/p>\n<p>Le porte-filtre se monte facilement sur l&#8217;\u00e9tui Khronos pour iPhone 15 Pro\/ Pro Max gr\u00e2ce \u00e0 une connexion magn\u00e9tique s\u00e9curis\u00e9e.<\/p>\n<p>Le plateau est dot\u00e9 d&#8217;une fixation pivotante qui lui permet de s&#8217;adapter aux trois objectifs de l&#8217;iPhone 15 Pro\/Pro Max.<\/p>\n<p>Cela permet aux utilisateurs de monter facilement des filtres tels que des filtres \u00e0 densit\u00e9 neutre, des filtres de diffusion, des filtres anti-UV et bien d&#8217;autres encore.<\/p>\n","protected":false},"excerpt":{"rendered":"<p>Le plateau de filtre \u00e0 d\u00e9gagement rapide Khronos est l&#8217;accessoire parfait pour monter les filtres magn\u00e9tiques Khronos sur votre syst\u00e8me. Le porte-filtre se monte facilement sur l&#8217;\u00e9tui Khronos pour iPhone 15 Pro\/ Pro Max gr\u00e2ce \u00e0 une connexion magn\u00e9tique s\u00e9curis\u00e9e. [&hellip;]<\/p>\n","protected":false},"featured_media":1980259,"comment_status":"closed","ping_status":"closed","template":"","meta":[],"product_cat":[3495,2418],"product_tag":[],"acf":[],"gallery_images":[1980260,1979803,1979804,1979805,1979807],"_links":{"self":[{"href":"https:\/\/eu.tilta.com\/fr\/wp-json\/wp\/v2\/product\/1980255"}],"collection":[{"href":"https:\/\/eu.tilta.com\/fr\/wp-json\/wp\/v2\/product"}],"about":[{"href":"https:\/\/eu.tilta.com\/fr\/wp-json\/wp\/v2\/types\/product"}],"replies":[{"embeddable":true,"href":"https:\/\/eu.tilta.com\/fr\/wp-json\/wp\/v2\/comments?post=1980255"}],"wp:featuredmedia":[{"embeddable":true,"href":"https:\/\/eu.tilta.com\/fr\/wp-json\/wp\/v2\/media\/1980259"}],"wp:attachment":[{"href":"https:\/\/eu.tilta.com\/fr\/wp-json\/wp\/v2\/media?parent=1980255"}],"wp:term":[{"taxonomy":"product_cat","embeddable":true,"href":"https:\/\/eu.tilta.com\/fr\/wp-json\/wp\/v2\/product_cat?post=1980255"},{"taxonomy":"product_tag","embeddable":true,"href":"https:\/\/eu.tilta.com\/fr\/wp-json\/wp\/v2\/product_tag?post=1980255"}],"curies":[{"name":"wp","href":"https:\/\/api.w.org\/{rel}","templated":true}]}}