{"id":1980257,"date":"2024-04-10T20:53:07","date_gmt":"2024-04-10T18:53:07","guid":{"rendered":"https:\/\/de.tilta.com\/shop\/adaptateur-dobjectif-khronos-pour-iphone\/"},"modified":"2026-04-15T03:51:44","modified_gmt":"2026-04-15T01:51:44","slug":"khronos-lens-adapter-for-iphone","status":"publish","type":"product","link":"https:\/\/eu.tilta.com\/fr\/shop\/khronos-lens-adapter-for-iphone\/","title":{"rendered":"Adaptateur d&#8217;objectif Khronos pour iPhone"},"content":{"rendered":"<p><em>L&#8217;adaptateur d&#8217;objectif Khronos pour iPhone est l&#8217;option parfaite pour monter une vari\u00e9t\u00e9 d&#8217;objectifs compacts sur votre iPhone 15 Pro ou Pro Max lorsque vous utilisez l&#8217;\u00e9tui Khronos.<\/em><\/p>\n<p>Cet accessoire utilise le m\u00eame m\u00e9canisme de serrage innovant que les autres accessoires Khronos.<\/p>\n<p>Il peut \u00eatre facilement connect\u00e9 \u00e0 n&#8217;importe quel point de fixation de l&#8217;\u00e9tui du smartphone en appuyant sur le bouton de d\u00e9verrouillage, en alignant les broches et en rel\u00e2chant le bouton une fois qu&#8217;il est en place.<\/p>\n<p>L&#8217;adaptateur peut alors \u00eatre plac\u00e9 devant les lentilles de l&#8217;iPhone.<\/p>\n<p>L&#8217;adaptateur comprend des options permettant de monter des objectifs \u00e0 monture 17 mm, \u00e0 monture de la s\u00e9rie M ou \u00e0 monture de la s\u00e9rie T.<\/p>\n<p>Disponible en gris spatial sophistiqu\u00e9 et en blanc titane \u00e9l\u00e9gant, afin de s&#8217;harmoniser avec la coque Khronos et de compl\u00e9ter le design de votre iPhone tout en ajoutant une touche de style.<\/p>\n","protected":false},"excerpt":{"rendered":"<p>L&#8217;adaptateur d&#8217;objectif Khronos pour iPhone est l&#8217;option parfaite pour monter une vari\u00e9t\u00e9 d&#8217;objectifs compacts sur votre iPhone 15 Pro ou Pro Max lorsque vous utilisez l&#8217;\u00e9tui Khronos. Cet accessoire utilise le m\u00eame m\u00e9canisme de serrage innovant que les autres accessoires [&hellip;]<\/p>\n","protected":false},"featured_media":1980269,"comment_status":"closed","ping_status":"closed","template":"","meta":[],"product_cat":[4448,3495,4496,2418],"product_tag":[],"acf":[],"gallery_images":[1980270,1979803,1979804,1979805,1979807],"_links":{"self":[{"href":"https:\/\/eu.tilta.com\/fr\/wp-json\/wp\/v2\/product\/1980257"}],"collection":[{"href":"https:\/\/eu.tilta.com\/fr\/wp-json\/wp\/v2\/product"}],"about":[{"href":"https:\/\/eu.tilta.com\/fr\/wp-json\/wp\/v2\/types\/product"}],"replies":[{"embeddable":true,"href":"https:\/\/eu.tilta.com\/fr\/wp-json\/wp\/v2\/comments?post=1980257"}],"wp:featuredmedia":[{"embeddable":true,"href":"https:\/\/eu.tilta.com\/fr\/wp-json\/wp\/v2\/media\/1980269"}],"wp:attachment":[{"href":"https:\/\/eu.tilta.com\/fr\/wp-json\/wp\/v2\/media?parent=1980257"}],"wp:term":[{"taxonomy":"product_cat","embeddable":true,"href":"https:\/\/eu.tilta.com\/fr\/wp-json\/wp\/v2\/product_cat?post=1980257"},{"taxonomy":"product_tag","embeddable":true,"href":"https:\/\/eu.tilta.com\/fr\/wp-json\/wp\/v2\/product_tag?post=1980257"}],"curies":[{"name":"wp","href":"https:\/\/api.w.org\/{rel}","templated":true}]}}