{"id":1980267,"date":"2024-04-10T20:50:16","date_gmt":"2024-04-10T18:50:16","guid":{"rendered":"https:\/\/de.tilta.com\/shop\/khronos-magnetic-black-mist-filter-pour-iphone\/"},"modified":"2026-04-15T03:51:44","modified_gmt":"2026-04-15T01:51:44","slug":"khronos-magnetic-black-mist-filter-for-iphone","status":"publish","type":"product","link":"https:\/\/eu.tilta.com\/fr\/shop\/khronos-magnetic-black-mist-filter-for-iphone\/","title":{"rendered":"Khronos Magnetic Black Mist Filter pour iPhone"},"content":{"rendered":"<p>Les filtres magn\u00e9tiques Khronos sont sp\u00e9cialement con\u00e7us pour \u00eatre utilis\u00e9s avec l&#8217;iPhone 15 Pro et Pro Max.<\/p>\n<p>Ce filtre s&#8217;ins\u00e8re facilement dans le plateau de filtre \u00e0 d\u00e9gagement rapide Khronos pour iPhone lorsque vous utilisez l&#8217;\u00e9tui Khronos pour iPhone.<\/p>\n<p>Ce filtre est un type de filtre de diffusion qui r\u00e9duit le contraste et produit une lueur subtile autour des sources lumineuses, tout en limitant la douceur g\u00e9n\u00e9rale et en conservant le contraste dans les ombres.<\/p>\n<p>Cela cr\u00e9e une atmosph\u00e8re visuelle douce tout en conservant la nettet\u00e9 et plus de d\u00e9tails dans les ombres qu&#8217;un filtre Mist standard.<\/p>\n<p>Ce filtre est id\u00e9al pour les utilisateurs qui recherchent un aspect diffus classique sans \u00eatre trop distrayant.<\/p>\n","protected":false},"excerpt":{"rendered":"<p>Les filtres magn\u00e9tiques Khronos sont sp\u00e9cialement con\u00e7us pour \u00eatre utilis\u00e9s avec l&#8217;iPhone 15 Pro et Pro Max. Ce filtre s&#8217;ins\u00e8re facilement dans le plateau de filtre \u00e0 d\u00e9gagement rapide Khronos pour iPhone lorsque vous utilisez l&#8217;\u00e9tui Khronos pour iPhone. Ce [&hellip;]<\/p>\n","protected":false},"featured_media":1980277,"comment_status":"closed","ping_status":"closed","template":"","meta":[],"product_cat":[3495,3348,4496,4195,2418],"product_tag":[],"acf":[],"gallery_images":[1975034,1975036,1975035,1975037],"_links":{"self":[{"href":"https:\/\/eu.tilta.com\/fr\/wp-json\/wp\/v2\/product\/1980267"}],"collection":[{"href":"https:\/\/eu.tilta.com\/fr\/wp-json\/wp\/v2\/product"}],"about":[{"href":"https:\/\/eu.tilta.com\/fr\/wp-json\/wp\/v2\/types\/product"}],"replies":[{"embeddable":true,"href":"https:\/\/eu.tilta.com\/fr\/wp-json\/wp\/v2\/comments?post=1980267"}],"wp:featuredmedia":[{"embeddable":true,"href":"https:\/\/eu.tilta.com\/fr\/wp-json\/wp\/v2\/media\/1980277"}],"wp:attachment":[{"href":"https:\/\/eu.tilta.com\/fr\/wp-json\/wp\/v2\/media?parent=1980267"}],"wp:term":[{"taxonomy":"product_cat","embeddable":true,"href":"https:\/\/eu.tilta.com\/fr\/wp-json\/wp\/v2\/product_cat?post=1980267"},{"taxonomy":"product_tag","embeddable":true,"href":"https:\/\/eu.tilta.com\/fr\/wp-json\/wp\/v2\/product_tag?post=1980267"}],"curies":[{"name":"wp","href":"https:\/\/api.w.org\/{rel}","templated":true}]}}