{"id":1980321,"date":"2024-04-01T20:07:48","date_gmt":"2024-04-01T18:07:48","guid":{"rendered":"https:\/\/de.tilta.com\/shop\/hydra-arm-motorized-slider\/"},"modified":"2025-12-05T12:33:38","modified_gmt":"2025-12-05T11:33:38","slug":"hydra-motorized-slider-pro-kit","status":"publish","type":"product","link":"https:\/\/eu.tilta.com\/fr\/shop\/hydra-motorized-slider-pro-kit\/","title":{"rendered":"Coulisseau motoris\u00e9 Hydra Arm"},"content":{"rendered":"<p><em>Le Hydra Motorized Slider est le dernier n\u00e9 de la famille Hydra Car Mounting.<\/em><\/p>\n<p>Le syst\u00e8me se monte sur un v\u00e9hicule par l&#8217;interm\u00e9diaire d&#8217;un crochet de remorquage ou d&#8217;un adaptateur d&#8217;attelage et utilise un rail rapide de 50 mm avec des ventouses pour fournir un support suppl\u00e9mentaire. Le syst\u00e8me peut \u00e9galement \u00eatre facilement int\u00e9gr\u00e9 \u00e0 des v\u00e9hicules sp\u00e9cialis\u00e9s uniques tels que le Can-Am Maverick X3, etc.<\/p>\n<p>Le bras et la glissi\u00e8re absorbant les chocs sont m\u00e9ticuleusement fabriqu\u00e9s \u00e0 partir d&#8217;un alliage d&#8217;aluminium de qualit\u00e9 a\u00e9ronautique et d&#8217;acier inoxydable 304. Con\u00e7u pour r\u00e9sister \u00e0 des conditions m\u00e9t\u00e9orologiques extr\u00eames, l&#8217;Hydra fonctionne sans faille \u00e0 des temp\u00e9ratures allant de -22\u2109 \u00e0 176\u2109, assurant une r\u00e9sistance au vent, \u00e0 la pluie et \u00e0 la neige.<\/p>\n<p>\u00c9quip\u00e9 d&#8217;une poign\u00e9e de commande et d&#8217;un terminal de commande, l&#8217;Hydra offre des possibilit\u00e9s flexibles de fonctionnement \u00e0 distance. Que ce soit avec ou sans fil, les utilisateurs peuvent facilement contr\u00f4ler le mouvement du curseur depuis l&#8217;int\u00e9rieur du v\u00e9hicule.<\/p>\n<p>Gr\u00e2ce \u00e0 ces options de contr\u00f4le, les utilisateurs peuvent r\u00e9gler la vitesse, l&#8217;amortissement, d\u00e9finir des points A\/B et programmer le curseur pour qu&#8217;il atteigne ces points \u00e0 des intervalles de temps sp\u00e9cifiques sans intervention de l&#8217;utilisateur. En outre, le syst\u00e8me prend en charge les futures mises \u00e0 jour du micrologiciel.<\/p>\n<p>Malgr\u00e9 sa robustesse, l&#8217;Hydra a \u00e9t\u00e9 con\u00e7u dans un souci de portabilit\u00e9. Le curseur p\u00e8se 110,2 livres et se range facilement dans trois bo\u00eetiers relativement compacts. Cela permet un stockage et un transport faciles dans la plupart des camions ou des SUV, ce qui vous permet d&#8217;\u00eatre toujours pr\u00eat pour la prochaine prise de vue.<\/p>\n<p>Aliment\u00e9 par seulement quatre batteries V-Mount de 14,8 V, l&#8217;Hydra Slider est incroyablement efficace. Avec quatre batteries de 270Wh (18600mAh), les utilisateurs peuvent profiter d&#8217;une journ\u00e9e enti\u00e8re de prise de vue sans avoir \u00e0 changer de batterie. (dans des conditions de prise de vue normales, l&#8217;autonomie de la batterie peut varier)<\/p>\n<p>Ce glisseur peut passer du point le plus haut au point le plus bas en seulement 4 secondes. Il descend \u00e0 une vitesse de 1,4 pied par seconde, ce qui vous permet de prendre des photos dynamiques sans effort.<\/p>\n<p>Le bras absorbeur de chocs peut amortir les vibrations sur plusieurs axes et supporte jusqu&#8217;\u00e0 66 livres. La t\u00eate absorbant les chocs est livr\u00e9e avec une plaque de montage DJI Ronin 2, ce qui la rend parfaitement adapt\u00e9e \u00e0 ce cardan.<\/p>\n<p>Avec les accessoires optionnels, le syst\u00e8me peut \u00eatre mont\u00e9 sur le toit d&#8217;un v\u00e9hicule sans le bras amortisseur pour la diffusion d&#8217;\u00e9v\u00e9nements tels que des marathons ou des courses cyclistes.<\/p>\n<p><strong>REMARQUE : Le kit Pro ne comprend pas les accessoires n\u00e9cessaires pour cette configuration de diffusion. Veuillez contacter notre \u00e9quipe de vente pour plus d&#8217;informations sur cette configuration et les accessoires optionnels : sales-de@tilta.com<br \/>\n<\/strong><\/p>\n","protected":false},"excerpt":{"rendered":"<p>Le Hydra Motorized Slider est le dernier n\u00e9 de la famille Hydra Car Mounting. Le syst\u00e8me se monte sur un v\u00e9hicule par l&#8217;interm\u00e9diaire d&#8217;un crochet de remorquage ou d&#8217;un adaptateur d&#8217;attelage et utilise un rail rapide de 50 mm avec [&hellip;]<\/p>\n","protected":false},"featured_media":1980329,"comment_status":"closed","ping_status":"closed","template":"","meta":[],"product_cat":[1889],"product_tag":[],"acf":[],"gallery_images":[1980332,1980333,1980334,1980335,1980336,1980337,1980338,1980339,1980340,1980341,1980342],"_links":{"self":[{"href":"https:\/\/eu.tilta.com\/fr\/wp-json\/wp\/v2\/product\/1980321"}],"collection":[{"href":"https:\/\/eu.tilta.com\/fr\/wp-json\/wp\/v2\/product"}],"about":[{"href":"https:\/\/eu.tilta.com\/fr\/wp-json\/wp\/v2\/types\/product"}],"replies":[{"embeddable":true,"href":"https:\/\/eu.tilta.com\/fr\/wp-json\/wp\/v2\/comments?post=1980321"}],"wp:featuredmedia":[{"embeddable":true,"href":"https:\/\/eu.tilta.com\/fr\/wp-json\/wp\/v2\/media\/1980329"}],"wp:attachment":[{"href":"https:\/\/eu.tilta.com\/fr\/wp-json\/wp\/v2\/media?parent=1980321"}],"wp:term":[{"taxonomy":"product_cat","embeddable":true,"href":"https:\/\/eu.tilta.com\/fr\/wp-json\/wp\/v2\/product_cat?post=1980321"},{"taxonomy":"product_tag","embeddable":true,"href":"https:\/\/eu.tilta.com\/fr\/wp-json\/wp\/v2\/product_tag?post=1980321"}],"curies":[{"name":"wp","href":"https:\/\/api.w.org\/{rel}","templated":true}]}}