{"id":1980366,"date":"2024-03-11T18:11:39","date_gmt":"2024-03-11T17:11:39","guid":{"rendered":"https:\/\/de.tilta.com\/shop\/support-de-montage-pour-moniteur-de-siege-arriere-pour-hydra-arm-mini\/"},"modified":"2025-12-05T12:33:29","modified_gmt":"2025-12-05T11:33:29","slug":"rear-seat-monitor-mounting-bracket-for-hydra-arm-mini","status":"publish","type":"product","link":"https:\/\/eu.tilta.com\/fr\/shop\/rear-seat-monitor-mounting-bracket-for-hydra-arm-mini\/","title":{"rendered":"Support de montage pour moniteur de si\u00e8ge arri\u00e8re pour Hydra Arm Mini"},"content":{"rendered":"<p>Ce support de montage pour moniteur de si\u00e8ge arri\u00e8re pour Hydra Arm Mini est une option am\u00e9lior\u00e9e pour le montage d&#8217;un moniteur \u00e0 l&#8217;int\u00e9rieur d&#8217;un v\u00e9hicule par rapport aux supports inclus dans le kit.<\/p>\n<p>Ce support se fixe \u00e0 l&#8217;arri\u00e8re de l&#8217;appui-t\u00eate \u00e0 l&#8217;aide d&#8217;une sangle r\u00e9glable et comporte un point de fixation articul\u00e9 1\/4&#8243;-20 pour une vari\u00e9t\u00e9 de moniteurs externes diff\u00e9rents.<\/p>\n<p>Une plaque de batterie V-Mount int\u00e9gr\u00e9e permet de monter des batteries V-Mount pour alimenter des moniteurs ou des accessoires tels que des r\u00e9cepteurs vid\u00e9o sans fil.<\/p>\n<p>Le support lui-m\u00eame comporte de nombreux points de fixation suppl\u00e9mentaires, notamment des filetages 1\/4&#8243;-20 et 3\/8&#8243;-16, parfaits pour le montage d&#8217;accessoires tels que des bras articul\u00e9s ou d&#8217;autres accessoires similaires.<\/p>\n<p>&nbsp;<\/p>\n","protected":false},"excerpt":{"rendered":"<p>Ce support de montage pour moniteur de si\u00e8ge arri\u00e8re pour Hydra Arm Mini est une option am\u00e9lior\u00e9e pour le montage d&#8217;un moniteur \u00e0 l&#8217;int\u00e9rieur d&#8217;un v\u00e9hicule par rapport aux supports inclus dans le kit. Ce support se fixe \u00e0 l&#8217;arri\u00e8re [&hellip;]<\/p>\n","protected":false},"featured_media":1980397,"comment_status":"closed","ping_status":"closed","template":"","meta":[],"product_cat":[1888],"product_tag":[],"acf":[],"gallery_images":[1980401],"_links":{"self":[{"href":"https:\/\/eu.tilta.com\/fr\/wp-json\/wp\/v2\/product\/1980366"}],"collection":[{"href":"https:\/\/eu.tilta.com\/fr\/wp-json\/wp\/v2\/product"}],"about":[{"href":"https:\/\/eu.tilta.com\/fr\/wp-json\/wp\/v2\/types\/product"}],"replies":[{"embeddable":true,"href":"https:\/\/eu.tilta.com\/fr\/wp-json\/wp\/v2\/comments?post=1980366"}],"wp:featuredmedia":[{"embeddable":true,"href":"https:\/\/eu.tilta.com\/fr\/wp-json\/wp\/v2\/media\/1980397"}],"wp:attachment":[{"href":"https:\/\/eu.tilta.com\/fr\/wp-json\/wp\/v2\/media?parent=1980366"}],"wp:term":[{"taxonomy":"product_cat","embeddable":true,"href":"https:\/\/eu.tilta.com\/fr\/wp-json\/wp\/v2\/product_cat?post=1980366"},{"taxonomy":"product_tag","embeddable":true,"href":"https:\/\/eu.tilta.com\/fr\/wp-json\/wp\/v2\/product_tag?post=1980366"}],"curies":[{"name":"wp","href":"https:\/\/api.w.org\/{rel}","templated":true}]}}