{"id":1980420,"date":"2024-03-11T18:08:55","date_gmt":"2024-03-11T17:08:55","guid":{"rendered":"https:\/\/de.tilta.com\/shop\/kit-de-controle-electronique-de-la-ventouse\/"},"modified":"2025-12-05T12:33:32","modified_gmt":"2025-12-05T11:33:32","slug":"electronic-suction-cup-control-kit","status":"publish","type":"product","link":"https:\/\/eu.tilta.com\/fr\/shop\/electronic-suction-cup-control-kit\/","title":{"rendered":"Kit de contr\u00f4le \u00e9lectronique de la ventouse"},"content":{"rendered":"<p>Voici le kit de contr\u00f4le \u00e9lectronique de la ventouse pour le Hydra Arm Mini.<\/p>\n<p>Ce kit comprend quatre ventouses de remplacement avec des supports de montage qui peuvent \u00eatre install\u00e9s sur le mat\u00e9riel de montage d&#8217;origine inclus dans le kit Pro de l&#8217;Hydra Arm.<\/p>\n<p>Une fois install\u00e9es, les ventouses peuvent \u00eatre aliment\u00e9es et contr\u00f4l\u00e9es en connectant le c\u00e2ble Lemo \u00e0 4 broches fourni \u00e0 l&#8217;arri\u00e8re de l&#8217;axe Pan de l&#8217;Hydra Arm Mini.<\/p>\n<p>Vous pouvez alors surveiller la pression en temps r\u00e9el de ces ventouses et augmenter \u00e9lectroniquement l&#8217;aspiration en cas de fuite.<\/p>\n","protected":false},"excerpt":{"rendered":"<p>Voici le kit de contr\u00f4le \u00e9lectronique de la ventouse pour le Hydra Arm Mini. Ce kit comprend quatre ventouses de remplacement avec des supports de montage qui peuvent \u00eatre install\u00e9s sur le mat\u00e9riel de montage d&#8217;origine inclus dans le kit [&hellip;]<\/p>\n","protected":false},"featured_media":1980427,"comment_status":"closed","ping_status":"closed","template":"","meta":[],"product_cat":[1888],"product_tag":[],"acf":[],"gallery_images":[1974936],"_links":{"self":[{"href":"https:\/\/eu.tilta.com\/fr\/wp-json\/wp\/v2\/product\/1980420"}],"collection":[{"href":"https:\/\/eu.tilta.com\/fr\/wp-json\/wp\/v2\/product"}],"about":[{"href":"https:\/\/eu.tilta.com\/fr\/wp-json\/wp\/v2\/types\/product"}],"replies":[{"embeddable":true,"href":"https:\/\/eu.tilta.com\/fr\/wp-json\/wp\/v2\/comments?post=1980420"}],"wp:featuredmedia":[{"embeddable":true,"href":"https:\/\/eu.tilta.com\/fr\/wp-json\/wp\/v2\/media\/1980427"}],"wp:attachment":[{"href":"https:\/\/eu.tilta.com\/fr\/wp-json\/wp\/v2\/media?parent=1980420"}],"wp:term":[{"taxonomy":"product_cat","embeddable":true,"href":"https:\/\/eu.tilta.com\/fr\/wp-json\/wp\/v2\/product_cat?post=1980420"},{"taxonomy":"product_tag","embeddable":true,"href":"https:\/\/eu.tilta.com\/fr\/wp-json\/wp\/v2\/product_tag?post=1980420"}],"curies":[{"name":"wp","href":"https:\/\/api.w.org\/{rel}","templated":true}]}}