{"id":1980424,"date":"2024-03-11T20:25:10","date_gmt":"2024-03-11T19:25:10","guid":{"rendered":"https:\/\/de.tilta.com\/shop\/tilta-foldable-arca-baseplate-black\/"},"modified":"2025-12-05T12:33:32","modified_gmt":"2025-12-05T11:33:32","slug":"tilta-foldable-arca-baseplate-black","status":"publish","type":"product","link":"https:\/\/eu.tilta.com\/fr\/shop\/tilta-foldable-arca-baseplate-black\/","title":{"rendered":"Plaque de base Arca pliable de Tilta &#8211; Noir"},"content":{"rendered":"<p>Nous vous pr\u00e9sentons la plaque de base pliable Arca, l&#8217;accessoire l\u00e9ger id\u00e9al pour passer rapidement d&#8217;une configuration de prise de vue horizontale \u00e0 une configuration de prise de vue verticale lorsque vous utilisez des appareils photo de petite taille.<\/p>\n<p>Un seul bouton permet aux utilisateurs de d\u00e9verrouiller la plaque de base afin de faire pivoter et de verrouiller la plate-forme centrale \u00e0 un angle de 90\u00b0.<\/p>\n<p>La plaque inf\u00e9rieure ARCA multidirectionnelle facilite le montage de cet adaptateur sur n&#8217;importe quel r\u00e9cepteur ARCA standard ou tr\u00e9pied DJI compatible. (Veuillez noter que la compatibilit\u00e9 ARCA n&#8217;est pas garantie)<\/p>\n<p>Pesant seulement 2,45 ozs et supportant jusqu&#8217;\u00e0 6,6 lbs, cet accessoire est incroyablement l\u00e9ger, tout en \u00e9tant durable.<\/p>\n<p>.<\/p>\n","protected":false},"excerpt":{"rendered":"<p>Nous vous pr\u00e9sentons la plaque de base pliable Arca, l&#8217;accessoire l\u00e9ger id\u00e9al pour passer rapidement d&#8217;une configuration de prise de vue horizontale \u00e0 une configuration de prise de vue verticale lorsque vous utilisez des appareils photo de petite taille. Un [&hellip;]<\/p>\n","protected":false},"featured_media":1980453,"comment_status":"closed","ping_status":"closed","template":"","meta":[],"product_cat":[3362,3365,1805,1799,1757,1748,1732,1782,1739,1775,1745,1773,1784,1765,1754,1788,1752,1718,1710,1700,1703,1663,1668,1671,1996,1998],"product_tag":[],"acf":[],"gallery_images":[1980455,1980457,1980459,1980461,1980462],"_links":{"self":[{"href":"https:\/\/eu.tilta.com\/fr\/wp-json\/wp\/v2\/product\/1980424"}],"collection":[{"href":"https:\/\/eu.tilta.com\/fr\/wp-json\/wp\/v2\/product"}],"about":[{"href":"https:\/\/eu.tilta.com\/fr\/wp-json\/wp\/v2\/types\/product"}],"replies":[{"embeddable":true,"href":"https:\/\/eu.tilta.com\/fr\/wp-json\/wp\/v2\/comments?post=1980424"}],"wp:featuredmedia":[{"embeddable":true,"href":"https:\/\/eu.tilta.com\/fr\/wp-json\/wp\/v2\/media\/1980453"}],"wp:attachment":[{"href":"https:\/\/eu.tilta.com\/fr\/wp-json\/wp\/v2\/media?parent=1980424"}],"wp:term":[{"taxonomy":"product_cat","embeddable":true,"href":"https:\/\/eu.tilta.com\/fr\/wp-json\/wp\/v2\/product_cat?post=1980424"},{"taxonomy":"product_tag","embeddable":true,"href":"https:\/\/eu.tilta.com\/fr\/wp-json\/wp\/v2\/product_tag?post=1980424"}],"curies":[{"name":"wp","href":"https:\/\/api.w.org\/{rel}","templated":true}]}}