{"id":1980526,"date":"2024-03-11T18:07:37","date_gmt":"2024-03-11T17:07:37","guid":{"rendered":"https:\/\/de.tilta.com\/shop\/jeu-de-ventouses-10-et-6-pour-hydra-arm-mini\/"},"modified":"2025-12-05T12:33:51","modified_gmt":"2025-12-05T11:33:51","slug":"10-plus-6-suction-cup-set-for-hydra-arm-mini","status":"publish","type":"product","link":"https:\/\/eu.tilta.com\/fr\/shop\/10-plus-6-suction-cup-set-for-hydra-arm-mini\/","title":{"rendered":"Jeu de ventouses 10&#8243; et 6&#8243; pour Hydra Arm Mini"},"content":{"rendered":"<p>Cet ensemble de ventouses pour le Hydra Arm Mini est l&#8217;option parfaite pour \u00e9tendre les capacit\u00e9s de montage du syst\u00e8me.<\/p>\n<p>Ce kit comprend 4 ventouses de 6 pouces et 2 ventouses de 10 pouces qui sont toutes \u00e9quip\u00e9es de pinces de montage pour rail rapide de 50 mm.<\/p>\n<p>Ils peuvent \u00eatre fix\u00e9s au Speed Rail fourni avec le Hydra Arm Mini ou d&#8217;autres syst\u00e8mes similaires afin de fournir une s\u00e9curit\u00e9 suppl\u00e9mentaire gr\u00e2ce \u00e0 plus de points de contact.<\/p>\n<p>Les ventouses de 10 pouces sont particuli\u00e8rement utiles pour les v\u00e9hicules \u00e9quip\u00e9s de toits ouvrants panoramiques, car la surface plus importante permet de mieux r\u00e9partir le poids du syst\u00e8me \u00e0 monter.<\/p>\n","protected":false},"excerpt":{"rendered":"<p>Cet ensemble de ventouses pour le Hydra Arm Mini est l&#8217;option parfaite pour \u00e9tendre les capacit\u00e9s de montage du syst\u00e8me. Ce kit comprend 4 ventouses de 6 pouces et 2 ventouses de 10 pouces qui sont toutes \u00e9quip\u00e9es de pinces [&hellip;]<\/p>\n","protected":false},"featured_media":1980532,"comment_status":"closed","ping_status":"closed","template":"","meta":[],"product_cat":[1889,1888],"product_tag":[],"acf":[],"gallery_images":[1974942,1974943],"_links":{"self":[{"href":"https:\/\/eu.tilta.com\/fr\/wp-json\/wp\/v2\/product\/1980526"}],"collection":[{"href":"https:\/\/eu.tilta.com\/fr\/wp-json\/wp\/v2\/product"}],"about":[{"href":"https:\/\/eu.tilta.com\/fr\/wp-json\/wp\/v2\/types\/product"}],"replies":[{"embeddable":true,"href":"https:\/\/eu.tilta.com\/fr\/wp-json\/wp\/v2\/comments?post=1980526"}],"wp:featuredmedia":[{"embeddable":true,"href":"https:\/\/eu.tilta.com\/fr\/wp-json\/wp\/v2\/media\/1980532"}],"wp:attachment":[{"href":"https:\/\/eu.tilta.com\/fr\/wp-json\/wp\/v2\/media?parent=1980526"}],"wp:term":[{"taxonomy":"product_cat","embeddable":true,"href":"https:\/\/eu.tilta.com\/fr\/wp-json\/wp\/v2\/product_cat?post=1980526"},{"taxonomy":"product_tag","embeddable":true,"href":"https:\/\/eu.tilta.com\/fr\/wp-json\/wp\/v2\/product_tag?post=1980526"}],"curies":[{"name":"wp","href":"https:\/\/api.w.org\/{rel}","templated":true}]}}