{"id":1980574,"date":"2024-03-25T19:20:40","date_gmt":"2024-03-25T18:20:40","guid":{"rendered":"https:\/\/de.tilta.com\/shop\/advanced-carrying-case-for-tilta-mirage-95mm-illusion-filters\/"},"modified":"2025-12-05T12:34:06","modified_gmt":"2025-12-05T11:34:06","slug":"carrying-case-for-tilta-mirage","status":"publish","type":"product","link":"https:\/\/eu.tilta.com\/fr\/shop\/carrying-case-for-tilta-mirage\/","title":{"rendered":"Advanced Carrying Case for Tilta Mirage\/ 95mm Illusion Filters"},"content":{"rendered":"<p><em>Voici l&#8217;\u00e9tui de transport avanc\u00e9 pour les filtres Tilta Mirage\/ 95mm Illusion.  <\/em><\/p>\n<p>Cette mallette est la solution id\u00e9ale pour transporter la bo\u00eete \u00e0 matte Mirage, les filtres de la s\u00e9rie Illusion et divers accessoires.<\/p>\n<p>Cet \u00e9tui propose deux options : une qui peut accueillir la bo\u00eete matte ainsi que des filtres et une autre qui n&#8217;accueille que des filtres.<\/p>\n<p>L&#8217;\u00e9tui est fabriqu\u00e9 dans un mat\u00e9riau de haute qualit\u00e9, avec une conception renforc\u00e9e et tr\u00e8s r\u00e9sistante pour supporter une forte pression sans d\u00e9formation.<\/p>\n<p>La conception modulaire et la grande capacit\u00e9 de stockage de divers filtres et accessoires sont parfaites pour une utilisation quotidienne.<\/p>\n<p>&nbsp;<\/p>\n","protected":false},"excerpt":{"rendered":"<p>Voici l&#8217;\u00e9tui de transport avanc\u00e9 pour les filtres Tilta Mirage\/ 95mm Illusion. Cette mallette est la solution id\u00e9ale pour transporter la bo\u00eete \u00e0 matte Mirage, les filtres de la s\u00e9rie Illusion et divers accessoires. Cet \u00e9tui propose deux options : [&hellip;]<\/p>\n","protected":false},"featured_media":1980583,"comment_status":"closed","ping_status":"closed","template":"","meta":[],"product_cat":[2006,2008],"product_tag":[],"acf":[],"gallery_images":[1980585,1980587,1980589],"_links":{"self":[{"href":"https:\/\/eu.tilta.com\/fr\/wp-json\/wp\/v2\/product\/1980574"}],"collection":[{"href":"https:\/\/eu.tilta.com\/fr\/wp-json\/wp\/v2\/product"}],"about":[{"href":"https:\/\/eu.tilta.com\/fr\/wp-json\/wp\/v2\/types\/product"}],"replies":[{"embeddable":true,"href":"https:\/\/eu.tilta.com\/fr\/wp-json\/wp\/v2\/comments?post=1980574"}],"wp:featuredmedia":[{"embeddable":true,"href":"https:\/\/eu.tilta.com\/fr\/wp-json\/wp\/v2\/media\/1980583"}],"wp:attachment":[{"href":"https:\/\/eu.tilta.com\/fr\/wp-json\/wp\/v2\/media?parent=1980574"}],"wp:term":[{"taxonomy":"product_cat","embeddable":true,"href":"https:\/\/eu.tilta.com\/fr\/wp-json\/wp\/v2\/product_cat?post=1980574"},{"taxonomy":"product_tag","embeddable":true,"href":"https:\/\/eu.tilta.com\/fr\/wp-json\/wp\/v2\/product_tag?post=1980574"}],"curies":[{"name":"wp","href":"https:\/\/api.w.org\/{rel}","templated":true}]}}