{"id":1980651,"date":"2024-03-11T18:13:59","date_gmt":"2024-03-11T17:13:59","guid":{"rendered":"https:\/\/de.tilta.com\/shop\/tete-dabsorption-des-chocs-pour-hydra-arm-mini\/"},"modified":"2025-12-05T12:33:58","modified_gmt":"2025-12-05T11:33:58","slug":"shock-absorbing-head-for-hydra-arm-mini","status":"publish","type":"product","link":"https:\/\/eu.tilta.com\/fr\/shop\/shock-absorbing-head-for-hydra-arm-mini\/","title":{"rendered":"T\u00eate d&#8217;absorption des chocs pour Hydra Arm Mini"},"content":{"rendered":"<p>Cette t\u00eate d&#8217;absorption des chocs remplace celle fournie avec le Hydra Arm Mini.<\/p>\n<p>La t\u00eate d&#8217;absorption des chocs se fixe \u00e0 l&#8217;extr\u00e9mit\u00e9 du bras de l&#8217;Hydra Arm Mini et permet aux utilisateurs de monter un cardan \u00e0 l&#8217;aide de la plaque de fixation rapide du kit d&#8217;origine.<\/p>\n<p>La structure de cette t\u00eate permet d&#8217;absorber les micro-vibrations afin d&#8217;am\u00e9liorer les performances du cardan.<\/p>\n<p>Supporte une charge utile allant jusqu&#8217;\u00e0 22lbs ou 10kg.<\/p>\n<p><strong>Veuillez noter que la plaque de fixation rapide n\u00e9cessaire \u00e0 la fixation d&#8217;un cardan n&#8217;est pas incluse avec cette t\u00eate.  <\/strong><\/p>\n","protected":false},"excerpt":{"rendered":"<p>Cette t\u00eate d&#8217;absorption des chocs remplace celle fournie avec le Hydra Arm Mini. La t\u00eate d&#8217;absorption des chocs se fixe \u00e0 l&#8217;extr\u00e9mit\u00e9 du bras de l&#8217;Hydra Arm Mini et permet aux utilisateurs de monter un cardan \u00e0 l&#8217;aide de la [&hellip;]<\/p>\n","protected":false},"featured_media":1980652,"comment_status":"closed","ping_status":"closed","template":"","meta":[],"product_cat":[1888],"product_tag":[],"acf":[],"gallery_images":[1980653,1980654,1980655],"_links":{"self":[{"href":"https:\/\/eu.tilta.com\/fr\/wp-json\/wp\/v2\/product\/1980651"}],"collection":[{"href":"https:\/\/eu.tilta.com\/fr\/wp-json\/wp\/v2\/product"}],"about":[{"href":"https:\/\/eu.tilta.com\/fr\/wp-json\/wp\/v2\/types\/product"}],"replies":[{"embeddable":true,"href":"https:\/\/eu.tilta.com\/fr\/wp-json\/wp\/v2\/comments?post=1980651"}],"wp:featuredmedia":[{"embeddable":true,"href":"https:\/\/eu.tilta.com\/fr\/wp-json\/wp\/v2\/media\/1980652"}],"wp:attachment":[{"href":"https:\/\/eu.tilta.com\/fr\/wp-json\/wp\/v2\/media?parent=1980651"}],"wp:term":[{"taxonomy":"product_cat","embeddable":true,"href":"https:\/\/eu.tilta.com\/fr\/wp-json\/wp\/v2\/product_cat?post=1980651"},{"taxonomy":"product_tag","embeddable":true,"href":"https:\/\/eu.tilta.com\/fr\/wp-json\/wp\/v2\/product_tag?post=1980651"}],"curies":[{"name":"wp","href":"https:\/\/api.w.org\/{rel}","templated":true}]}}